{"id":17158,"date":"2026-02-11T12:02:46","date_gmt":"2026-02-11T11:02:46","guid":{"rendered":"https:\/\/rahtek-dz.com\/product\/frontline-tri-act-chien-pipettes\/"},"modified":"2026-02-11T12:02:46","modified_gmt":"2026-02-11T11:02:46","slug":"frontline-tri-act-chien-pipettes","status":"publish","type":"product","link":"https:\/\/rahtek-dz.com\/ar\/product\/frontline-tri-act-chien-pipettes\/","title":{"rendered":"Frontline Tri-Act Chien Pipettes"},"content":{"rendered":"<p>Frontline Tri-Act est une solution r\u00e9pulsive antiparasitaire pour chiens \u00e0 l&rsquo;efficacit\u00e9 ultra-rapide contre les puces, les tiques ainsi que les insectes volants. Cette solution existe pour les chiens allant de 2 \u00e0 60 kg. Mode d&rsquo;action des pipettes pour chien Frontline Tri-Act L&rsquo;arriv\u00e9e des beaux jours ne se fait pas sans l&rsquo;arriv\u00e9e des parasites&#8230; Malheureusement, ces petites b\u00eates peuvent \u00eatre dangereuses pour notre compagnon \u00e0 quatre pattes : elles sont source d&rsquo;inconfort et peuvent m\u00eame \u00eatre \u00e0 l&rsquo;origine de maladies parfois graves. C&rsquo;est pourquoi il est indispensable de traiter votre animal avec une solution antiparasitaire afin de le prot\u00e9ger efficacement. Frontline Tri-Act permet de lutter contre les parasites des chiens. Il est efficace contre les puces adultes, qu&rsquo;il \u00e9limine dans les 24 heures suivant leur arriv\u00e9e sur l&rsquo;animal ; les tiques , qui sont \u00e9limin\u00e9es dans les 48 heures suivant leur arriv\u00e9e sur l\u2019animal, afin de limiter le risque de transmission de maladies. Ce risque est maximal 48 heures apr\u00e8s fixation de la tique sur l\u2019animal. Frontline Tri-Act a \u00e9galement une efficacit\u00e9 r\u00e9pulsive contre les tiques qui transmettent la piroplasmose du chien. Enfin, Frontline Tri-Act repousse les phl\u00e9botomes, moustiques et mouches piqueuses gr\u00e2ce \u00e0 une action insecticide . Apr\u00e8s application de la pipette, le chien est prot\u00e9g\u00e9 des puces, des tiques, des moustiques et des moustiques tigres pendant 4 semaines. La protection contre les phl\u00e9botomes est garantie jusqu&rsquo;\u00e0 3 semaines ; 5 semaines pour les mouches. Pr\u00e9sentation propos\u00e9 par votre pharmacie en ligne pour Frontline Tri-Act Chien Pipettes : bo\u00eetes de 3 ou 6 pipettes (\u00e0 choisir en fonction du poids de l&rsquo;animal). Avis du \t\t\t\t\t\t\t                                                                                pharmacien \t\t\t\t\t\t\t                                                                                sur Frontline Tri-Act Chien Pipettes Frontline Tri-Act doit \u00eatre appliqu\u00e9 sur une peau s\u00e8che, id\u00e9alement en soir\u00e9e (l&rsquo;animal ne doit pas \u00eatre manipul\u00e9 tant que le produit n&rsquo;est pas sec).  En cas d&rsquo;infestation, malgr\u00e9 le traitement appliqu\u00e9 sur votre chien, nous vous conseillons de traiter \u00e9galement son environnement avec un produit adapt\u00e9, comme le spray Homegard Frontline par exemple. Pr\u00e9cautions d&#8217;emploi : Attention ne pas utiliser sur un chat (la mol\u00e9cule de Perm\u00e9thrine est toxique vore mortelle pour lui). Traiter tous les animaux du foyer avec des antiparasitaires adapt\u00e9s. Traiter r\u00e9guli\u00e8rement, tous les mois si n\u00e9cessaire.\u00a0Demandez conseil \u00e0 votre v\u00e9t\u00e9rinaire.\u00a0Choisissez une pipette adapt\u00e9e au poids de votre chien (XS, S, M, L ou XL). Votre chien doit \u00eatre \u00e2g\u00e9 d&rsquo;au moins 8 semaines. Guides \t\t\t\t\t\t                                                                                      de Frontline Tri-Act Chien Pipettes Guides pratiques Puces, tiques chez le chat et le chien Nos chats et nos chiens sont susceptibles d\u2019\u00eatre victimes de\u00a0parasites. Il en existe deux grands types : les parasites internes et &#8230; Marque Frontline R\u00e9f\u00e9rence(s) 3661103046844, 3661103046851, 3661103046868, 3661103046875, 3661103046882, 3661103071204, 3661103071211, 3661103071228, 3661103071235, 3661103071242 Mis \u00e0 jour le : 02\/02\/2026<\/p>","protected":false},"excerpt":{"rendered":"<p>Frontline Tri-Act est une solution r\u00e9pulsive antiparasitaire pour chiens \u00e0 l&rsquo;efficacit\u00e9 ultra-rapide contre les puces, les tiques ainsi que les<\/p>","protected":false},"featured_media":17157,"comment_status":"open","ping_status":"closed","template":"","meta":{"_acf_changed":false},"product_brand":[],"product_cat":[275],"product_tag":[],"class_list":{"0":"post-17158","1":"product","2":"type-product","3":"status-publish","4":"has-post-thumbnail","6":"product_cat-aide-technique","8":"first","9":"instock","10":"shipping-taxable","11":"product-type-simple"},"acf":[],"df_price":"","df_sale_price":"","df_regular_price":"","df_image_link":"https:\/\/rahtek-dz.com\/wp-content\/uploads\/2026\/02\/w-501-h-501-zc-2-frontline-tri-act-chien-pipettes-frontline30-1737379666.jpg-300x300.webp","_links":{"self":[{"href":"https:\/\/rahtek-dz.com\/ar\/wp-json\/wp\/v2\/product\/17158","targetHints":{"allow":["GET"]}}],"collection":[{"href":"https:\/\/rahtek-dz.com\/ar\/wp-json\/wp\/v2\/product"}],"about":[{"href":"https:\/\/rahtek-dz.com\/ar\/wp-json\/wp\/v2\/types\/product"}],"replies":[{"embeddable":true,"href":"https:\/\/rahtek-dz.com\/ar\/wp-json\/wp\/v2\/comments?post=17158"}],"wp:featuredmedia":[{"embeddable":true,"href":"https:\/\/rahtek-dz.com\/ar\/wp-json\/wp\/v2\/media\/17157"}],"wp:attachment":[{"href":"https:\/\/rahtek-dz.com\/ar\/wp-json\/wp\/v2\/media?parent=17158"}],"wp:term":[{"taxonomy":"product_brand","embeddable":true,"href":"https:\/\/rahtek-dz.com\/ar\/wp-json\/wp\/v2\/product_brand?post=17158"},{"taxonomy":"product_cat","embeddable":true,"href":"https:\/\/rahtek-dz.com\/ar\/wp-json\/wp\/v2\/product_cat?post=17158"},{"taxonomy":"product_tag","embeddable":true,"href":"https:\/\/rahtek-dz.com\/ar\/wp-json\/wp\/v2\/product_tag?post=17158"}],"curies":[{"name":"wp","href":"https:\/\/api.w.org\/{rel}","templated":true}]}}