{"id":17162,"date":"2026-02-11T12:02:46","date_gmt":"2026-02-11T11:02:46","guid":{"rendered":"https:\/\/rahtek-dz.com\/product\/biosynex-tensiometre-poignet\/"},"modified":"2026-02-11T12:02:46","modified_gmt":"2026-02-11T11:02:46","slug":"biosynex-tensiometre-poignet","status":"publish","type":"product","link":"https:\/\/rahtek-dz.com\/ar\/product\/biosynex-tensiometre-poignet\/","title":{"rendered":"Biosynex Tensiom\u00e8tre Poignet"},"content":{"rendered":"<p>Le tensiom\u00e8tre poignet propos\u00e9 par la marque Biosynex est un\u00a0dispositif m\u00e9dical qui permet de mesurer la pression art\u00e9rielle . Il s&rsquo;adresse aux\u00a0personnes qui ont besoin de surveiller leur tension de mani\u00e8re r\u00e9guli\u00e8re. Il existe un lien direct\u00a0entre la pression art\u00e9rielle au poignet et la tension art\u00e9rielle dans le bras. Ainsi,\u00a0les changements de pression art\u00e9rielle du poignet refl\u00e8tent les changements de tension art\u00e9rielle du bras. Des\u00a0mesures fr\u00e9quentes de la tension art\u00e9rielle du poignet fournissent alors une indication pr\u00e9cise de l&rsquo;\u00e9volution de la tension art\u00e9rielle r\u00e9elle. caract\u00e9ristiques du tensiom\u00e8tre poignet biosynex Ce tensiom\u00e8tre Biosynex est un tensiom\u00e8tre automatique qui fonctionne selon la\u00a0m\u00e9thode oscillom\u00e9trique. Il\u00a0capte le flux de sang dans l&rsquo;art\u00e8re situ\u00e9e au niveau du poignet puis convertit les mouvements en lecture num\u00e9rique. Il est \u00e9galement \u00e9quip\u00e9 d&rsquo;une fonction qui permet de\u00a0d\u00e9tecter l&rsquo;arythmie cardiaque. Gr\u00e2ce \u00e0 son \u00e9cran num\u00e9rique, le tensiom\u00e8tre poignet Biosynex offre une lecture facile des r\u00e9sultats. Il affiche la moyenne des 3 derni\u00e8res mesures et conserve en m\u00e9moire\u00a0jusqu&rsquo;\u00e0 60 mesures pour un suivi optimal. Son brassard universel pr\u00e9form\u00e9 est\u00a0r\u00e9glable (125-210 mm), facile \u00e0 positionner et confortable \u00e0 porter. Fourni avec une petite bo\u00eete de rangement, ce tensiom\u00e8tre se transporte sans probl\u00e8me et vous suivra dans vos d\u00e9placements. Le tensiom\u00e8tre poignet Biosynex est propos\u00e9 \u00e0 l&rsquo;unit\u00e9 sur notre pharmacie en ligne. La bo\u00eete contient 1 tensiom\u00e8tre poignet, 1 bo\u00eetier de rangement et 1 notice d&rsquo;utilisation. Avis du \t\t\t\t\t\t\t                                                                                pharmacien \t\t\t\t\t\t\t                                                                                sur Biosynex Tensiom\u00e8tre Poignet Lorsque vous utilisez le tensiom\u00e8tre poignet Biosynex, assurez-vous de suivre toutes les indications fournies par le fabricant. Toute action contraire \u00e0 ces indications peut affecter l&rsquo;exactitude du dispositif. Les mesures de la tension art\u00e9rielle ne doivent \u00eatre interpr\u00e9t\u00e9es que par un professionnel de sant\u00e9 qualifi\u00e9 qui connait vos ant\u00e9c\u00e9dents m\u00e9dicaux.  Effectuez vos mesures dans un endroit calme. Adoptez une position assise et d\u00e9tendue. Evitez de fumer, manger, prendre des m\u00e9dicaments, consommer de l&rsquo;alcool ou pratiquer une activit\u00e9 physique dans les 30 minutes qui pr\u00e9c\u00e8dent la mesure de la tension. Si vous pr\u00e9sentez des signes de stress, \u00e9vitez de prendre votre tension tant que cette sensation ne s&rsquo;est pas estomp\u00e9e. Reposez-vous 15 minutes avant de prendre votre tension. Enlevez tous les v\u00eatements ou les bijoux serr\u00e9s qui pourraient interf\u00e9rer avec le placement du brassard. Asseyez-vous \u00e0 une table ou un bureau avec vos pieds \u00e0 plat sur le sol. Posez le dos de la main sur la bo\u00eete du tensiom\u00e8tre, la paume vers le haut, de fa\u00e7on \u00e0 ce que l&rsquo;appareil se trouve au m\u00eame niveau que le coeur. Appliquez le brassard pr\u00e9form\u00e9 sur votre poignet de fa\u00e7on \u00e0 ce que l&rsquo;affichage num\u00e9rique soit face \u00e0 vous. Ajustez le brassard \u00e0 environ 1 cm de votre main. Maintenez le tensiom\u00e8tre stable pendant la mesure pour obtenir une lecture pr\u00e9cise. Restez immobile et ne parlez pas pendant la mesure. Enregistrez votre tension art\u00e9rielle quotidienne et les lectures de pulsation. Prenez votre tension toujours au m\u00eame moment, chaque jour ou selon les recommandations de votre m\u00e9decin pour obtenir une indication pr\u00e9cise de l&rsquo;\u00e9volution de votre tension art\u00e9rielle r\u00e9elle. Marque Biosynex R\u00e9f\u00e9rence(s) 3532678604435 Mis \u00e0 jour le : 09\/01\/2026<\/p>","protected":false},"excerpt":{"rendered":"<p>Le tensiom\u00e8tre poignet propos\u00e9 par la marque Biosynex est un\u00a0dispositif m\u00e9dical qui permet de mesurer la pression art\u00e9rielle . Il<\/p>","protected":false},"featured_media":17161,"comment_status":"open","ping_status":"closed","template":"","meta":{"_acf_changed":false},"product_brand":[],"product_cat":[275],"product_tag":[],"class_list":{"0":"post-17162","1":"product","2":"type-product","3":"status-publish","4":"has-post-thumbnail","6":"product_cat-aide-technique","8":"first","9":"instock","10":"shipping-taxable","11":"product-type-simple"},"acf":[],"df_price":"","df_sale_price":"","df_regular_price":"","df_image_link":"https:\/\/rahtek-dz.com\/wp-content\/uploads\/2026\/02\/w-501-h-501-zc-2-3532678604435-ld-0031-front-637b93ca8c45b.jpg-300x300.webp","_links":{"self":[{"href":"https:\/\/rahtek-dz.com\/ar\/wp-json\/wp\/v2\/product\/17162","targetHints":{"allow":["GET"]}}],"collection":[{"href":"https:\/\/rahtek-dz.com\/ar\/wp-json\/wp\/v2\/product"}],"about":[{"href":"https:\/\/rahtek-dz.com\/ar\/wp-json\/wp\/v2\/types\/product"}],"replies":[{"embeddable":true,"href":"https:\/\/rahtek-dz.com\/ar\/wp-json\/wp\/v2\/comments?post=17162"}],"wp:featuredmedia":[{"embeddable":true,"href":"https:\/\/rahtek-dz.com\/ar\/wp-json\/wp\/v2\/media\/17161"}],"wp:attachment":[{"href":"https:\/\/rahtek-dz.com\/ar\/wp-json\/wp\/v2\/media?parent=17162"}],"wp:term":[{"taxonomy":"product_brand","embeddable":true,"href":"https:\/\/rahtek-dz.com\/ar\/wp-json\/wp\/v2\/product_brand?post=17162"},{"taxonomy":"product_cat","embeddable":true,"href":"https:\/\/rahtek-dz.com\/ar\/wp-json\/wp\/v2\/product_cat?post=17162"},{"taxonomy":"product_tag","embeddable":true,"href":"https:\/\/rahtek-dz.com\/ar\/wp-json\/wp\/v2\/product_tag?post=17162"}],"curies":[{"name":"wp","href":"https:\/\/api.w.org\/{rel}","templated":true}]}}