{"id":17196,"date":"2026-02-11T12:02:48","date_gmt":"2026-02-11T11:02:48","guid":{"rendered":"https:\/\/rahtek-dz.com\/product\/mitosyl-creme-hydratante\/"},"modified":"2026-02-11T12:02:48","modified_gmt":"2026-02-11T11:02:48","slug":"mitosyl-creme-hydratante","status":"publish","type":"product","link":"https:\/\/rahtek-dz.com\/ar\/product\/mitosyl-creme-hydratante\/","title":{"rendered":"Mitosyl Cr\u00e8me Hydratante"},"content":{"rendered":"<p>La cr\u00e8me hydratante nourrissante Mitosyl est un soin qui hydrate et nourrit intens\u00e9ment la peau sensible et s\u00e8che . Adapt\u00e9e au visage et au corps, elle convient d\u00e8s la naissance et peut \u00eatre utilis\u00e9e quotidiennement par les parents pour les b\u00e9b\u00e9s et les enfants . Sa texture douce et non grasse p\u00e9n\u00e8tre facilement et laisse la peau souple, douce et d\u00e9licatement parfum\u00e9e. Elle aide \u00e0 apaiser les sensations de tiraillement tout en prot\u00e9geant la peau du dess\u00e8chement. Pourquoi choisir la cr\u00e8me hydratante Mitosyl ? Con\u00e7ue pour respecter la peau d\u00e9licate des tout-petits, la cr\u00e8me hydratante Mitosyl apporte une hydratation durable et un confort imm\u00e9diat. Elle nourrit intens\u00e9ment la peau, apaise les sensations d&rsquo;inconfort et aide \u00e0 pr\u00e9venir la s\u00e9cheresse cutan\u00e9e. Gr\u00e2ce \u00e0 son action protectrice, cette cr\u00e8me hydratante b\u00e9b\u00e9 laisse la peau plus souple, douce et visiblement bien hydrat\u00e9e jour apr\u00e8s jour. La formule de ce soin hydratant Mitosyl associe des ingr\u00e9dients reconnus pour leurs bienfaits. La glyc\u00e9rine agit comme un puissant humectant en attirant et en retenant l&rsquo;eau dans la peau, limitant ainsi la d\u00e9shydratation. L&rsquo;aloe vera, ensuite, hydrate, rafra\u00eechit et apaise les rougeurs et irritations l\u00e9g\u00e8res. Riche en acides gras essentiels, le beurre de karit\u00e9 nourrit intens\u00e9ment et aide \u00e0 r\u00e9parer la peau tandis que l&rsquo;huile de jojoba contribue \u00e0 maintenir son \u00e9lasticit\u00e9 et sa douceur. Adapt\u00e9e \u00e0 un usage quotidien, la cr\u00e8me hydratante nourrissante Mitosyl est dot\u00e9e d&rsquo;une texture non grasse qui permet une application facile et rapide, id\u00e9ale pour le soin quotidien des b\u00e9b\u00e9s et des enfants d\u00e8s la naissance. Conditionnement disponible sur notre pharmacie en ligne pour Mitosyl Cr\u00e8me Hydratante : flacon-pompe de 500 ml. Avis du \t\t\t\t\t\t\t                                                                                pharmacien \t\t\t\t\t\t\t                                                                                sur Mitosyl Cr\u00e8me Hydratante Appliquez une \u00e0 deux par jour sur une peau propre et s\u00e8che sur le visage et le corps puis massez d\u00e9licatement jusqu&rsquo;\u00e0 absorption compl\u00e8te.  Ne pas appliquer sur une peau irrit\u00e9e ou ab\u00eem\u00e9e.  D\u00e9couvrez \u00e9galement le gel lavant Mitosyl disponible sur notre pharmacie en ligne. Marque Mitosyl R\u00e9f\u00e9rence(s) 3615840000645 Mis \u00e0 jour le : 27\/01\/2026<\/p>","protected":false},"excerpt":{"rendered":"<p>La cr\u00e8me hydratante nourrissante Mitosyl est un soin qui hydrate et nourrit intens\u00e9ment la peau sensible et s\u00e8che . Adapt\u00e9e<\/p>","protected":false},"featured_media":17195,"comment_status":"open","ping_status":"closed","template":"","meta":{"_acf_changed":false},"product_brand":[],"product_cat":[275],"product_tag":[],"class_list":{"0":"post-17196","1":"product","2":"type-product","3":"status-publish","4":"has-post-thumbnail","6":"product_cat-aide-technique","8":"first","9":"instock","10":"shipping-taxable","11":"product-type-simple"},"acf":[],"df_price":"","df_sale_price":"","df_regular_price":"","df_image_link":"https:\/\/rahtek-dz.com\/wp-content\/uploads\/2026\/02\/w-501-h-501-zc-2-mitosyl-creme-hydratante-mitosyl4-1767011759.jpg-300x300.webp","_links":{"self":[{"href":"https:\/\/rahtek-dz.com\/ar\/wp-json\/wp\/v2\/product\/17196","targetHints":{"allow":["GET"]}}],"collection":[{"href":"https:\/\/rahtek-dz.com\/ar\/wp-json\/wp\/v2\/product"}],"about":[{"href":"https:\/\/rahtek-dz.com\/ar\/wp-json\/wp\/v2\/types\/product"}],"replies":[{"embeddable":true,"href":"https:\/\/rahtek-dz.com\/ar\/wp-json\/wp\/v2\/comments?post=17196"}],"wp:featuredmedia":[{"embeddable":true,"href":"https:\/\/rahtek-dz.com\/ar\/wp-json\/wp\/v2\/media\/17195"}],"wp:attachment":[{"href":"https:\/\/rahtek-dz.com\/ar\/wp-json\/wp\/v2\/media?parent=17196"}],"wp:term":[{"taxonomy":"product_brand","embeddable":true,"href":"https:\/\/rahtek-dz.com\/ar\/wp-json\/wp\/v2\/product_brand?post=17196"},{"taxonomy":"product_cat","embeddable":true,"href":"https:\/\/rahtek-dz.com\/ar\/wp-json\/wp\/v2\/product_cat?post=17196"},{"taxonomy":"product_tag","embeddable":true,"href":"https:\/\/rahtek-dz.com\/ar\/wp-json\/wp\/v2\/product_tag?post=17196"}],"curies":[{"name":"wp","href":"https:\/\/api.w.org\/{rel}","templated":true}]}}