{"id":17198,"date":"2026-02-11T12:02:48","date_gmt":"2026-02-11T11:02:48","guid":{"rendered":"https:\/\/rahtek-dz.com\/product\/oscillococcinum\/"},"modified":"2026-02-11T12:02:48","modified_gmt":"2026-02-11T11:02:48","slug":"oscillococcinum","status":"publish","type":"product","link":"https:\/\/rahtek-dz.com\/ar\/product\/oscillococcinum\/","title":{"rendered":"Oscillococcinum"},"content":{"rendered":"<p>Oscillococcinum est un m\u00e9dicament hom\u00e9opathique utilis\u00e9 dans le traitement des \u00e9tats grippaux : fi\u00e8vre, frissons, maux de t\u00eate, courbatures. Il se pr\u00e9sente sous la forme de granules en r\u00e9cipient unidose et s&rsquo;utilise chez l&rsquo;adulte et chez l&rsquo;enfant. OSCILLOCOCCINUM : TRAITEMENT DES SYMPT\u00d4MES DE LA GRIPPE Ce m\u00e9dicament hom\u00e9opathique s&rsquo;utilise aussi bien en pr\u00e9vention qu&rsquo;en traitement de l&rsquo;\u00e9tat grippal. Il vous aidera \u00e0 passer un hiver en bonne sant\u00e9 en luttant contre la fi\u00e8vre, les frissons, les courbatures ainsi que les maux de t\u00eate. Pour cela, il est conseill\u00e9 de commencer le traitement le plus t\u00f4t possible par voie sublinguale, d\u00e8s l&rsquo;apparition des premiers sympt\u00f4mes. Pr\u00e9sentations propos\u00e9es par votre pharmacie en ligne pour Oscillococcinum Granules :\u00a0Bo\u00eete de 6 r\u00e9cipients unidose (1 dose = 1 g de granules) ; Bo\u00eete de 30 r\u00e9cipients unidose. Posologie\u00a0OSCILLOCOCCINUM Le plus t\u00f4t possible, d\u00e8s l&rsquo;apparition des premiers sympt\u00f4mes de l&rsquo;\u00e9tat grippal, prendre une unidose d&rsquo;Oscillococcinum 3 fois par jour, pendant 1 \u00e0 3 jours. Chez l&rsquo;adulte\u00a0: faire fondre le contenu entier d&rsquo;une dose d&rsquo;Oscillococcinum sous la langue ou dans un peu d&rsquo;eau. Chez l&rsquo;enfant\u00a0: avant 6 ans, dissoudre les granules dans un peu d&rsquo;eau en raison du risque de fausse route. En pr\u00e9vention, prendre\u00a01 dose de globules d&rsquo;Oscillococcinum\u00a0par semaine durant la p\u00e9riode d&rsquo;exposition grippale :\u00a01 dose de granules le plus t\u00f4t possible d\u00e8s les premiers sympt\u00f4mes de l&rsquo;\u00e9tat grippal. R\u00e9p\u00e9ter \u00e9ventuellement 2 \u00e0 3 fois \u00e0 6 heures d&rsquo;intervalle. Avis du \t\t\t\t\t\t\t                                                                                pharmacien \t\t\t\t\t\t\t                                                                                sur Oscillococcinum Pr\u00e9cautions d&#8217;emploi :\u00a0Oscillococcinum ne peut se substituer \u00e0 la\u00a0vaccination\u00a0contre la grippe saisonni\u00e8re. Ce m\u00e9dicament contient du\u00a0saccharose. Son utilisation est d\u00e9conseill\u00e9e chez les patients pr\u00e9sentant une intol\u00e9rance au fructose, un syndrome de malabsorption du glucose et du galactose ou un d\u00e9ficit en sucrase\/isomaltase. Ce m\u00e9dicament contient du\u00a0lactose. Son utilisation est d\u00e9conseill\u00e9e chez les patients pr\u00e9sentant une intol\u00e9rance au galactose, un d\u00e9ficit en lactase de Lapp ou un syndrome de malabsorption du glucose ou du galactose (maladies h\u00e9r\u00e9ditaires rares). Ne prenez jamais Oscillococcinum\u00a0granules en r\u00e9cipient unidose, si vous \u00eates\u00a0allergique ou hypersensible\u00a0\u00e0 la substance active ou \u00e0 l\u2019un des autres composants contenus dans ce m\u00e9dicament. Si vous faites l\u2019objet d\u2019une prise contre-indiqu\u00e9e, consultez imm\u00e9diatement votre m\u00e9decin. Compte tenu de la hauteur de dilution, et malgr\u00e9 l\u2019absence de donn\u00e9es exp\u00e9rimentales et cliniques suffisantes, le m\u00e9dicament Boiron Oscillococcinum peut \u00eatre pris pendant la grossesse et durant l\u2019allaitement. En cas de doute, demandez l\u2019avis de votre m\u00e9decin ou pharmacien. Effets ind\u00e9sirables possibles : Comme tous les m\u00e9dicaments,\u00a0Oscillococcinum\u00a0peut provoquer des effets ind\u00e9sirables, mais ils ne surviennent pas de mani\u00e8re syst\u00e9matique. Pour plus d\u2019informations, vous pouvez vous reporter \u00e0 la notice de ce m\u00e9dicament Boiron. Mode d&rsquo;administration de ce m\u00e9dicament d&rsquo;hom\u00e9opathie : Ce produit se prend par voie sublinguale. Guides \t\t\t\t\t\t                                                                                      de Oscillococcinum Sant\u00e9 Grippe saisonni\u00e8re : pr\u00e9vention et traitement D&rsquo;origine virale, la grippe est une infection aigu\u00eb des voies respiratoires. On la dit saisonni\u00e8re car elle s\u00e9vit chaque &#8230; Marque Boiron R\u00e9f\u00e9rence(s) 3400930262047, 3400932811007, 3400941662003 Substance Active anas barbariae foie et coeur autolysat filtr\u00e9 [H] Mol\u00e9cules anas barbariae foie et coeur autolysat filtr\u00e9 [H] &#8211; lactose &#8211; saccharose Indications Hom\u00e9opathie &#8211; Etat grippal Excipient \u00e0 effet notoire lactose &#8211; saccharose Mis \u00e0 jour le : 22\/01\/2026<\/p>\n","protected":false},"excerpt":{"rendered":"<p>Oscillococcinum est un m\u00e9dicament hom\u00e9opathique utilis\u00e9 dans le traitement des \u00e9tats grippaux : fi\u00e8vre, frissons, maux de t\u00eate, courbatures. Il<\/p>","protected":false},"featured_media":17197,"comment_status":"open","ping_status":"closed","template":"","meta":{"_acf_changed":false},"product_brand":[],"product_cat":[275],"product_tag":[],"class_list":{"0":"post-17198","1":"product","2":"type-product","3":"status-publish","4":"has-post-thumbnail","6":"product_cat-aide-technique","8":"first","9":"instock","10":"shipping-taxable","11":"product-type-simple"},"acf":[],"df_price":"","df_sale_price":"","df_regular_price":"","df_image_link":"https:\/\/rahtek-dz.com\/wp-content\/uploads\/2026\/02\/w-501-h-501-zc-2-oscillococcinum-boiron7-1702309833.jpg-300x300.webp","_links":{"self":[{"href":"https:\/\/rahtek-dz.com\/ar\/wp-json\/wp\/v2\/product\/17198","targetHints":{"allow":["GET"]}}],"collection":[{"href":"https:\/\/rahtek-dz.com\/ar\/wp-json\/wp\/v2\/product"}],"about":[{"href":"https:\/\/rahtek-dz.com\/ar\/wp-json\/wp\/v2\/types\/product"}],"replies":[{"embeddable":true,"href":"https:\/\/rahtek-dz.com\/ar\/wp-json\/wp\/v2\/comments?post=17198"}],"wp:featuredmedia":[{"embeddable":true,"href":"https:\/\/rahtek-dz.com\/ar\/wp-json\/wp\/v2\/media\/17197"}],"wp:attachment":[{"href":"https:\/\/rahtek-dz.com\/ar\/wp-json\/wp\/v2\/media?parent=17198"}],"wp:term":[{"taxonomy":"product_brand","embeddable":true,"href":"https:\/\/rahtek-dz.com\/ar\/wp-json\/wp\/v2\/product_brand?post=17198"},{"taxonomy":"product_cat","embeddable":true,"href":"https:\/\/rahtek-dz.com\/ar\/wp-json\/wp\/v2\/product_cat?post=17198"},{"taxonomy":"product_tag","embeddable":true,"href":"https:\/\/rahtek-dz.com\/ar\/wp-json\/wp\/v2\/product_tag?post=17198"}],"curies":[{"name":"wp","href":"https:\/\/api.w.org\/{rel}","templated":true}]}}