{"id":17200,"date":"2026-02-11T12:02:48","date_gmt":"2026-02-11T11:02:48","guid":{"rendered":"https:\/\/rahtek-dz.com\/product\/claude-culotte-plastique-blanche\/"},"modified":"2026-02-11T12:02:48","modified_gmt":"2026-02-11T11:02:48","slug":"claude-culotte-plastique-blanche","status":"publish","type":"product","link":"https:\/\/rahtek-dz.com\/ar\/product\/claude-culotte-plastique-blanche\/","title":{"rendered":"Claude Culotte Plastique Blanche"},"content":{"rendered":"<p>La culotte plastique blanche Claude Doux Baby est destin\u00e9e aux personnes souffrant d&rsquo; incontinence ou d&rsquo; \u00e9nur\u00e9sie nocturne . Cette culotte s&rsquo;utilise la nuit pour assurer le maintien des protections, le confort de l&rsquo;utilisateur et la protection de la literie. quelles sont les caract\u00e9ristiques de la culotte plastique claude doux baby ? La culotte plastique Claude Doux Baby est une culotte ferm\u00e9e, lanolin\u00e9e et parfum\u00e9e. Elle s&rsquo;adresse aux personnes atteintes d&rsquo; incontinence l\u00e9g\u00e8re se manifestant par des fuites urinaires . Cette culotte plastique peut \u00e9galement \u00eatre conseill\u00e9e en cas d&rsquo;\u00e9nur\u00e9sie nocturne ou de r\u00e8gles abondantes. Le r\u00f4le de la culotte Claude Doux Baby est d&rsquo;imperm\u00e9abiliser les changes et protections anatomiques et de garantir leur maintien, en particulier durant la nuit. Par ailleurs, cette culotte va masquer les \u00e9ventuelles odeurs et prot\u00e9ger la literie, r\u00e9duisant ainsi l&rsquo;entretien du linge de lit li\u00e9 aux fuites nocturnes. De par sa composition 100 % PVC, la culotte Claude Doux Baby est \u00e0 la fois totalement imperm\u00e9able et r\u00e9sistante . Elle dispose d&rsquo;une poche int\u00e9rieure pour accueillir\u00a0 les protections, et de coutures lat\u00e9rales renforc\u00e9es afin d&rsquo;assurer l&rsquo;\u00e9tanch\u00e9it\u00e9. Enfin, gr\u00e2ce \u00e0 son \u00e9lasticit\u00e9, la culotte Claude Doux Baby s&rsquo;adapte \u00e0 la morphologie et offre un maximum de confort. 7 tailles propos\u00e9es : 38-40 ; 42-44 ; 46-48 ; 50-52 ; 54-56 ; 58-60 ; 62-64. Pr\u00e9sentation disponible pour Claude Culotte Plastique Blanche sur la pharmacie en ligne des Drakkars : Sachet contenant 1 culotte, taille au choix. Avis du \t\t\t\t\t\t\t                                                                                pharmacien \t\t\t\t\t\t\t                                                                                sur Claude Culotte Plastique Blanche La culotte Claude Doux Baby s&rsquo;enfile comme une culotte classique. Si vous l&rsquo;utilisez avec des protections, choisissez votre taille habituelle. En revanche, si vous la portez par-dessus un change, pr\u00e9f\u00e9rez une taille au-dessus pour un confort optimal.  Suivez les indications d&rsquo;entretien d\u00e9livr\u00e9es par le fabricant. Marque Clinibed R\u00e9f\u00e9rence(s) 3401560684766, 3401560684827, 3401560684995, 3401560685077, 3401560685138, 3401563892816, 3401563892984 Mis \u00e0 jour le : 07\/07\/2025<\/p>","protected":false},"excerpt":{"rendered":"<p>La culotte plastique blanche Claude Doux Baby est destin\u00e9e aux personnes souffrant d&rsquo; incontinence ou d&rsquo; \u00e9nur\u00e9sie nocturne . Cette<\/p>","protected":false},"featured_media":17199,"comment_status":"open","ping_status":"closed","template":"","meta":{"_acf_changed":false},"product_brand":[],"product_cat":[275],"product_tag":[],"class_list":{"0":"post-17200","1":"product","2":"type-product","3":"status-publish","4":"has-post-thumbnail","6":"product_cat-aide-technique","8":"first","9":"instock","10":"shipping-taxable","11":"product-type-simple"},"acf":[],"df_price":"","df_sale_price":"","df_regular_price":"","df_image_link":"https:\/\/rahtek-dz.com\/wp-content\/uploads\/2026\/02\/w-501-h-501-zc-2-claude-culotte-plastique-blanche-autre1-1745837872.png-300x300.webp","_links":{"self":[{"href":"https:\/\/rahtek-dz.com\/ar\/wp-json\/wp\/v2\/product\/17200","targetHints":{"allow":["GET"]}}],"collection":[{"href":"https:\/\/rahtek-dz.com\/ar\/wp-json\/wp\/v2\/product"}],"about":[{"href":"https:\/\/rahtek-dz.com\/ar\/wp-json\/wp\/v2\/types\/product"}],"replies":[{"embeddable":true,"href":"https:\/\/rahtek-dz.com\/ar\/wp-json\/wp\/v2\/comments?post=17200"}],"wp:featuredmedia":[{"embeddable":true,"href":"https:\/\/rahtek-dz.com\/ar\/wp-json\/wp\/v2\/media\/17199"}],"wp:attachment":[{"href":"https:\/\/rahtek-dz.com\/ar\/wp-json\/wp\/v2\/media?parent=17200"}],"wp:term":[{"taxonomy":"product_brand","embeddable":true,"href":"https:\/\/rahtek-dz.com\/ar\/wp-json\/wp\/v2\/product_brand?post=17200"},{"taxonomy":"product_cat","embeddable":true,"href":"https:\/\/rahtek-dz.com\/ar\/wp-json\/wp\/v2\/product_cat?post=17200"},{"taxonomy":"product_tag","embeddable":true,"href":"https:\/\/rahtek-dz.com\/ar\/wp-json\/wp\/v2\/product_tag?post=17200"}],"curies":[{"name":"wp","href":"https:\/\/api.w.org\/{rel}","templated":true}]}}