{"id":17202,"date":"2026-02-11T12:02:49","date_gmt":"2026-02-11T11:02:49","guid":{"rendered":"https:\/\/rahtek-dz.com\/product\/bd-plastipak-seringues-3-pieces-luer-lock\/"},"modified":"2026-02-11T12:02:49","modified_gmt":"2026-02-11T11:02:49","slug":"bd-plastipak-seringues-3-pieces-luer-lock","status":"publish","type":"product","link":"https:\/\/rahtek-dz.com\/ar\/product\/bd-plastipak-seringues-3-pieces-luer-lock\/","title":{"rendered":"BD Plastipak Seringues 3 pi\u00e8ces Luer Lock"},"content":{"rendered":"<p>La seringue BD Plastipak Luer Lock 3 pi\u00e8ces est une seringue utilisable pour des injections ou des pr\u00e9l\u00e8vements, munie d\u2019un\u00a0syst\u00e8me de verrouillage. Description de la seringue BD Plastipak Luer Lock 3 pi\u00e8ces La seringue BD Plastipak Luer Lock 3 pi\u00e8ces se compose de 3 parties : son corps principal, qui va permettre de recueillir le pr\u00e9l\u00e8vement ou le liquide \u00e0 injecter ; le piston contr\u00f4lant l\u2019injection ou la pr\u00e9l\u00e8vement ; son joint, qui va favoriser une \u00e9tanch\u00e9it\u00e9 de haute qualit\u00e9, pour une s\u00e9curisation totale de la pratique m\u00e9dicale. Utilisable en milieu hospitalier, la seringue BD Plastipak Luer Lock 3 pi\u00e8ces b\u00e9n\u00e9ficie d\u2019un syst\u00e8me de verrouillage qui va contribuer \u00e0 la s\u00e9curisation de l\u2019acte m\u00e9dical. La conception du joint en isopr\u00e8ne synth\u00e9tique et sans latex pr\u00e9sente une tol\u00e9rance optimale pour le patient. Les graduations sont tr\u00e8s pr\u00e9cises et lisibles au mililitre\u00a0pr\u00e8s , ce qui permet au praticien de b\u00e9n\u00e9ficier d\u2019un pr\u00e9l\u00e8vement ou d\u2019une injection de haute pr\u00e9cision. L\u2019\u00e9tanch\u00e9it\u00e9 de la seringue BD Plastipak Luer Lock est optimale, m\u00eame lors de l\u2019injection de produit \u00e9pais produisant une forte pression. La forme de son embout permet \u00e9galement une connexion \u00e0 un syst\u00e8me perfusion automatique , tel qu\u2019une pompe ou un pousse seringue. De m\u00eame, l\u2019ajout d\u2019une aiguille (non fournie) permet \u00e0 la seringue de devenir hypodermique et de faciliter l\u2019injection ou le pr\u00e9l\u00e8vement directement sur le patient. La seringue BD Plastipak Luer Lock 3 pi\u00e8ces est un outil m\u00e9dical \u00e0 usage unique qui ne doit pas \u00eatre r\u00e9utilis\u00e9. De plus, il est possible de la st\u00e9riliser \u00e0 l\u2019aide de rayons gamma, ou d\u2019oxyde d\u2019\u00e9thyl\u00e8ne . La Pharmacie des Drakkars vous propose les contenances suivantes pour la seringue BD Plastipak Luer Lock 3 pi\u00e8ces : 3 ml ; 5 ml ; 10 ml ; 20 ml ; 30 ml ; 50 ml. Retrouvez tous les produits et seringues BD Medical sur le site de votre pharmacie en ligne. Marque BD Medical R\u00e9f\u00e9rence(s) 2000090019775, 2000090019782, 2000090019874, 2000090019904, 2000090019911, 2000090019928 Mis \u00e0 jour le : 18\/06\/2025<\/p>","protected":false},"excerpt":{"rendered":"<p>La seringue BD Plastipak Luer Lock 3 pi\u00e8ces est une seringue utilisable pour des injections ou des pr\u00e9l\u00e8vements, munie d\u2019un\u00a0syst\u00e8me<\/p>","protected":false},"featured_media":17201,"comment_status":"open","ping_status":"closed","template":"","meta":{"_acf_changed":false},"product_brand":[],"product_cat":[275],"product_tag":[],"class_list":{"0":"post-17202","1":"product","2":"type-product","3":"status-publish","4":"has-post-thumbnail","6":"product_cat-aide-technique","8":"first","9":"instock","10":"shipping-taxable","11":"product-type-simple"},"acf":[],"df_price":"","df_sale_price":"","df_regular_price":"","df_image_link":"https:\/\/rahtek-dz.com\/wp-content\/uploads\/2026\/02\/w-501-h-501-zc-2-bd-plastipak-seringues-3-pieces-luer-lock-2-1599037736.jpg-300x300.webp","_links":{"self":[{"href":"https:\/\/rahtek-dz.com\/ar\/wp-json\/wp\/v2\/product\/17202","targetHints":{"allow":["GET"]}}],"collection":[{"href":"https:\/\/rahtek-dz.com\/ar\/wp-json\/wp\/v2\/product"}],"about":[{"href":"https:\/\/rahtek-dz.com\/ar\/wp-json\/wp\/v2\/types\/product"}],"replies":[{"embeddable":true,"href":"https:\/\/rahtek-dz.com\/ar\/wp-json\/wp\/v2\/comments?post=17202"}],"wp:featuredmedia":[{"embeddable":true,"href":"https:\/\/rahtek-dz.com\/ar\/wp-json\/wp\/v2\/media\/17201"}],"wp:attachment":[{"href":"https:\/\/rahtek-dz.com\/ar\/wp-json\/wp\/v2\/media?parent=17202"}],"wp:term":[{"taxonomy":"product_brand","embeddable":true,"href":"https:\/\/rahtek-dz.com\/ar\/wp-json\/wp\/v2\/product_brand?post=17202"},{"taxonomy":"product_cat","embeddable":true,"href":"https:\/\/rahtek-dz.com\/ar\/wp-json\/wp\/v2\/product_cat?post=17202"},{"taxonomy":"product_tag","embeddable":true,"href":"https:\/\/rahtek-dz.com\/ar\/wp-json\/wp\/v2\/product_tag?post=17202"}],"curies":[{"name":"wp","href":"https:\/\/api.w.org\/{rel}","templated":true}]}}