{"id":17204,"date":"2026-02-11T12:02:49","date_gmt":"2026-02-11T11:02:49","guid":{"rendered":"https:\/\/rahtek-dz.com\/product\/pranarom-huile-essentielle-de-lavande-vraie\/"},"modified":"2026-02-11T12:02:49","modified_gmt":"2026-02-11T11:02:49","slug":"pranarom-huile-essentielle-de-lavande-vraie","status":"publish","type":"product","link":"https:\/\/rahtek-dz.com\/ar\/product\/pranarom-huile-essentielle-de-lavande-vraie\/","title":{"rendered":"Pranar\u00f4m Huile Essentielle de Lavande Vraie"},"content":{"rendered":"<p>L&rsquo; huile essentielle de Lavande Vraie ou Officinale est l&rsquo;une des huiles essentielles les plus utilis\u00e9es en aromath\u00e9rapie. Elle allie une parfaite innocuit\u00e9 \u00e0 une excellente tol\u00e9rance, ce qui la convertit en une huile essentielle indispensable \u00e0 toute pharmacie aromatique. Caract\u00e9ristiques de l&rsquo;huile essentielle de Lavande vraie Pranar\u00f4m Celle-ci est obtenue par distillation de la sommit\u00e9 fleurie de Lavandula angustifolia , les mol\u00e9cules aromatiques r\u00e9vel\u00e9es par le ch\u00e9motye sont\u00a0Linalol, ac\u00e9tate de linalyle. L&rsquo;huile essentielle de Lavande Vraie contribuerait \u00e0 traiter les petites affections de la peau telles que les mycoses, les coups de soleil ou encore les d\u00e9mangeaisons gr\u00e2ce \u00e0 ses propri\u00e9t\u00e9s cicatrisantes, antiseptiques et antimicrobiennes. Elle favoriserait \u00e9galement un sommeil plus rapide et plus r\u00e9parateur . Cette huile essentielle de Lavande Vraie est \u00e9galement disponible sous forme de perles d&rsquo;huile essentielle de Lavande Vraie pr\u00eates \u00e0 l&#8217;emploi. Pr\u00e9sentations\u00a0propos\u00e9es par votre pharmacie en ligne pour l&rsquo;huile essentielle de Lavande Vraie Pranar\u00f4m : Flacon de 10 ml ; Flacon de 10 ml version Bio ; Flacon de 30 ml version Bio. Avis du \t\t\t\t\t\t\t                                                                                pharmacien \t\t\t\t\t\t\t                                                                                sur Pranar\u00f4m Huile Essentielle de Lavande Vraie Prendre 1 \u00e0 2 gouttes d&rsquo;huile essentielle de Lavande Vraie sur un comprim\u00e9 neutre \u00e0 raison de 2 fois par jour. Ne pas d\u00e9passer la dose journali\u00e8re de 4 gouttes.  Pour un sommeil plus r\u00e9parateur, vous pouvez d\u00e9poser 2 gouttes d&rsquo;huile essentielle de Lavande Vraie sur le revers du col de votre pyjama ou sur la taie d&rsquo;oreiller. Pr\u00e9cautions d&#8217;emploi : Ne pas utiliser pendant la grossesse sans avis d&rsquo;un m\u00e9decin. Ne pas utiliser chez l&rsquo;enfant de moins de 3 mois ainsi que chez le sujet asthmatique sans demander conseil au m\u00e9decin. A conserver \u00e0 l&rsquo;abri de toute source de chaleur et de la lumi\u00e8re. Tenir hors de la port\u00e9e et de la vue des enfants. Fiches \t\t\t\t\t\t                                                                                      conseils Guides pratiques La diffusion des huiles essentielles : que faut-il savoir ? La diffusion atmosph\u00e9rique est une des techniques d&rsquo;utilisation des huiles essentielles. Purifier et assainir l&rsquo;air, se relaxer, &#8230; Marque Pranarom R\u00e9f\u00e9rence(s) 5420008503467, 5420008524493, 5420008528101 Type de peau Mixte \u00e0 grasse Mis \u00e0 jour le : 04\/12\/2025<\/p>","protected":false},"excerpt":{"rendered":"<p>L&rsquo; huile essentielle de Lavande Vraie ou Officinale est l&rsquo;une des huiles essentielles les plus utilis\u00e9es en aromath\u00e9rapie. Elle allie<\/p>","protected":false},"featured_media":17203,"comment_status":"open","ping_status":"closed","template":"","meta":{"_acf_changed":false},"product_brand":[],"product_cat":[275],"product_tag":[],"class_list":{"0":"post-17204","1":"product","2":"type-product","3":"status-publish","4":"has-post-thumbnail","6":"product_cat-aide-technique","8":"first","9":"instock","10":"shipping-taxable","11":"product-type-simple"},"acf":[],"df_price":"","df_sale_price":"","df_regular_price":"","df_image_link":"https:\/\/rahtek-dz.com\/wp-content\/uploads\/2026\/02\/w-501-h-501-zc-2-pranarom-huile-essentielle-de-lavande-vraie-pranarom10-1741605527.jpg-300x300.webp","_links":{"self":[{"href":"https:\/\/rahtek-dz.com\/ar\/wp-json\/wp\/v2\/product\/17204","targetHints":{"allow":["GET"]}}],"collection":[{"href":"https:\/\/rahtek-dz.com\/ar\/wp-json\/wp\/v2\/product"}],"about":[{"href":"https:\/\/rahtek-dz.com\/ar\/wp-json\/wp\/v2\/types\/product"}],"replies":[{"embeddable":true,"href":"https:\/\/rahtek-dz.com\/ar\/wp-json\/wp\/v2\/comments?post=17204"}],"wp:featuredmedia":[{"embeddable":true,"href":"https:\/\/rahtek-dz.com\/ar\/wp-json\/wp\/v2\/media\/17203"}],"wp:attachment":[{"href":"https:\/\/rahtek-dz.com\/ar\/wp-json\/wp\/v2\/media?parent=17204"}],"wp:term":[{"taxonomy":"product_brand","embeddable":true,"href":"https:\/\/rahtek-dz.com\/ar\/wp-json\/wp\/v2\/product_brand?post=17204"},{"taxonomy":"product_cat","embeddable":true,"href":"https:\/\/rahtek-dz.com\/ar\/wp-json\/wp\/v2\/product_cat?post=17204"},{"taxonomy":"product_tag","embeddable":true,"href":"https:\/\/rahtek-dz.com\/ar\/wp-json\/wp\/v2\/product_tag?post=17204"}],"curies":[{"name":"wp","href":"https:\/\/api.w.org\/{rel}","templated":true}]}}