{"id":17206,"date":"2026-02-11T12:02:49","date_gmt":"2026-02-11T11:02:49","guid":{"rendered":"https:\/\/rahtek-dz.com\/product\/strantel-vermifuge-chat\/"},"modified":"2026-02-11T12:02:49","modified_gmt":"2026-02-11T11:02:49","slug":"strantel-vermifuge-chat","status":"publish","type":"product","link":"https:\/\/rahtek-dz.com\/ar\/product\/strantel-vermifuge-chat\/","title":{"rendered":"Strantel Vermifuge Chat"},"content":{"rendered":"<p>Strantel de Cl\u00e9ment Th\u00e9kan est un vermifuge pour chats qui permet de lutter contre les infestations de vers gastro-intestinaux. Mode d&rsquo;action de Cl\u00e9ment Th\u00e9kan Strantel Vermifuge Chat Le vermifuge pour chat Strantel de Cl\u00e9ment Th\u00e9kan est formul\u00e9 \u00e0 base de praziquantel et de pyrantel, dans le but de traiter les chats contre les infestations mixtes par les n\u00e9matodes et les cestides gastro-intestinaux : les vers ronds et les vers plats . Pr\u00e9parations propos\u00e9es par votre pharmacien en ligne :\u00a0bo\u00eete de 2 comprim\u00e9s s\u00e9cables ou\u00a0bo\u00eete de 4 comprim\u00e9s s\u00e9cables. Avis du \t\t\t\t\t\t\t                                                                                pharmacien \t\t\t\t\t\t\t                                                                                sur Strantel Vermifuge Chat Pour un dosage correct, le poids de l&rsquo;animal doit \u00eatre d\u00e9termin\u00e9 pr\u00e9cis\u00e9ment en amont de l&rsquo;administration de Strantel. Il est recommand\u00e9 d&rsquo;administrer 20mg de pyrantel et 5mg de praziquantel par kg de poids corporel. 1 comprim\u00e9 \u00e9quivaut \u00e0 4kg de poids corporel :  Pour un chat de 1 \u00e0 2 kg : 1\/2 comprim\u00e9 ; pour un\u00a0chat de 2,1 \u00e0 4 kg : 1 comprim\u00e9 ; pour un\u00a0chat de 4,1 \u00e0 6kg : 1 comprim\u00e9 et 1\/2 et pour un\u00a0chat de 6.1 \u00e0 8 kg : 2 comprim\u00e9s.  Administrez le comprim\u00e9 par voie orale. Il peut \u00eatre directement donn\u00e9 au chat ou m\u00e9lang\u00e9 dans la nourriture. Pr\u00e9cautions d&#8217;emploi : Ne pas utiliser chez le chaton de moins de 6 semaines. Ne pas utiliser en cas d&rsquo;hypersensibilit\u00e9 \u00e0 l&rsquo;une des substances actives ou \u00e0 l&rsquo;un des excipients. Tenir hors de la port\u00e9e des enfants. Ne pas utiliser pendant la gestation mais peut \u00eatre utilis\u00e9 pendant la lactation. Bien se laver les mains apr\u00e8s administration du vermifuge. Guides \t\t\t\t\t\t                                                                                      de Strantel Vermifuge Chat Guides pratiques Vermifuge pour chat La vermifugation permet de d\u00e9barrasser le chat des parasites qu\u2019il h\u00e9berge dans son tube digestif. Bien qu\u2019un chat &#8230; Marque Cl\u00e9ment Th\u00e9kan R\u00e9f\u00e9rence(s) 3595890215537, 3595890215964 Animal Chat Mis \u00e0 jour le : 19\/01\/2026<\/p>","protected":false},"excerpt":{"rendered":"<p>Strantel de Cl\u00e9ment Th\u00e9kan est un vermifuge pour chats qui permet de lutter contre les infestations de vers gastro-intestinaux. Mode<\/p>","protected":false},"featured_media":17205,"comment_status":"open","ping_status":"closed","template":"","meta":{"_acf_changed":false},"product_brand":[],"product_cat":[275],"product_tag":[],"class_list":{"0":"post-17206","1":"product","2":"type-product","3":"status-publish","4":"has-post-thumbnail","6":"product_cat-aide-technique","8":"first","9":"instock","10":"shipping-taxable","11":"product-type-simple"},"acf":[],"df_price":"","df_sale_price":"","df_regular_price":"","df_image_link":"https:\/\/rahtek-dz.com\/wp-content\/uploads\/2026\/02\/w-501-h-501-zc-2-strantel-vermifuge-chat-clement-thekan14-1757428614.jpg-300x300.webp","_links":{"self":[{"href":"https:\/\/rahtek-dz.com\/ar\/wp-json\/wp\/v2\/product\/17206","targetHints":{"allow":["GET"]}}],"collection":[{"href":"https:\/\/rahtek-dz.com\/ar\/wp-json\/wp\/v2\/product"}],"about":[{"href":"https:\/\/rahtek-dz.com\/ar\/wp-json\/wp\/v2\/types\/product"}],"replies":[{"embeddable":true,"href":"https:\/\/rahtek-dz.com\/ar\/wp-json\/wp\/v2\/comments?post=17206"}],"wp:featuredmedia":[{"embeddable":true,"href":"https:\/\/rahtek-dz.com\/ar\/wp-json\/wp\/v2\/media\/17205"}],"wp:attachment":[{"href":"https:\/\/rahtek-dz.com\/ar\/wp-json\/wp\/v2\/media?parent=17206"}],"wp:term":[{"taxonomy":"product_brand","embeddable":true,"href":"https:\/\/rahtek-dz.com\/ar\/wp-json\/wp\/v2\/product_brand?post=17206"},{"taxonomy":"product_cat","embeddable":true,"href":"https:\/\/rahtek-dz.com\/ar\/wp-json\/wp\/v2\/product_cat?post=17206"},{"taxonomy":"product_tag","embeddable":true,"href":"https:\/\/rahtek-dz.com\/ar\/wp-json\/wp\/v2\/product_tag?post=17206"}],"curies":[{"name":"wp","href":"https:\/\/api.w.org\/{rel}","templated":true}]}}