{"id":17208,"date":"2026-02-11T12:02:49","date_gmt":"2026-02-11T11:02:49","guid":{"rendered":"https:\/\/rahtek-dz.com\/product\/fero-grad-vitamine-c-500\/"},"modified":"2026-02-11T12:02:49","modified_gmt":"2026-02-11T11:02:49","slug":"fero-grad-vitamine-c-500","status":"publish","type":"product","link":"https:\/\/rahtek-dz.com\/ar\/product\/fero-grad-vitamine-c-500\/","title":{"rendered":"Fero-Grad Vitamine C 500"},"content":{"rendered":"<p>Fero-grad Vitamine C 500 30 comprim\u00e9s est un m\u00e9dicament r\u00e9serv\u00e9 \u00e0 l&rsquo;adulte et prescrit chez les personnes souffrant d&rsquo;an\u00e9mie par carence martiale. Les comprim\u00e9s de Fero-grad Vitamine C 500 peuvent \u00e9galement \u00eatre indiqu\u00e9s pour le traitement pr\u00e9ventif de la carence martiale chez la femme enceinte. Fero-Grad Vitamine C 500 est ici pr\u00e9sent\u00e9 sous forme de comprim\u00e9s enrob\u00e9s. Posologie pour Fero-grad Vitamine C 500 en comprim\u00e9s La posologie des comprim\u00e9s Fero-Grad Vitamine C 500 doit \u00eatre adapt\u00e9e au profil du patient. En traitement curatif, la dose recommand\u00e9e est de 100 \u00e0 200 mg de fer m\u00e9tal par jour, soit 1 \u00e0 2 comprim\u00e9s par jour de Fero-Grad Vitamine C. En traitement pr\u00e9ventif chez la femme enceinte, la dose prescrite de Fero-Grad Vitamine C 500 est en moyenne d&rsquo;1 comprim\u00e9 par jour, pendant les deux derniers trimestres de la grossesse, ou \u00e0 partir du 4\u00e8me mois. Le traitement doit se prolonger suffisamment (de 3 \u00e0 6 mois) afin de corriger l&rsquo;an\u00e9mie et restaurer les r\u00e9serves en fer qui sont d&rsquo;environ 1000 mg pour l&rsquo;adulte. Pour la prise de Fero-Grad Vitamine C 500, les comprim\u00e9s ne doivent pas \u00eatre suc\u00e9s, m\u00e2ch\u00e9s ou gard\u00e9s dans la bouche, mais aval\u00e9s entiers avec de l&rsquo;eau. Avis du \t\t\t\t\t\t\t                                                                                pharmacien \t\t\t\t\t\t\t                                                                                sur Fero-Grad Vitamine C 500 Il est recommand\u00e9 de prendre les comprim\u00e9s de Fero-grad Vitamine C 500 avant ou pendant les repas, en fonction de votre tol\u00e9rance gastro-intestinale. Afin de limiter les effets ind\u00e9sirables et \u00e0 cause des effets stimulants de la vitamine C, il est conseill\u00e9 de prendre ce m\u00e9dicament \u00e0 jeun le matin ou avant le d\u00e9jeuner. Marque Teofarma R\u00e9f\u00e9rence(s) 3400931187943 Forme gal\u00e9nique comprim\u00e9 enrob\u00e9 Mol\u00e9cules talc &#8211; titane dioxyde &#8211; sulfate ferreux &#8211; povidone &#8211; acide ascorbique (500.0 mg) &#8211; amidon de ma\u00efs &#8211; cellulose microcristalline &#8211; copolym\u00e8re d&rsquo;acrylate et de m\u00e9thacrylate de m\u00e9thyle &#8211; \u00e9thylcellulose &#8211; hypromellose &#8211; jaune de quinol\u00e9ine &#8211; lactose monohydrate &#8211; macrogol 400 &#8211; macrogol 8000 &#8211; magn\u00e9sium st\u00e9arate Substance Active acide ascorbique &#8211; sulfate ferreux Excipient amidon de ma\u00efs &#8211; cellulose microcristalline &#8211; copolym\u00e8re d&rsquo;acrylate et de m\u00e9thacrylate de m\u00e9thyle &#8211; \u00e9thylcellulose &#8211; hypromellose &#8211; jaune de quinol\u00e9ine &#8211; macrogol 400 &#8211; macrogol 8000 &#8211; magn\u00e9sium st\u00e9arate &#8211; povidone &#8211; talc &#8211; titane dioxyde Indications An\u00e9mie par carence en fer &#8211; Carence en fer &#8211; D\u00e9nutrition et carence &#8211; Grossesse normale &#8211; Pr\u00e9vention des carences Excipient \u00e0 effet notoire lactose monohydrate Mis \u00e0 jour le : 14\/01\/2026<\/p>","protected":false},"excerpt":{"rendered":"<p>Fero-grad Vitamine C 500 30 comprim\u00e9s est un m\u00e9dicament r\u00e9serv\u00e9 \u00e0 l&rsquo;adulte et prescrit chez les personnes souffrant d&rsquo;an\u00e9mie par<\/p>","protected":false},"featured_media":17207,"comment_status":"open","ping_status":"closed","template":"","meta":{"_acf_changed":false},"product_brand":[],"product_cat":[275],"product_tag":[],"class_list":{"0":"post-17208","1":"product","2":"type-product","3":"status-publish","4":"has-post-thumbnail","6":"product_cat-aide-technique","8":"first","9":"instock","10":"shipping-taxable","11":"product-type-simple"},"acf":[],"df_price":"","df_sale_price":"","df_regular_price":"","df_image_link":"https:\/\/rahtek-dz.com\/wp-content\/uploads\/2026\/02\/w-501-h-501-zc-2-fero-grad-vitamine-c-500-autre4-1744713825.jpg-300x300.webp","_links":{"self":[{"href":"https:\/\/rahtek-dz.com\/ar\/wp-json\/wp\/v2\/product\/17208","targetHints":{"allow":["GET"]}}],"collection":[{"href":"https:\/\/rahtek-dz.com\/ar\/wp-json\/wp\/v2\/product"}],"about":[{"href":"https:\/\/rahtek-dz.com\/ar\/wp-json\/wp\/v2\/types\/product"}],"replies":[{"embeddable":true,"href":"https:\/\/rahtek-dz.com\/ar\/wp-json\/wp\/v2\/comments?post=17208"}],"wp:featuredmedia":[{"embeddable":true,"href":"https:\/\/rahtek-dz.com\/ar\/wp-json\/wp\/v2\/media\/17207"}],"wp:attachment":[{"href":"https:\/\/rahtek-dz.com\/ar\/wp-json\/wp\/v2\/media?parent=17208"}],"wp:term":[{"taxonomy":"product_brand","embeddable":true,"href":"https:\/\/rahtek-dz.com\/ar\/wp-json\/wp\/v2\/product_brand?post=17208"},{"taxonomy":"product_cat","embeddable":true,"href":"https:\/\/rahtek-dz.com\/ar\/wp-json\/wp\/v2\/product_cat?post=17208"},{"taxonomy":"product_tag","embeddable":true,"href":"https:\/\/rahtek-dz.com\/ar\/wp-json\/wp\/v2\/product_tag?post=17208"}],"curies":[{"name":"wp","href":"https:\/\/api.w.org\/{rel}","templated":true}]}}