{"id":17212,"date":"2026-02-11T12:02:50","date_gmt":"2026-02-11T11:02:50","guid":{"rendered":"https:\/\/rahtek-dz.com\/product\/omacor\/"},"modified":"2026-02-11T12:02:50","modified_gmt":"2026-02-11T11:02:50","slug":"omacor","status":"publish","type":"product","link":"https:\/\/rahtek-dz.com\/ar\/product\/omacor\/","title":{"rendered":"Omacor"},"content":{"rendered":"<p>Omacor est un m\u00e9dicament destin\u00e9 \u00e0 r\u00e9duire le taux de cholest\u00e9rol et de triglyc\u00e9rides dans le sang. R\u00e9serv\u00e9 \u00e0 l&rsquo;adulte, ce traitement anti-cholest\u00e9rol\u00a0est propos\u00e9 par le laboratoire Pierre Fabre.\u00a0 Les principes actifs d&rsquo;Omacor sont les esters \u00e9thyliques 90 d&rsquo;acides om\u00e9ga-3 (1000 mg par capsule molle), Le m\u00e9dicament Omacor peut \u00eatre utilis\u00e9 en tant que traitement adjuvant suite \u00e0 un infarctus du myocarde (crise cardiaque) , en pr\u00e9vention d&rsquo;une r\u00e9cidive et associ\u00e9 \u00e0 d&rsquo;autres traitements principaux. Omacor est g\u00e9n\u00e9ralement employ\u00e9 pour traiter les cas d&rsquo;hypertriglyc\u00e9rid\u00e9mies (exc\u00e8s de graisse dans le sang), en compl\u00e9ment d&rsquo;un r\u00e9gime dont le suivi n&rsquo;a pas suffi \u00e0 obtenir des r\u00e9sultats. Prise d&rsquo;Omacor en capsules Le dosage d&rsquo;Omacor est adapt\u00e9 en fonction de votre pathologie : Suite \u00e0 un infarctus du myocarde : 1\u00a0capsule molle Omacor par jour. Pour traiter les hypertriglyc\u00e9rid\u00e9mies : la dose quotidienne initiale recommand\u00e9e d&rsquo;Omacor est de 2\u00a0capsules molles par jour. Sans r\u00e9sultats, la dose peut ensuite \u00eatre augment\u00e9e jusqu&rsquo;\u00e0 4\u00a0capsules molles par jour. Il est recommand\u00e9 d&rsquo;ing\u00e9rer les capsules molles Omacor au cours des repas afin d&rsquo;\u00e9viter la survenue de troubles gastro-intestinaux. Omacor n&rsquo;est pas indiqu\u00e9 pour une utilisation chez l&rsquo;enfant. Pr\u00e9sentation d&rsquo;Omacor : capsules molles, flacon de 28 capsules, \u00e0 avaler avec un verre d&rsquo;eau pendant les repas. Marque Pierre Fabre R\u00e9f\u00e9rence(s) 3400935702586 Forme gal\u00e9nique capsule molle Excipient triglyc\u00e9rides \u00e0 chaine moyenne &#8211; glyc\u00e9rol &#8211; g\u00e9latine &#8211; eau purifi\u00e9e &#8211; alpha-tocoph\u00e9rol Substance Active esters \u00e9thyliques d&rsquo;acides om\u00e9ga 3 Mol\u00e9cules triglyc\u00e9rides \u00e0 chaine moyenne &#8211; soja l\u00e9cithine &#8211; glyc\u00e9rol &#8211; g\u00e9latine &#8211; esters \u00e9thyliques d&rsquo;acides om\u00e9ga 3 (1.0 g) &#8211; eau purifi\u00e9e &#8211; alpha-tocoph\u00e9rol Indications Infarctus du myocarde, suites et pr\u00e9vention des r\u00e9cidives &#8211; Infarctus du myocarde \u00e0 la phase aigu\u00eb &#8211; Hyperlipid\u00e9mie Excipient \u00e0 effet notoire soja l\u00e9cithine Mis \u00e0 jour le : 29\/01\/2025<\/p>","protected":false},"excerpt":{"rendered":"<p>Omacor est un m\u00e9dicament destin\u00e9 \u00e0 r\u00e9duire le taux de cholest\u00e9rol et de triglyc\u00e9rides dans le sang. R\u00e9serv\u00e9 \u00e0 l&rsquo;adulte,<\/p>","protected":false},"featured_media":17211,"comment_status":"open","ping_status":"closed","template":"","meta":{"_acf_changed":false},"product_brand":[],"product_cat":[275],"product_tag":[],"class_list":{"0":"post-17212","1":"product","2":"type-product","3":"status-publish","4":"has-post-thumbnail","6":"product_cat-aide-technique","8":"first","9":"instock","10":"shipping-taxable","11":"product-type-simple"},"acf":[],"df_price":"","df_sale_price":"","df_regular_price":"","df_image_link":"https:\/\/rahtek-dz.com\/wp-content\/uploads\/2026\/02\/w-501-h-501-zc-2-omacor-pierre-fabre4-1692345462.jpg-300x300.webp","_links":{"self":[{"href":"https:\/\/rahtek-dz.com\/ar\/wp-json\/wp\/v2\/product\/17212","targetHints":{"allow":["GET"]}}],"collection":[{"href":"https:\/\/rahtek-dz.com\/ar\/wp-json\/wp\/v2\/product"}],"about":[{"href":"https:\/\/rahtek-dz.com\/ar\/wp-json\/wp\/v2\/types\/product"}],"replies":[{"embeddable":true,"href":"https:\/\/rahtek-dz.com\/ar\/wp-json\/wp\/v2\/comments?post=17212"}],"wp:featuredmedia":[{"embeddable":true,"href":"https:\/\/rahtek-dz.com\/ar\/wp-json\/wp\/v2\/media\/17211"}],"wp:attachment":[{"href":"https:\/\/rahtek-dz.com\/ar\/wp-json\/wp\/v2\/media?parent=17212"}],"wp:term":[{"taxonomy":"product_brand","embeddable":true,"href":"https:\/\/rahtek-dz.com\/ar\/wp-json\/wp\/v2\/product_brand?post=17212"},{"taxonomy":"product_cat","embeddable":true,"href":"https:\/\/rahtek-dz.com\/ar\/wp-json\/wp\/v2\/product_cat?post=17212"},{"taxonomy":"product_tag","embeddable":true,"href":"https:\/\/rahtek-dz.com\/ar\/wp-json\/wp\/v2\/product_tag?post=17212"}],"curies":[{"name":"wp","href":"https:\/\/api.w.org\/{rel}","templated":true}]}}