{"id":17214,"date":"2026-02-11T12:02:50","date_gmt":"2026-02-11T11:02:50","guid":{"rendered":"https:\/\/rahtek-dz.com\/product\/musc-intime-parfum-cheveux\/"},"modified":"2026-02-11T12:02:50","modified_gmt":"2026-02-11T11:02:50","slug":"musc-intime-parfum-cheveux","status":"publish","type":"product","link":"https:\/\/rahtek-dz.com\/ar\/product\/musc-intime-parfum-cheveux\/","title":{"rendered":"Musc Intime Parfum Cheveux"},"content":{"rendered":"<p>Propos\u00e9 en deux fragrances inimitables, le parfum cheveux Musc Intime offre douceur, fra\u00eecheur et \u00e9l\u00e9gance \u00e0 chaque utilisation. Il apporte une senteur d\u00e9licate \u00e0 la chevelure tout en prenant soin de la fibre capillaire. Les cheveux sont ainsi souples et soyeux. Quels sont les int\u00e9r\u00eats du parfum cheveux Musc Intime ? Enrichi \u00e0 la prot\u00e9ine de soie, ce soin Musc Intime est un parfum aux multiples bienfaits pour les cheveux. Il offre une exp\u00e9rience sensorielle incomparable gr\u00e2ce \u00e0 ses notes olfactives raffin\u00e9es qui tiennent durant toute la journ\u00e9e. Il diffuse un sillage durable et agr\u00e9able qui n&rsquo;alourdit pas et qui pr\u00e9serve l&rsquo;hydratation des cheveux. Le parfum cheveux Musc Intime enveloppe les cheveux d&rsquo;\u00e9l\u00e9gance et en r\u00e9v\u00e8le le charme naturel. Sa formule contribue \u00e0 prot\u00e9ger la fibre capillaire des agressions ext\u00e9rieures telles que la pollution et les rends irr\u00e9sistiblement doux, brillants et parfum\u00e9s. Ce parfum Musc Intime dispose d&rsquo;une texture ultra-l\u00e9g\u00e8re, son application est simple et rapide sans laisser d&rsquo;effet gras et collant. Le parfum cheveux Musc Intime se d\u00e9cline en trois fragrances uniques : Sweet Litchi, un parfum d\u00e9licieusement fruit\u00e9 aux notes envo\u00fbtantes de litchi gourmand et de musc blanc ; Musc Blanc, un doux parfum satin\u00e9 de musc blanc, de fleur de coton et d&rsquo;ylang-ylang ; Rose Mystik : une fragrance envo\u00fbtante mariant le musc blanc, la rose et l&rsquo;oud. Test\u00e9 sous contr\u00f4le dermatologique, fabriqu\u00e9 en France. Pr\u00e9sentation disponible sur la pharmacie en ligne des Drakkars pour le parfum cheveux Musc Intime : flacon pulv\u00e9risateur de 50 ml, senteur au choix. Avis du \t\t\t\t\t\t\t                                                                                pharmacien \t\t\t\t\t\t\t                                                                                sur Musc Intime Parfum Cheveux Ouvrez le parfum et effectuez quelques pressions. Appliquez-le sur vos cheveux \u00e0 environ 10 centim\u00e8tres. Pr\u00e9cautions d&#8217;emploi : Inflammable. Tenir \u00e0 l&rsquo;\u00e9cart de la chaleur et des flammes. Mettre \u00e0 l&rsquo;abri de la lumi\u00e8re. \u00c9viter le contact avec les yeux et les muqueuses. En cas de contact avec les yeux, rincer abondamment \u00e0 l&rsquo;eau claire. En cas d&rsquo;irritation, cesser l&rsquo;usage. Usage externe seulement. Tenir hors de la port\u00e9e des enfants. \u00c9viter l&rsquo;exposition au soleil lors de l&rsquo;utilisation. Marque Musc Intime R\u00e9f\u00e9rence(s) 3760333691579, 3760333691586, 3760333691593, 3760333691890 Mis \u00e0 jour le : 04\/02\/2026<\/p>","protected":false},"excerpt":{"rendered":"<p>Propos\u00e9 en deux fragrances inimitables, le parfum cheveux Musc Intime offre douceur, fra\u00eecheur et \u00e9l\u00e9gance \u00e0 chaque utilisation. Il apporte<\/p>","protected":false},"featured_media":17213,"comment_status":"open","ping_status":"closed","template":"","meta":{"_acf_changed":false},"product_brand":[],"product_cat":[275],"product_tag":[],"class_list":{"0":"post-17214","1":"product","2":"type-product","3":"status-publish","4":"has-post-thumbnail","6":"product_cat-aide-technique","8":"first","9":"instock","10":"shipping-taxable","11":"product-type-simple"},"acf":[],"df_price":"","df_sale_price":"","df_regular_price":"","df_image_link":"https:\/\/rahtek-dz.com\/wp-content\/uploads\/2026\/02\/w-501-h-501-zc-2-musc-intime-parfum-cheveux-musc-intime8-1748336574.jpg-300x300.webp","_links":{"self":[{"href":"https:\/\/rahtek-dz.com\/ar\/wp-json\/wp\/v2\/product\/17214","targetHints":{"allow":["GET"]}}],"collection":[{"href":"https:\/\/rahtek-dz.com\/ar\/wp-json\/wp\/v2\/product"}],"about":[{"href":"https:\/\/rahtek-dz.com\/ar\/wp-json\/wp\/v2\/types\/product"}],"replies":[{"embeddable":true,"href":"https:\/\/rahtek-dz.com\/ar\/wp-json\/wp\/v2\/comments?post=17214"}],"wp:featuredmedia":[{"embeddable":true,"href":"https:\/\/rahtek-dz.com\/ar\/wp-json\/wp\/v2\/media\/17213"}],"wp:attachment":[{"href":"https:\/\/rahtek-dz.com\/ar\/wp-json\/wp\/v2\/media?parent=17214"}],"wp:term":[{"taxonomy":"product_brand","embeddable":true,"href":"https:\/\/rahtek-dz.com\/ar\/wp-json\/wp\/v2\/product_brand?post=17214"},{"taxonomy":"product_cat","embeddable":true,"href":"https:\/\/rahtek-dz.com\/ar\/wp-json\/wp\/v2\/product_cat?post=17214"},{"taxonomy":"product_tag","embeddable":true,"href":"https:\/\/rahtek-dz.com\/ar\/wp-json\/wp\/v2\/product_tag?post=17214"}],"curies":[{"name":"wp","href":"https:\/\/api.w.org\/{rel}","templated":true}]}}