{"id":17216,"date":"2026-02-11T12:02:50","date_gmt":"2026-02-11T11:02:50","guid":{"rendered":"https:\/\/rahtek-dz.com\/product\/pyrantel-praziquantel\/"},"modified":"2026-02-11T12:02:50","modified_gmt":"2026-02-11T11:02:50","slug":"pyrantel-praziquantel","status":"publish","type":"product","link":"https:\/\/rahtek-dz.com\/ar\/product\/pyrantel-praziquantel\/","title":{"rendered":"Pyrantel Praziquantel"},"content":{"rendered":"<p>Pyrantel Praziquantel est un m\u00e9dicament v\u00e9t\u00e9rinaire du laboratoire Viatris destin\u00e9 aux traitement des infestations parasitaires internes chez le chat . Ce vermifuge associe deux principes actifs compl\u00e9mentaires efficaces contre les principaux vers intestinaux .\u00a0Il agit \u00e0 la fois sur les vers ronds et les vers plats, souvent responsables de troubles digestifs. Sa formulation en comprim\u00e9s s\u00e9cables facilite l&rsquo;administration selon le poids de l&rsquo;animal. Caract\u00e9ristiques du vermifuge Pyrantel Praziquantel Pyrantel Praziquantel est indiqu\u00e9 pour le traitement des infestations mixtes par les n\u00e9matodes, les ankylostomes et les cestodes chez le chat. Il cible notamment les ascarides (vers ronds), les ankylostomes et les cestodes (vers plats), parasites internes courant pouvant affecter la sant\u00e9 et le bien-\u00eatre du chat. Son action \u00e0 large spectre en fait une solution compl\u00e8te pour la vermifugation . La formule de ce vermifuge pour chat associe le pyrantel, reconnu pour son efficacit\u00e9 sur les vers ronds qu&rsquo;il paralyse et \u00e9limine naturellement, et le praziquantel, actif contre les vers plats . Cette compl\u00e9mentarit\u00e9 permet une \u00e9limination efficace des parasites intestinaux les plus fr\u00e9quents chez le chat. Pr\u00e9sent\u00e9 sous forme de comprim\u00e9s s\u00e9cables, Viatris Pyrantel Praziquantel peut \u00eatre administr\u00e9 aux chats adultes comme aux chatons, dans le respect des recommandations v\u00e9t\u00e9rinaires. Conditionnement disponible sur notre pharmacie en ligne pour Pyrantel Praziquantel : bo\u00eete de 2 comprim\u00e9s pour chat. Avis du \t\t\t\t\t\t\t                                                                                pharmacien \t\t\t\t\t\t\t                                                                                sur Pyrantel Praziquantel Le vermifuge Pyrantel\u00a0Praziquantel s&rsquo;administre de mani\u00e8re unique par\u00a0voie orale.  La posologie est de 5 mg de praziquantel et 20 mg de pyrantel\u00a0(57,5 mg d&#8217;embonate de pyrantel) par kg de poids corporel, soit 1 comprim\u00e9 pour 4 kg de poids corporel selon le tableau suivant : Poids corporel Nombre de comprim\u00e9s par prise 1,0 \u00e0 2,0 kg 1\/2 2,1 \u00e0 4,0 kg 1 4,1 \u00e0 6,0 kg 1+1\/2 6,1 \u00e0 8,0 kg 2 Les chatons pesant moins de 1 kg ne doivent pas \u00eatre trait\u00e9s avec le m\u00e9dicament v\u00e9t\u00e9rinaire car la posologie correcte ne peut \u00eatre garantie.  Les comprim\u00e9s doivent \u00eatre administr\u00e9s directement dans la bouche, mais peuvent \u00eatre administr\u00e9s dans une petite quantit\u00e9 de nourriture, si n\u00e9cessaire. Marque Viatris R\u00e9f\u00e9rence(s) 3838989783792 Mis \u00e0 jour le : 05\/02\/2026<\/p>","protected":false},"excerpt":{"rendered":"<p>Pyrantel Praziquantel est un m\u00e9dicament v\u00e9t\u00e9rinaire du laboratoire Viatris destin\u00e9 aux traitement des infestations parasitaires internes chez le chat .<\/p>","protected":false},"featured_media":17215,"comment_status":"open","ping_status":"closed","template":"","meta":{"_acf_changed":false},"product_brand":[],"product_cat":[275],"product_tag":[],"class_list":{"0":"post-17216","1":"product","2":"type-product","3":"status-publish","4":"has-post-thumbnail","6":"product_cat-aide-technique","8":"first","9":"instock","10":"shipping-taxable","11":"product-type-simple"},"acf":[],"df_price":"","df_sale_price":"","df_regular_price":"","df_image_link":"https:\/\/rahtek-dz.com\/wp-content\/uploads\/2026\/02\/w-501-h-501-zc-2-pyrantel-praziquantel-viatris5-1770205750.jpg-300x300.webp","_links":{"self":[{"href":"https:\/\/rahtek-dz.com\/ar\/wp-json\/wp\/v2\/product\/17216","targetHints":{"allow":["GET"]}}],"collection":[{"href":"https:\/\/rahtek-dz.com\/ar\/wp-json\/wp\/v2\/product"}],"about":[{"href":"https:\/\/rahtek-dz.com\/ar\/wp-json\/wp\/v2\/types\/product"}],"replies":[{"embeddable":true,"href":"https:\/\/rahtek-dz.com\/ar\/wp-json\/wp\/v2\/comments?post=17216"}],"wp:featuredmedia":[{"embeddable":true,"href":"https:\/\/rahtek-dz.com\/ar\/wp-json\/wp\/v2\/media\/17215"}],"wp:attachment":[{"href":"https:\/\/rahtek-dz.com\/ar\/wp-json\/wp\/v2\/media?parent=17216"}],"wp:term":[{"taxonomy":"product_brand","embeddable":true,"href":"https:\/\/rahtek-dz.com\/ar\/wp-json\/wp\/v2\/product_brand?post=17216"},{"taxonomy":"product_cat","embeddable":true,"href":"https:\/\/rahtek-dz.com\/ar\/wp-json\/wp\/v2\/product_cat?post=17216"},{"taxonomy":"product_tag","embeddable":true,"href":"https:\/\/rahtek-dz.com\/ar\/wp-json\/wp\/v2\/product_tag?post=17216"}],"curies":[{"name":"wp","href":"https:\/\/api.w.org\/{rel}","templated":true}]}}