{"id":17222,"date":"2026-02-11T12:02:50","date_gmt":"2026-02-11T11:02:50","guid":{"rendered":"https:\/\/rahtek-dz.com\/product\/vicks-steam-inhaler-inhalateur-vapeur\/"},"modified":"2026-02-11T12:02:50","modified_gmt":"2026-02-11T11:02:50","slug":"vicks-steam-inhaler-inhalateur-vapeur","status":"publish","type":"product","link":"https:\/\/rahtek-dz.com\/ar\/product\/vicks-steam-inhaler-inhalateur-vapeur\/","title":{"rendered":"Vicks Steam Inhaler Inhalateur Vapeur"},"content":{"rendered":"<p>Vicks Steam Inhaler est un inhalateur \u00e0 vapeur qui permet d&rsquo;apaiser et d\u00e9congestionner les voies respiratoires . Il est particuli\u00e8rement recommand\u00e9 en cas de rhume, sinusite, toux ou irritations de la gorge. confort respiratoire : pourquoi utiliser l&rsquo;inhalateur vapeur vicks ? L&rsquo; inhalateur vapeur Vicks est un dispositif qui fonctionne avec de l&rsquo;eau chaude, dans laquelle il est possible d&rsquo;ajouter des tablettes parfum\u00e9es. L&rsquo;objectif est de d\u00e9congestionner les voies respiratoires, de lib\u00e9rer le nez bouch\u00e9 et d&rsquo;apaiser les irritations et autres sensations d&rsquo;inconfort induites par les diverses affections de la sph\u00e8re ORL. Cet inhalateur vapeur est fourni avec 2 VapoPads, des tablettes parfum\u00e9es au menthol et \u00e0 l&rsquo;eucalyptus. Ces actifs sont r\u00e9put\u00e9s pour leur effet expectorant et fluidifiant ainsi que pour leur action antiseptique et astringente. L&rsquo; inhalateur Vicks a une forme conique,\u00a0proche de celle d&rsquo;un entonnoir, ce qui permet une bonne lib\u00e9ration de la vapeur vers les voies respiratoires encombr\u00e9es. Facile \u00e0 utiliser, il peut aussi \u00eatre transport\u00e9 ais\u00e9ment si n\u00e9cessaire gr\u00e2ce \u00e0 son format relativement compact. Le nettoyage est simple et peut \u00eatre effectu\u00e9 aussi bien \u00e0 la main qu&rsquo;au lave-vaisselle. Pr\u00e9sentation disponible pour l&rsquo;inhalateur vapeur Vicks sur notre pharmacie en ligne : 1 inhalateur + 2 VapoPads + notice d&rsquo;utilisation Avis du \t\t\t\t\t\t\t                                                                                pharmacien \t\t\t\t\t\t\t                                                                                sur Vicks Steam Inhaler Inhalateur Vapeur Avant d&rsquo;utiliser l&rsquo;inhalateur vapeur Vicks, rincez-le abondamment \u00e0 l&rsquo;eau claire. S\u00e9parez les 2 parties en les faisant pivoter, puis remplissez le socle jusqu&rsquo;au rep\u00e8re avec de l&rsquo;eau chaude. Ajoutez une tablette parfum\u00e9e et repositionnez la partie sup\u00e9rieure. Placez votre t\u00eate au-dessus de l&rsquo;inhalateur et respirez les vapeurs. Nettoyez l&rsquo;inhalateur apr\u00e8s chaque utilisation (r\u00e9siste au lavage en lave-vaisselle). Pr\u00e9cautions d&#8217;emploi : Ne pas utiliser chez l&rsquo;enfant de moins de 36 mois. Ne pas utiliser plus de 16 heures sur une p\u00e9riode de 24 heures et\/ou ne pas utiliser plus de 2 tablettes sur une p\u00e9riode de 24 heures. Tenir hors de port\u00e9e des enfants et des animaux. Marque Vicks R\u00e9f\u00e9rence(s) 4022167130211 Mis \u00e0 jour le : 28\/11\/2025<\/p>","protected":false},"excerpt":{"rendered":"<p>Vicks Steam Inhaler est un inhalateur \u00e0 vapeur qui permet d&rsquo;apaiser et d\u00e9congestionner les voies respiratoires . Il est particuli\u00e8rement<\/p>","protected":false},"featured_media":17221,"comment_status":"open","ping_status":"closed","template":"","meta":{"_acf_changed":false},"product_brand":[],"product_cat":[275],"product_tag":[],"class_list":{"0":"post-17222","1":"product","2":"type-product","3":"status-publish","4":"has-post-thumbnail","6":"product_cat-aide-technique","8":"first","9":"instock","10":"shipping-taxable","11":"product-type-simple"},"acf":[],"df_price":"","df_sale_price":"","df_regular_price":"","df_image_link":"https:\/\/rahtek-dz.com\/wp-content\/uploads\/2026\/02\/w-501-h-501-zc-2-vicks-steam-inhaler-inhalateur-vapeur-vicks4-1679991546.jpg-300x300.webp","_links":{"self":[{"href":"https:\/\/rahtek-dz.com\/ar\/wp-json\/wp\/v2\/product\/17222","targetHints":{"allow":["GET"]}}],"collection":[{"href":"https:\/\/rahtek-dz.com\/ar\/wp-json\/wp\/v2\/product"}],"about":[{"href":"https:\/\/rahtek-dz.com\/ar\/wp-json\/wp\/v2\/types\/product"}],"replies":[{"embeddable":true,"href":"https:\/\/rahtek-dz.com\/ar\/wp-json\/wp\/v2\/comments?post=17222"}],"wp:featuredmedia":[{"embeddable":true,"href":"https:\/\/rahtek-dz.com\/ar\/wp-json\/wp\/v2\/media\/17221"}],"wp:attachment":[{"href":"https:\/\/rahtek-dz.com\/ar\/wp-json\/wp\/v2\/media?parent=17222"}],"wp:term":[{"taxonomy":"product_brand","embeddable":true,"href":"https:\/\/rahtek-dz.com\/ar\/wp-json\/wp\/v2\/product_brand?post=17222"},{"taxonomy":"product_cat","embeddable":true,"href":"https:\/\/rahtek-dz.com\/ar\/wp-json\/wp\/v2\/product_cat?post=17222"},{"taxonomy":"product_tag","embeddable":true,"href":"https:\/\/rahtek-dz.com\/ar\/wp-json\/wp\/v2\/product_tag?post=17222"}],"curies":[{"name":"wp","href":"https:\/\/api.w.org\/{rel}","templated":true}]}}