{"id":17224,"date":"2026-02-11T12:02:50","date_gmt":"2026-02-11T11:02:50","guid":{"rendered":"https:\/\/rahtek-dz.com\/product\/sanoflore-aciana-botanica-mousse-nettoyante\/"},"modified":"2026-02-11T12:02:50","modified_gmt":"2026-02-11T11:02:50","slug":"sanoflore-aciana-botanica-mousse-nettoyante","status":"publish","type":"product","link":"https:\/\/rahtek-dz.com\/ar\/product\/sanoflore-aciana-botanica-mousse-nettoyante\/","title":{"rendered":"Sanoflore Aciana Botanica Mousse Nettoyante"},"content":{"rendered":"<p>La mousse d&rsquo;eau nettoyante Aciana Botanica Sanoflore est un d\u00e9maquillant apaisant aux hydrolats de bleuet. Elle nettoie, hydrate et adoucit tous les types de peaux, m\u00eame les plus sensibles gr\u00e2ce \u00e0 sa formule ultra-douce. Propri\u00e9t\u00e9s de la mousse nettoyante Sanoflore Aciana Botanica La mousse nettoyante Aciana Botanica Sanoflore s&rsquo;utilise aussi bien sur le visage que sur les yeux de tous les types de peaux. Sa formule onctueuse se rince facilement \u00e0 l&rsquo;eau claire.\u00a0Formul\u00e9e \u00e0 99% d&rsquo;ingr\u00e9dients d&rsquo;origine naturelle, cette mousse \u00e9limine \u00e9galement les particules de pollution, les impuret\u00e9s et les r\u00e9sidus de maquillage et offre \u00e0 la peau une action anti-oxydante et anti-inflammatoire gr\u00e2ce aux hydrolats de Melissa. L&rsquo;hydrolat de Bleuet Centaurea Bio, quant \u00e0 lui, offre \u00e0 la peau du visage toutes ses propri\u00e9t\u00e9s d\u00e9congestionnantes et apaisantes . Le Bleuet est une plante reconnue pour son action contre les poches et les cernes. Ainsi, le regard est repulp\u00e9, plus \u00e9clatant. Au contact de l&rsquo;eau, la mousse devient tr\u00e8s g\u00e9n\u00e9reuse pour un nettoyage en douceur et en un seul geste.\u00a0La peau est ainsi parfaitement d\u00e9maquill\u00e9e, elle retrouve \u00e9clat et beaut\u00e9. Produit fabriqu\u00e9 en France. Certifi\u00e9 Bio. Formule V\u00e9gan. Conditionnements propos\u00e9s par votre pharmacie en ligne : Flacon pompe de 150 ml &#8211; Lot de 2 flacons pompes de 150 ml. Avis du \t\t\t\t\t\t\t                                                                                pharmacien \t\t\t\t\t\t\t                                                                                sur Sanoflore Aciana Botanica Mousse Nettoyante Appliquer la mousse\u00a0Aciana\u00a0Botanica\u00a0Sanoflore\u00a0matin et soir sur une peau humide puis rincer \u00e0 l&rsquo;eau claire. Conseil de notre esth\u00e9ticienne :\u00a0Hydratez votre peau au quotidien avec des soins Bio comme la cr\u00e8me merveilleuse Sanoflore . Marque Aciana Botanica R\u00e9f\u00e9rence(s) 3433425344577, 3701673201271 Ancienne(s) d\u00e9signation(s) produit 3337875398916 BIO BIO Partie du corps Visage Pour qui ? Femmes Type de soin Nettoyant &#8211; D\u00e9maquillant Type de peau Tous types Mis \u00e0 jour le : 28\/01\/2026<\/p>","protected":false},"excerpt":{"rendered":"<p>La mousse d&rsquo;eau nettoyante Aciana Botanica Sanoflore est un d\u00e9maquillant apaisant aux hydrolats de bleuet. Elle nettoie, hydrate et adoucit<\/p>","protected":false},"featured_media":17223,"comment_status":"open","ping_status":"closed","template":"","meta":{"_acf_changed":false},"product_brand":[],"product_cat":[275],"product_tag":[],"class_list":{"0":"post-17224","1":"product","2":"type-product","3":"status-publish","4":"has-post-thumbnail","6":"product_cat-aide-technique","8":"first","9":"instock","10":"shipping-taxable","11":"product-type-simple"},"acf":[],"df_price":"","df_sale_price":"","df_regular_price":"","df_image_link":"https:\/\/rahtek-dz.com\/wp-content\/uploads\/2026\/02\/w-501-h-501-zc-2-sanoflore-aciana-botanica-mousse-nettoyante-sanoflore-3433425344577-presentation-2-x-150ml-5f55f8b10ec46-0000.jpg-300x300.webp","_links":{"self":[{"href":"https:\/\/rahtek-dz.com\/ar\/wp-json\/wp\/v2\/product\/17224","targetHints":{"allow":["GET"]}}],"collection":[{"href":"https:\/\/rahtek-dz.com\/ar\/wp-json\/wp\/v2\/product"}],"about":[{"href":"https:\/\/rahtek-dz.com\/ar\/wp-json\/wp\/v2\/types\/product"}],"replies":[{"embeddable":true,"href":"https:\/\/rahtek-dz.com\/ar\/wp-json\/wp\/v2\/comments?post=17224"}],"wp:featuredmedia":[{"embeddable":true,"href":"https:\/\/rahtek-dz.com\/ar\/wp-json\/wp\/v2\/media\/17223"}],"wp:attachment":[{"href":"https:\/\/rahtek-dz.com\/ar\/wp-json\/wp\/v2\/media?parent=17224"}],"wp:term":[{"taxonomy":"product_brand","embeddable":true,"href":"https:\/\/rahtek-dz.com\/ar\/wp-json\/wp\/v2\/product_brand?post=17224"},{"taxonomy":"product_cat","embeddable":true,"href":"https:\/\/rahtek-dz.com\/ar\/wp-json\/wp\/v2\/product_cat?post=17224"},{"taxonomy":"product_tag","embeddable":true,"href":"https:\/\/rahtek-dz.com\/ar\/wp-json\/wp\/v2\/product_tag?post=17224"}],"curies":[{"name":"wp","href":"https:\/\/api.w.org\/{rel}","templated":true}]}}