{"id":17226,"date":"2026-02-11T12:02:51","date_gmt":"2026-02-11T11:02:51","guid":{"rendered":"https:\/\/rahtek-dz.com\/product\/surbronc-expectorant-toux-grasse\/"},"modified":"2026-02-11T12:02:51","modified_gmt":"2026-02-11T11:02:51","slug":"surbronc-expectorant-toux-grasse","status":"publish","type":"product","link":"https:\/\/rahtek-dz.com\/ar\/product\/surbronc-expectorant-toux-grasse\/","title":{"rendered":"Surbronc Expectorant Toux Grasse"},"content":{"rendered":"<p>Description  du m\u00e9dicament Surbronc Expectorant Toux Grasse Surbronc Expectorant Toux Grasse est un m\u00e9dicament indiqu\u00e9 dans les troubles de la s\u00e9cr\u00e9tion bronchique chez l&rsquo;adulte, notamment lors d&rsquo;affections bronchiques aigu\u00ebs ou d&rsquo;\u00e9pisodes aigus de bronchopneumopathies chroniques. Conditionnements :\u00a0Existe en solution buvable sans sucre ou en comprim\u00e9s s\u00e9cables. Vous pouvez aussi retrouver MucoDrill en comprim\u00e9s effervescents. INDICATIONS Traitement des troubles de la s\u00e9cr\u00e9tion bronchique de l&rsquo;adulte, notamment au cours des affections bronchiques aigu\u00ebs et des \u00e9pisodes aigus des bronchopneumopathies chroniques. FORMES et PR\u00c9SENTATIONS Comprim\u00e9 s\u00e9cable \u00e0 30\u00a0mg (blanc)\u00a0: Bo\u00eete de\u00a030, sous plaquettes thermoform\u00e9es. POSOLOGIE ET MODE D&rsquo;ADMINISTRATION R\u00e9serv\u00e9 \u00e0 l&rsquo;adulte. Posologie\u00a0: La posologie moyenne de chlorhydrate d&rsquo;ambroxol est de 60\u00a0mg \u00e0 120\u00a0mg par jour en 2\u00a0prises, soit 1 \u00e0 2\u00a0comprim\u00e9s 2\u00a0fois par jour ou 5 \u00e0 10\u00a0ml de solution buvable 2\u00a0fois par jour. Mode d&rsquo;administration\u00a0: Comprim\u00e9\u00a0: Une dose quotidienne de 60\u00a0mg pourra \u00eatre administr\u00e9e \u00e0 l&rsquo;aide d&rsquo;une forme dos\u00e9e \u00e0 30\u00a0mg 2\u00a0fois par jour. Une dose quotidienne de 120\u00a0mg pourra \u00eatre administr\u00e9e \u00e0 l&rsquo;aide d&rsquo;une forme dos\u00e9e \u00e0 60\u00a0mg 2\u00a0fois par jour. Solution buvable\u00a0: Une graduation de 5\u00a0ml contient 30\u00a0mg de chlorhydrate d&rsquo;ambroxol. Dans les affections bronchiques aigu\u00ebs, il conviendra de consulter un m\u00e9decin en l&rsquo;absence d&rsquo;am\u00e9lioration ou en cas d&rsquo;aggravation des sympt\u00f4mes au cours du traitement. Surbronc Expectorant Ambroxol peut \u00eatre pris au cours ou en dehors des repas. Marque Opella R\u00e9f\u00e9rence(s) 3400932740406, 3400932740635 Excipient sucralose &#8211; ar\u00f4me &#8211; glyc\u00e9rol \u00e0 85% &#8211; vanille ar\u00f4me &#8211; potassium ac\u00e9sulfame &#8211; hy\u00e9tellose &#8211; eau purifi\u00e9e &#8211; acide benzo\u00efque &#8211; fraise ar\u00f4me Aromatisant ar\u00f4me &#8211; vanille ar\u00f4me &#8211; fraise ar\u00f4me Mol\u00e9cules sucralose &#8211; propyl\u00e8neglycol &#8211; ar\u00f4me &#8211; glyc\u00e9rol \u00e0 85% &#8211; sorbitol \u00e0 70% non cristallisable &#8211; ambroxol chlorhydrate (6.0 mg) &#8211; vanille ar\u00f4me &#8211; sorbitol solution &#8211; potassium ac\u00e9sulfame &#8211; hy\u00e9tellose &#8211; glyc\u00e9rol &#8211; eau purifi\u00e9e &#8211; ambroxol chlorhydrate (30.0 mg) &#8211; acide benzo\u00efque &#8211; fraise ar\u00f4me Excipient \u00e0 effet notoire propyl\u00e8neglycol &#8211; acide benzo\u00efque &#8211; sorbitol \u00e0 70% non cristallisable &#8211; sorbitol solution &#8211; glyc\u00e9rol Indications Toux &#8211; Troubles de la s\u00e9cr\u00e9tion bronchique &#8211; Bronchite aigu\u00eb Forme gal\u00e9nique solution buvable Substance Active ambroxol chlorhydrate Mis \u00e0 jour le : 29\/12\/2025<\/p>","protected":false},"excerpt":{"rendered":"<p>Description du m\u00e9dicament Surbronc Expectorant Toux Grasse Surbronc Expectorant Toux Grasse est un m\u00e9dicament indiqu\u00e9 dans les troubles de la<\/p>","protected":false},"featured_media":17225,"comment_status":"open","ping_status":"closed","template":"","meta":{"_acf_changed":false},"product_brand":[],"product_cat":[275],"product_tag":[],"class_list":{"0":"post-17226","1":"product","2":"type-product","3":"status-publish","4":"has-post-thumbnail","6":"product_cat-aide-technique","8":"first","9":"instock","10":"shipping-taxable","11":"product-type-simple"},"acf":[],"df_price":"","df_sale_price":"","df_regular_price":"","df_image_link":"https:\/\/rahtek-dz.com\/wp-content\/uploads\/2026\/02\/w-501-h-501-zc-2-surbronc-expectorant-sans-sucre-toux-grasse-surbronc-3400932740635-5d35695765f1f-0000.jpg-300x300.webp","_links":{"self":[{"href":"https:\/\/rahtek-dz.com\/ar\/wp-json\/wp\/v2\/product\/17226","targetHints":{"allow":["GET"]}}],"collection":[{"href":"https:\/\/rahtek-dz.com\/ar\/wp-json\/wp\/v2\/product"}],"about":[{"href":"https:\/\/rahtek-dz.com\/ar\/wp-json\/wp\/v2\/types\/product"}],"replies":[{"embeddable":true,"href":"https:\/\/rahtek-dz.com\/ar\/wp-json\/wp\/v2\/comments?post=17226"}],"wp:featuredmedia":[{"embeddable":true,"href":"https:\/\/rahtek-dz.com\/ar\/wp-json\/wp\/v2\/media\/17225"}],"wp:attachment":[{"href":"https:\/\/rahtek-dz.com\/ar\/wp-json\/wp\/v2\/media?parent=17226"}],"wp:term":[{"taxonomy":"product_brand","embeddable":true,"href":"https:\/\/rahtek-dz.com\/ar\/wp-json\/wp\/v2\/product_brand?post=17226"},{"taxonomy":"product_cat","embeddable":true,"href":"https:\/\/rahtek-dz.com\/ar\/wp-json\/wp\/v2\/product_cat?post=17226"},{"taxonomy":"product_tag","embeddable":true,"href":"https:\/\/rahtek-dz.com\/ar\/wp-json\/wp\/v2\/product_tag?post=17226"}],"curies":[{"name":"wp","href":"https:\/\/api.w.org\/{rel}","templated":true}]}}