{"id":17228,"date":"2026-02-11T12:02:51","date_gmt":"2026-02-11T11:02:51","guid":{"rendered":"https:\/\/rahtek-dz.com\/product\/velpeau-cotopads-coton\/"},"modified":"2026-02-11T12:02:51","modified_gmt":"2026-02-11T11:02:51","slug":"velpeau-cotopads-coton","status":"publish","type":"product","link":"https:\/\/rahtek-dz.com\/ar\/product\/velpeau-cotopads-coton\/","title":{"rendered":"Velpeau Cotopads Coton"},"content":{"rendered":"<p>Les rectangles et carr\u00e9s de coton Cotopads Velpeau sont des compresses en coton pour l&rsquo; hygi\u00e8ne du visage et du corps de toute la famille. Ils sont particuli\u00e8rement adapt\u00e9s aux peaux fragiles et sensibles . Quelles utilisations des Cotopads Velpeau\u00a0? Les rectangles et carr\u00e9s de coton Cotopads s&rsquo;utilisent pour l&rsquo;hygi\u00e8ne de la peau. Ils permettent de nettoyer l&rsquo;\u00e9piderme en douceur et s&rsquo;utilisent donc pour le d\u00e9maquillage , pour le change de b\u00e9b\u00e9 ou lors de soins de premiers secours . En effet, ils permettent de d\u00e9maquiller la peau et d&rsquo;appliquer les lotions afin d&rsquo;\u00e9liminer toutes traces r\u00e9siduelles de maquillage, le nettoyage des fesses de b\u00e9b\u00e9 tout en douceur et servent \u00e0 nettoyer les plaies et \u00e0 appliquer les d\u00e9sinfectants et les antiseptiques . Ces pi\u00e8ces de coton blanc et non st\u00e9riles ne peluchent pas pendant l&rsquo;utilisation, pour ne laisser aucun r\u00e9sidu sur la peau. Ils respectent les peaux sensibles et offrent un grand pouvoir absorbant.\u00a0Ils sont con\u00e7us \u00e0 partir de fibres soyeuses de coton pur, hydrophiles et parfaitement absorbants. Ces cotons hypoallerg\u00e9niques conviennent parfaitement pour les soins infantiles. Le plus de Cotopads Velpeau : Ces cotons sont pr\u00e9sent\u00e9s dans un sac qui se referme \u00e0 l&rsquo;aide d&rsquo;un lacet. Conditionnements disponibles sur votre pharmacie en ligne pour les Cotopads : Paquet de 200 rectangles de coton de 8 x 10 cm. Paquet de 500 carr\u00e9s de coton de 5 x 5 cm. Avis du \t\t\t\t\t\t\t                                                                                pharmacien \t\t\t\t\t\t\t                                                                                sur Velpeau Cotopads Coton Id\u00e9aux pour le nettoyage des peaux les plus fragiles, les cotons Cotopads \u00e0 base de coton non st\u00e9rile Velpeau s&rsquo;utilisent aussi bien pour la toilette de b\u00e9b\u00e9 et des enfants, que pour nettoyer l&rsquo;\u00e9piderme et d\u00e9sinfecter les plaies.  Quelle que soit l&rsquo;utilisation que vous faites de ces cotons, il est conseill\u00e9 de manipuler ces pi\u00e8ces de coton avec des mains pr\u00e9alablement nettoy\u00e9es et s\u00e9ch\u00e9es.\u00a0Lorsqu&rsquo;il s&rsquo;agit de la d\u00e9sinfection d\u2019une plaie, nous vous recommandons le port de gants st\u00e9riles.\u00a0Vous n&rsquo;avez ensuite qu&rsquo;\u00e0 imbiber le coton puis l&rsquo;appliquer sur la zone \u00e0 traiter. Refermez le sachet apr\u00e8s chaque utilisation. Marque Lohmann R\u00e9f\u00e9rence(s) 4056649512806, 4056649512820 Mis \u00e0 jour le : 30\/01\/2026<\/p>","protected":false},"excerpt":{"rendered":"<p>Les rectangles et carr\u00e9s de coton Cotopads Velpeau sont des compresses en coton pour l&rsquo; hygi\u00e8ne du visage et du<\/p>","protected":false},"featured_media":17227,"comment_status":"open","ping_status":"closed","template":"","meta":{"_acf_changed":false},"product_brand":[],"product_cat":[275],"product_tag":[],"class_list":{"0":"post-17228","1":"product","2":"type-product","3":"status-publish","4":"has-post-thumbnail","6":"product_cat-aide-technique","8":"first","9":"instock","10":"shipping-taxable","11":"product-type-simple"},"acf":[],"df_price":"","df_sale_price":"","df_regular_price":"","df_image_link":"https:\/\/rahtek-dz.com\/wp-content\/uploads\/2026\/02\/w-501-h-501-zc-2-cotopads-rectangles-de-coton-8x10-cm-lohmann2-1769170719.jpg-300x300.webp","_links":{"self":[{"href":"https:\/\/rahtek-dz.com\/ar\/wp-json\/wp\/v2\/product\/17228","targetHints":{"allow":["GET"]}}],"collection":[{"href":"https:\/\/rahtek-dz.com\/ar\/wp-json\/wp\/v2\/product"}],"about":[{"href":"https:\/\/rahtek-dz.com\/ar\/wp-json\/wp\/v2\/types\/product"}],"replies":[{"embeddable":true,"href":"https:\/\/rahtek-dz.com\/ar\/wp-json\/wp\/v2\/comments?post=17228"}],"wp:featuredmedia":[{"embeddable":true,"href":"https:\/\/rahtek-dz.com\/ar\/wp-json\/wp\/v2\/media\/17227"}],"wp:attachment":[{"href":"https:\/\/rahtek-dz.com\/ar\/wp-json\/wp\/v2\/media?parent=17228"}],"wp:term":[{"taxonomy":"product_brand","embeddable":true,"href":"https:\/\/rahtek-dz.com\/ar\/wp-json\/wp\/v2\/product_brand?post=17228"},{"taxonomy":"product_cat","embeddable":true,"href":"https:\/\/rahtek-dz.com\/ar\/wp-json\/wp\/v2\/product_cat?post=17228"},{"taxonomy":"product_tag","embeddable":true,"href":"https:\/\/rahtek-dz.com\/ar\/wp-json\/wp\/v2\/product_tag?post=17228"}],"curies":[{"name":"wp","href":"https:\/\/api.w.org\/{rel}","templated":true}]}}