{"id":17230,"date":"2026-02-11T12:02:51","date_gmt":"2026-02-11T11:02:51","guid":{"rendered":"https:\/\/rahtek-dz.com\/product\/polysem-medical-gants-latex\/"},"modified":"2026-02-11T12:02:51","modified_gmt":"2026-02-11T11:02:51","slug":"polysem-medical-gants-latex","status":"publish","type":"product","link":"https:\/\/rahtek-dz.com\/ar\/product\/polysem-medical-gants-latex\/","title":{"rendered":"Polysem M\u00e9dical Gants Latex"},"content":{"rendered":"<p>Confortables \u00e0 porter et ambidextres, les gants en latex Polysem M\u00e9dical r\u00e9pondent aux sp\u00e9cifications techniques d&rsquo;un gant d&rsquo;examen en latex. Ils peuvent \u00eatre utilis\u00e9s dans les cas de soins courants, manipulation de dispositifs m\u00e9dicaux ou encore examen de patients. Pourquoi choisir les gants d&rsquo;examen en latex Polysem M\u00e9dical ? Les gants en latex sans poudre non st\u00e9riles Polysem M\u00e9dical sont des gants d&rsquo;examens qui prot\u00e8gent des virus. Indiqu\u00e9s lorsque l&rsquo;usage d&rsquo;un gant ambidextre non st\u00e9rile est exig\u00e9, ils peuvent en particulier \u00eatre utilis\u00e9s dans les diff\u00e9rentes unit\u00e9s m\u00e9dicales. Pr\u00e9vus pour un usage unique, les gants en latex Polysem M\u00e9dical sont souples, fines et dot\u00e9s d&rsquo;une surface lisse. Ils permettent de conserver une dext\u00e9rit\u00e9 ainsi qu&rsquo;une une sensibilit\u00e9 cutan\u00e9e n\u00e9cessaires \u00e0 la r\u00e9alisation de gestes pr\u00e9cis et sont faciles \u00e0 enfiler. Ces gants en latex disposent r\u00e9glementairement de deux statuts Dispositif m\u00e9dical de classe I et \u00c9quipement de Protection Individuelle de cat\u00e9gorie III type B. L&rsquo;absence de poudre r\u00e9duit les risques d&rsquo;allergie ou d&rsquo;irritation. Caract\u00e9ristiques : Couleur : cr\u00e8me Taille manchette : 240 mm Pr\u00e9sentation disponible sur notre pharmacie en ligne pour Polysem M\u00e9dical Gants Latex : bo\u00eete de 100 gants, taille M. Avis du \t\t\t\t\t\t\t                                                                                pharmacien \t\t\t\t\t\t\t                                                                                sur Polysem M\u00e9dical Gants Latex Avertissement : Contact alimentaire sauf corps gras et aliments acides. Ces gants contiennent du latex naturel et ne doivent pas \u00eatre utilis\u00e9s en cas d&rsquo;allergie ou de risque d&rsquo;allergie au latex. Polysem M\u00e9dical est une marque d\u00e9pos\u00e9e. Marque Polysem M\u00e9dical R\u00e9f\u00e9rence(s) 3661809123740 Mis \u00e0 jour le : 02\/02\/2026<\/p>","protected":false},"excerpt":{"rendered":"<p>Confortables \u00e0 porter et ambidextres, les gants en latex Polysem M\u00e9dical r\u00e9pondent aux sp\u00e9cifications techniques d&rsquo;un gant d&rsquo;examen en latex.<\/p>","protected":false},"featured_media":17229,"comment_status":"open","ping_status":"closed","template":"","meta":{"_acf_changed":false},"product_brand":[],"product_cat":[275],"product_tag":[],"class_list":{"0":"post-17230","1":"product","2":"type-product","3":"status-publish","4":"has-post-thumbnail","6":"product_cat-aide-technique","8":"first","9":"instock","10":"shipping-taxable","11":"product-type-simple"},"acf":[],"df_price":"","df_sale_price":"","df_regular_price":"","df_image_link":"https:\/\/rahtek-dz.com\/wp-content\/uploads\/2026\/02\/w-501-h-501-zc-2-polysem-medical-gants-latex-polysem-medical2-1760696364.png-300x300.webp","_links":{"self":[{"href":"https:\/\/rahtek-dz.com\/ar\/wp-json\/wp\/v2\/product\/17230","targetHints":{"allow":["GET"]}}],"collection":[{"href":"https:\/\/rahtek-dz.com\/ar\/wp-json\/wp\/v2\/product"}],"about":[{"href":"https:\/\/rahtek-dz.com\/ar\/wp-json\/wp\/v2\/types\/product"}],"replies":[{"embeddable":true,"href":"https:\/\/rahtek-dz.com\/ar\/wp-json\/wp\/v2\/comments?post=17230"}],"wp:featuredmedia":[{"embeddable":true,"href":"https:\/\/rahtek-dz.com\/ar\/wp-json\/wp\/v2\/media\/17229"}],"wp:attachment":[{"href":"https:\/\/rahtek-dz.com\/ar\/wp-json\/wp\/v2\/media?parent=17230"}],"wp:term":[{"taxonomy":"product_brand","embeddable":true,"href":"https:\/\/rahtek-dz.com\/ar\/wp-json\/wp\/v2\/product_brand?post=17230"},{"taxonomy":"product_cat","embeddable":true,"href":"https:\/\/rahtek-dz.com\/ar\/wp-json\/wp\/v2\/product_cat?post=17230"},{"taxonomy":"product_tag","embeddable":true,"href":"https:\/\/rahtek-dz.com\/ar\/wp-json\/wp\/v2\/product_tag?post=17230"}],"curies":[{"name":"wp","href":"https:\/\/api.w.org\/{rel}","templated":true}]}}