{"id":17232,"date":"2026-02-11T12:02:51","date_gmt":"2026-02-11T11:02:51","guid":{"rendered":"https:\/\/rahtek-dz.com\/product\/sunsimed-ka-spf50\/"},"modified":"2026-02-11T12:02:51","modified_gmt":"2026-02-11T11:02:51","slug":"sunsimed-ka-spf50","status":"publish","type":"product","link":"https:\/\/rahtek-dz.com\/ar\/product\/sunsimed-ka-spf50\/","title":{"rendered":"SunsiMed KA SPF50+"},"content":{"rendered":"<p>La cr\u00e8me solaire Sunsimed KA SPF 50+ d&rsquo;Av\u00e8ne est\u00a0con\u00e7ue pour prot\u00e9ger\u00a0les peaux hypersensibles au soleil et\/ou sujettes aux k\u00e9ratoses actiniques . Cette cr\u00e8me solaire est id\u00e9ale pour les personnes sous traitement anti-canc\u00e9reux ou post traitement, ou qui sont susceptibles de d\u00e9velopper des pathologies li\u00e9es \u00e0 l&rsquo;exposition au soleil. Av\u00e8ne SunsiMed KA SPF50+ : Cr\u00e8me solaire tr\u00c8s haute protection \u00c9labor\u00e9e sans parfum , cette haute protection solaire visage et corps contribue \u00e0\u00a0pr\u00e9venir les k\u00e9ratoses actiniques,\u00a0aussi appel\u00e9e k\u00e9ratose solaire ou k\u00e9ratose s\u00e9nile, les cancers cutan\u00e9s (hors m\u00e9lanomes) ainsi que\u00a0le photovieillissement cutan\u00e9. Pour cela, SunsiMed KA SPF50+ associe\u00a0un syst\u00e8me filtrant photostable\u00a0qui prot\u00e8ge la peau des rayons UVA\/UVB de mani\u00e8re optimale, du\u00a0pr\u00e9-tocoph\u00e9ryl, pr\u00e9curseur de la vitamine E, qui prot\u00e8ge les cellules cutan\u00e9es gr\u00e2ce \u00e0 ses propri\u00e9t\u00e9s antioxydantes ainsi que de l&rsquo;eau thermale d&rsquo;Av\u00e8ne id\u00e9ale pour les peaux sensibles et qui compl\u00e8te\u00a0la formule pour ses propri\u00e9t\u00e9s apaisantes\u00a0et anti-irritantes. Le plus de cette protection solaire SunsiMed KA SPF50+ Av\u00e8ne : Cette protection solaire au toucher sec a \u00e9t\u00e9 formul\u00e9e en vue de minimiser les risques de r\u00e9actions allergiques. De plus non com\u00e9dog\u00e8ne, elle laisse la peau respirer puisqu&rsquo;elle n&rsquo;obstrue pas les pores de la peau. Produit fabriqu\u00e9 en France. Pr\u00e9sentation propos\u00e9e par votre pharmacie en ligne : flacon airless\u00a0de 80 ml de protection solaire SunsiMed KA SPF50+ Av\u00e8ne. Cette protection solaire existe aussi en format stick , pratique \u00e0 emporter. Avis du \t\t\t\t\t\t\t                                                                                pharmacien \t\t\t\t\t\t\t                                                                                sur SunsiMed KA SPF50+ Appliquer chaque matin uniform\u00e9ment sur le visage et les zones du corps expos\u00e9es au soleil au cours de la journ\u00e9e. Renouvellez aussi souvent que n\u00e9cessaire ,\u00a0surtout apr\u00e8s avoir transpir\u00e9, avoir nag\u00e9 ou vous \u00eatre essuy\u00e9.  Pour les doses recommand\u00e9es, veuillez consulter attentivement la notice. Eviter le contact direct avec le soleil en utilisant une protection vestimentaire (chapeau, lunettes, t-shirt).  Pensez \u00e0 appliquez SunsiMED m\u00eame en cas de temps nuageux , car jusqu&rsquo;\u00e0 95% des rayons UV peuvent passer au travers des nuages.  Vous aimerez peut-\u00eatre aussi\u00a0la cr\u00e8me dermatologique Fotoker ou AK Secure DM Protect de SVR . Marque Av\u00e8ne Solaires R\u00e9f\u00e9rence(s) 3282770392760 Partie du corps Visage SPF 50+ Type de peau Sensible Type de soin Solaire Mis \u00e0 jour le : 13\/10\/2025<\/p>","protected":false},"excerpt":{"rendered":"<p>La cr\u00e8me solaire Sunsimed KA SPF 50+ d&rsquo;Av\u00e8ne est\u00a0con\u00e7ue pour prot\u00e9ger\u00a0les peaux hypersensibles au soleil et\/ou sujettes aux k\u00e9ratoses actiniques<\/p>","protected":false},"featured_media":17231,"comment_status":"open","ping_status":"closed","template":"","meta":{"_acf_changed":false},"product_brand":[],"product_cat":[275],"product_tag":[],"class_list":{"0":"post-17232","1":"product","2":"type-product","3":"status-publish","4":"has-post-thumbnail","6":"product_cat-aide-technique","8":"first","9":"instock","10":"shipping-taxable","11":"product-type-simple"},"acf":[],"df_price":"","df_sale_price":"","df_regular_price":"","df_image_link":"https:\/\/rahtek-dz.com\/wp-content\/uploads\/2026\/02\/w-501-h-501-zc-2-sunsimed-ka-spf50-avene-solaires4-1715849510.jpg-300x300.webp","_links":{"self":[{"href":"https:\/\/rahtek-dz.com\/ar\/wp-json\/wp\/v2\/product\/17232","targetHints":{"allow":["GET"]}}],"collection":[{"href":"https:\/\/rahtek-dz.com\/ar\/wp-json\/wp\/v2\/product"}],"about":[{"href":"https:\/\/rahtek-dz.com\/ar\/wp-json\/wp\/v2\/types\/product"}],"replies":[{"embeddable":true,"href":"https:\/\/rahtek-dz.com\/ar\/wp-json\/wp\/v2\/comments?post=17232"}],"wp:featuredmedia":[{"embeddable":true,"href":"https:\/\/rahtek-dz.com\/ar\/wp-json\/wp\/v2\/media\/17231"}],"wp:attachment":[{"href":"https:\/\/rahtek-dz.com\/ar\/wp-json\/wp\/v2\/media?parent=17232"}],"wp:term":[{"taxonomy":"product_brand","embeddable":true,"href":"https:\/\/rahtek-dz.com\/ar\/wp-json\/wp\/v2\/product_brand?post=17232"},{"taxonomy":"product_cat","embeddable":true,"href":"https:\/\/rahtek-dz.com\/ar\/wp-json\/wp\/v2\/product_cat?post=17232"},{"taxonomy":"product_tag","embeddable":true,"href":"https:\/\/rahtek-dz.com\/ar\/wp-json\/wp\/v2\/product_tag?post=17232"}],"curies":[{"name":"wp","href":"https:\/\/api.w.org\/{rel}","templated":true}]}}