{"id":17234,"date":"2026-02-11T12:02:51","date_gmt":"2026-02-11T11:02:51","guid":{"rendered":"https:\/\/rahtek-dz.com\/product\/strepsils-pastilles-mal-de-gorge\/"},"modified":"2026-02-11T12:02:51","modified_gmt":"2026-02-11T11:02:51","slug":"strepsils-pastilles-mal-de-gorge","status":"publish","type":"product","link":"https:\/\/rahtek-dz.com\/ar\/product\/strepsils-pastilles-mal-de-gorge\/","title":{"rendered":"\u0623\u0642\u0631\u0627\u0635 \u0633\u062a\u0631\u0628\u0633\u0644\u0632 \u0644\u0639\u0644\u0627\u062c \u0627\u0644\u062a\u0647\u0627\u0628 \u0627\u0644\u062d\u0644\u0642"},"content":{"rendered":"<p>Les pastilles \u00e0 sucer Strepsils sont indiqu\u00e9es en cas de maux de gorge peu intenses et sans fi\u00e8vre, chez l&rsquo;adulte et l&rsquo;enfant de plus de 6 ans. 5 go\u00fbts au choix : Miel-Citron, Menthe Glaciale, Citron Sans Sucre, Fraise Sans Sucre, Orange vitamine C. Pourquoi utiliser Strepsils Pastilles Mal de Gorge\u00a0? Les pastilles \u00e0 sucer Strepsils contiennent deux antiseptiques locaux, afin de d\u00e9truire les bact\u00e9ries dans la gorge, et d&#8217;emp\u00eacher leur prolif\u00e9ration : l&rsquo;amylm\u00e9tacr\u00e9sol et l&rsquo;alcool 2,4-dichlorobenzylique. Gr\u00e2ce \u00e0 cette formulation, Strepsils permet de soulager les maux de gorge tout en limitant l&rsquo;infection. Son go\u00fbt miel-citron, menthe glaciale, citron sans sucre ou fraise sans sucre est doux et agr\u00e9able. Comment utiliser Strepsils Pastilles Mal de Gorge\u00a0? Le m\u00e9dicament Strepsils se pr\u00e9sente sous la forme de pastilles \u00e0 sucer. Prenez 1 pastille, 3 \u00e0 6 fois par jour, \u00e0 sucer lentement,\u00a0sans croquer, de pr\u00e9f\u00e9rence \u00e0 distance des repas. Pr\u00e9sentation propos\u00e9e sur votre pharmacie en ligne : bo\u00eete de 24 pastilles. Go\u00fbt au choix : menthe glaciale citron sans sucre fraise sans sucre orange vitamine C Retrouvez \u00e9galement le m\u00e9dicament Strepsil Miel citron . PASTILLES\u00a0STREPSILS\u00a0POSOLOGIE En cas de mal de gorge la dose efficace la plus faible doit \u00eatre utilis\u00e9e pendant la dur\u00e9e la plus courte n\u00e9cessaire au soulagement des sympt\u00f4mes. Chez l&rsquo;adulte\u00a0et l&rsquo;enfant \u00e0 partir de 6 ans, la posologie usuelle\u00a0est de 1 pastille\u00a0Strepsils\u00a0 3 \u00e0 6 fois par jour en espa\u00e7ant les prises de 2 \u00e0 3 heures sans\u00a0d\u00e9passer 6 pastilles par 24 heures. Strepsils\u00a0pastilles est contre-indiqu\u00e9 chez l&rsquo;enfant de moins de 6 ans. Sucer progressivement la pastille sans la croquer, ni l&rsquo;avaler. Il est pr\u00e9f\u00e9rable de sucer la pastille\u00a0Strepsil\u00a0\u00e0 distance des repas. STREPSILS PASTILLES INDICATIONS et informations Ce m\u00e9dicament est indiqu\u00e9 chez l&rsquo;adulte et l&rsquo;enfant de plus de 6 ans en cas de mal de gorge peu intense et sans fi\u00e8vre. L&rsquo;effet de ce m\u00e9dicament pendant la grossesse ou l&rsquo;allaitement est mal connu. Demandez l&rsquo;avis de votre m\u00e9decin ou de votre pharmacien en ligne avant toute autom\u00e9dication. Ne pas utiliser apr\u00e8s la date de p\u00e9remption indiqu\u00e9e sur l&#8217;emballage. Comme pour tout m\u00e9dicament, des effets ind\u00e9sirables sont possibles, mais non syst\u00e9matiques, tels qu&rsquo;une r\u00e9action allergique \u00e0 l&rsquo;un des composants ou une diarrh\u00e9e\u00a0en cas d&rsquo;apport important de\u00a0sucres\u00a0non absorbables. Guides \t\t\t\t\t\t                                                                                      de Strepsils Pastilles Mal de Gorge Dentaire Comment lutter contre la mauvaise haleine ? \u00c9galement appel\u00e9e halitose, la mauvaise haleine est un sujet tabou qui peut se r\u00e9v\u00e9ler tr\u00e8s g\u00eanant au &#8230; Marque Strepsils R\u00e9f\u00e9rence(s) 3400932037780, 3400936954748, 3400937412117, 3400937413466 Excipient \u00e0 effet notoire soufre dioxyde &#8211; amidon de bl\u00e9 &#8211; glucose liquide &#8211; saccharose liquide Mol\u00e9cules g\u00e9raniol &#8211; d-limon\u00e8ne &#8211; citral &#8211; soufre dioxyde &#8211; amidon de bl\u00e9 &#8211; linalol &#8211; saccharose liquide &#8211; miel &#8211; acide tartrique &#8211; alcool dichlorobenzylique (1.2 mg) &#8211; amylm\u00e9tacr\u00e9sol (0.6 mg) &#8211; citron essence d\u00e9terp\u00e9n\u00e9e &#8211; glucose liquide &#8211; jaune de quinol\u00e9ine &#8211; menthe poivr\u00e9e essence Excipient g\u00e9raniol &#8211; d-limon\u00e8ne &#8211; citral &#8211; linalol &#8211; acide tartrique &#8211; citron essence d\u00e9terp\u00e9n\u00e9e &#8211; jaune de quinol\u00e9ine &#8211; menthe poivr\u00e9e essence &#8211; miel Aromatisant g\u00e9raniol &#8211; d-limon\u00e8ne &#8211; citral &#8211; linalol &#8211; citron essence d\u00e9terp\u00e9n\u00e9e &#8211; menthe poivr\u00e9e essence &#8211; miel Forme gal\u00e9nique pastilles \u00e0 sucer Substance Active alcool dichlorobenzylique &#8211; amylm\u00e9tacr\u00e9sol Indications Angine &#8211; Stomatite Mis \u00e0 jour le : 16\/10\/2025<\/p>","protected":false},"excerpt":{"rendered":"<p>Les pastilles \u00e0 sucer Strepsils sont indiqu\u00e9es en cas de maux de gorge peu intenses et sans fi\u00e8vre, chez l&rsquo;adulte<\/p>","protected":false},"featured_media":17233,"comment_status":"open","ping_status":"closed","template":"","meta":{"_acf_changed":false},"product_brand":[],"product_cat":[275],"product_tag":[],"class_list":{"0":"post-17234","1":"product","2":"type-product","3":"status-publish","4":"has-post-thumbnail","6":"product_cat-aide-technique","8":"first","9":"instock","10":"shipping-taxable","11":"product-type-simple"},"acf":[],"df_price":"","df_sale_price":"","df_regular_price":"","df_image_link":"https:\/\/rahtek-dz.com\/wp-content\/uploads\/2026\/02\/w-501-h-501-zc-2-strepsils-pastilles-mal-de-gorge-strepsils15-1676891739.jpg-300x300.webp","_links":{"self":[{"href":"https:\/\/rahtek-dz.com\/ar\/wp-json\/wp\/v2\/product\/17234","targetHints":{"allow":["GET"]}}],"collection":[{"href":"https:\/\/rahtek-dz.com\/ar\/wp-json\/wp\/v2\/product"}],"about":[{"href":"https:\/\/rahtek-dz.com\/ar\/wp-json\/wp\/v2\/types\/product"}],"replies":[{"embeddable":true,"href":"https:\/\/rahtek-dz.com\/ar\/wp-json\/wp\/v2\/comments?post=17234"}],"wp:featuredmedia":[{"embeddable":true,"href":"https:\/\/rahtek-dz.com\/ar\/wp-json\/wp\/v2\/media\/17233"}],"wp:attachment":[{"href":"https:\/\/rahtek-dz.com\/ar\/wp-json\/wp\/v2\/media?parent=17234"}],"wp:term":[{"taxonomy":"product_brand","embeddable":true,"href":"https:\/\/rahtek-dz.com\/ar\/wp-json\/wp\/v2\/product_brand?post=17234"},{"taxonomy":"product_cat","embeddable":true,"href":"https:\/\/rahtek-dz.com\/ar\/wp-json\/wp\/v2\/product_cat?post=17234"},{"taxonomy":"product_tag","embeddable":true,"href":"https:\/\/rahtek-dz.com\/ar\/wp-json\/wp\/v2\/product_tag?post=17234"}],"curies":[{"name":"wp","href":"https:\/\/api.w.org\/{rel}","templated":true}]}}