{"id":17236,"date":"2026-02-11T12:02:51","date_gmt":"2026-02-11T11:02:51","guid":{"rendered":"https:\/\/rahtek-dz.com\/product\/alairgix-allergie\/"},"modified":"2026-02-11T12:02:51","modified_gmt":"2026-02-11T11:02:51","slug":"alairgix-allergie","status":"publish","type":"product","link":"https:\/\/rahtek-dz.com\/ar\/product\/alairgix-allergie\/","title":{"rendered":"Alairgix Allergie"},"content":{"rendered":"<p>Alairgix Allergie est un m\u00e9dicament antiallergique disponible sans ordonnance utilis\u00e9 dans\u00a0le traitement des sympt\u00f4mes nasaux et oculaires de la rhinite allergique saisonni\u00e8re ou perannuelle . Quand prendre Alairgix Allergie ? Ce m\u00e9dicament antihistaminique convient au traitement des sympt\u00f4mes nasaux et oculaires qui sont d\u00e9clench\u00e9s par une rhinite allergique saisonni\u00e8re ou une rhinite allergique perannuelle. Il peut \u00eatre utilis\u00e9 chez l&rsquo;adulte et l&rsquo;enfant de plus de 6 ans. Il peut \u00e9galement, sur avis du m\u00e9decin, \u00eatre utilis\u00e9 dans le traitement des sympt\u00f4mes qui sont associ\u00e9s \u00e0 de l&rsquo; urticaire chronique idiopathique . Son usage est seulement contre-indiqu\u00e9 chez les enfants de moins de 6 ans, chez les insuffisants r\u00e9naux graves et chez les personnes pr\u00e9sentant une hypersensibilit\u00e9 \u00e0 l&rsquo;un des composants. Composition du m\u00e9dicament Alairgix Alairgix Allergie contient un seul principe actif, \u00e0 savoir le Dichlorhydrate de cetirizine qui est dos\u00e9 \u00e0 hauteur de 10 milligrammes par comprim\u00e9 \u00e0 sucer, comme dans les comprim\u00e9s de Zyrtecset . La composition est compl\u00e9t\u00e9e par diff\u00e9rents excipients avec le Betadex, la povidone, le cyclamate de sodium, la cellulose en poudre, le citrate monosodique, la cellulose micro-cristalline, le st\u00e9arate de magn\u00e9sium et l&rsquo;ar\u00f4me pomme HR 290107. Posologie d&rsquo;Alairgix Allergie Les comprim\u00e9s d&rsquo;Alairgix sont \u00e0 laisser fondre directement sous la langue, qui peuvent aussi \u00eatre divis\u00e9s en doses \u00e9gales, ou \u00e9ventuellement \u00eatre dilu\u00e9s dans un peu d&rsquo;eau. La dose devra \u00eatre adapt\u00e9e en fonction de l&rsquo;\u00e2ge du sujet : Chez les enfants de 6 \u00e0 12 ans, il est indiqu\u00e9 de donner 5 mg par prise, soit l&rsquo;\u00e9quivalent d&rsquo;un demi-comprim\u00e9, et ce \u00e0 deux reprises au cours de la journ\u00e9e ; Chez les adolescents de plus de 12 ans et chez les adultes, le dosage est fix\u00e9 \u00e0 10 mg par prise, soit 1 comprim\u00e9, une seule fois par jour. Pour les sujets \u00e2g\u00e9s, aucun ajustement de la dose n&rsquo;est n\u00e9cessaire chez les personnes dont la fonction r\u00e9nale est normale. Pour les personnes qui souffrent d&rsquo;une insuffisance r\u00e9nale faible \u00e0 mod\u00e9r\u00e9e, il est recommand\u00e9 de demander l&rsquo;avis d&rsquo;un m\u00e9decin ou d&rsquo;un pharmacien pour savoir pr\u00e9cis\u00e9ment comment doser ce m\u00e9dicament antiallergique . Pr\u00e9sentation propos\u00e9e sur votre pharmacie en ligne : bo\u00eete de 7 comprim\u00e9s \u00e0 sucer s\u00e9cables au go\u00fbt pomme. Avis du \t\t\t\t\t\t\t                                                                                pharmacien \t\t\t\t\t\t\t                                                                                sur Alairgix Allergie Retrouvez les questions les plus fr\u00e9quemment pos\u00e9es par nos patients \u00e0 nos \u00e9quipes au comptoir de notre Pharmacie des Drakkars. Quelles sont les pr\u00e9cautions d&#8217;emploi et les contre-indications associ\u00e9es \u00e0 Alairgix ? L&rsquo;utilisation de ce m\u00e9dicament contre les allergies ne doit en aucun cas \u00eatre faite chez les personnes souffrant d&rsquo;une insuffisance r\u00e9nale grave, tout comme chez les individus pr\u00e9sentant une hypersensibilit\u00e9 au principe actif ou \u00e0 l&rsquo;un des excipients. Il ne convient pas non plus aux enfants de moins de 6 ans, et il est d\u00e9conseill\u00e9 chez les femmes enceintes ou allaitantes. L&rsquo;usage d&rsquo; Alairgix Allergie doit faire l&rsquo;objet de pr\u00e9cautions en cas d&rsquo;\u00e9pilepsie ou d&rsquo;ant\u00e9c\u00e9dents de convulsions. M\u00eame si aucune interaction nette n&rsquo;a \u00e9t\u00e9 constat\u00e9e avec l&rsquo;alcool, il est pr\u00e9f\u00e9rable d&rsquo;\u00e9viter la consommation de boissons alcoolis\u00e9es pendant le traitement.  Un traitement antihistaminique peut fausser les r\u00e9sultats d&rsquo;un test cutan\u00e9 d&rsquo;allergie, il est donc pr\u00e9conis\u00e9 d&rsquo;arr\u00eater la prise de ce m\u00e9dicament durant quelques jours avant d&rsquo;effectuer ce type de test. Alairgix peut \u00e9galement, dans de rares cas, avoir comme effet d&rsquo;entra\u00eener une baisse de la vigilance, ce qui induit qu&rsquo;il est important de v\u00e9rifier que son usage est bien support\u00e9 avant de conduire ou d&rsquo;utiliser une machine dangereuse. Le conseil en plus du pharmacien La c\u00e9tirizine agissant sur les manifestations de l&rsquo;allergie, mais n&rsquo;en supprimant nullement la cause, il est important de consulter un m\u00e9decin si les sympt\u00f4mes persistent au-del\u00e0 de 3 jours de traitement. Si vous avez le moindre doute quant \u00e0 l&rsquo;usage de ce m\u00e9dicament, n&rsquo;h\u00e9sitez pas \u00e0 demander conseil \u00e0 votre pharmacien. Des effets ind\u00e9sirables ont-ils \u00e9t\u00e9 rapport\u00e9s ? Les effets secondaires associ\u00e9s \u00e0 la prise d&rsquo; Alairgix Allergie qui ont \u00e9t\u00e9 les plus fr\u00e9quemment rapport\u00e9s sont de la somnolence, de la fatigue, des vertiges et\u00a0des maux de t\u00eate, ou plus rarement une s\u00e9cheresse de la bouche ou des troubles de l&rsquo;accommodation. Depuis la commercialisation de ce m\u00e9dicament contre les allergies , d&rsquo;autres effets ind\u00e9sirables ont \u00e9galement \u00e9t\u00e9 signal\u00e9s : Peu fr\u00e9quemment : une diarrh\u00e9e, de l&rsquo;agitation, un fourmillement des extr\u00e9mit\u00e9s, des d\u00e9mangeaisons ou une \u00e9ruption cutan\u00e9e ; Rarement : des convulsions, de l&rsquo;agressivit\u00e9, une d\u00e9pression, une insomnie, une tachycardie, une prise de poids, une augmentation des transaminases ; Tr\u00e8s rarement : des tics, des tremblements, une alt\u00e9ration du go\u00fbt, un\u00a0\u0153d\u00e8me de Quincke, une diminution du nombre de plaquettes sanguines. Dans le cas o\u00f9 vous constateriez d&rsquo;autres effets ind\u00e9sirables qui seraient associ\u00e9s \u00e0 la prise de ce m\u00e9dicament, il est important de la signaler \u00e0 l&rsquo;Agence Nationale de S\u00e9curit\u00e9 du M\u00e9dicament et des produits de sant\u00e9 (ANSM), ce que vous pouvez faire via le lien disponible dans l&rsquo;encart bleu qui se trouve en haut de page.  Pour soulager les d\u00e9sagr\u00e9ments li\u00e9s aux allergies, vous pourriez aimer le spray nasal\u00a0Alairgix Rhinite Allergique ,\u00a0ou les unidoses de collyre\u00a0Humex Conjonctivite Allergique .\u00a0Vous pourriez \u00e9galement \u00eatre\u00a0int\u00e9ress\u00e9s\u00a0par\u00a0les compl\u00e9ments alimentaires Granions Allerphyt , con\u00e7us pour le confort saisonnier et le renforcement de votre syst\u00e8me immunitaire.  D\u00e9couvrez aussi le g\u00e9n\u00e9rique C\u00e9tirizine en comprim\u00e9s s\u00e9cables . Marque Cooper R\u00e9f\u00e9rence(s) 3400936707580 Forme gal\u00e9nique comprim\u00e9 \u00e0 sucer s\u00e9cable Mol\u00e9cules sodium cyclamate &#8211; povidone &#8211; pomme ar\u00f4me &#8211; b\u00e9tadex &#8211; cellulose microcristalline &#8211; cellulose poudre &#8211; c\u00e9tirizine dichlorhydrate (10.0 mg) &#8211; citrate monosodique &#8211; magn\u00e9sium st\u00e9arate Substance Active c\u00e9tirizine dichlorhydrate Excipient b\u00e9tadex &#8211; cellulose microcristalline &#8211; cellulose poudre &#8211; citrate monosodique &#8211; magn\u00e9sium st\u00e9arate &#8211; pomme ar\u00f4me &#8211; povidone &#8211; sodium cyclamate Indications Conjonctivite allergique &#8211; Manifestations allergiques &#8211; Rhinite allergique &#8211; Urticaire Aromatisant pomme ar\u00f4me Mis \u00e0 jour le : 20\/03\/2025<\/p>","protected":false},"excerpt":{"rendered":"<p>Alairgix Allergie est un m\u00e9dicament antiallergique disponible sans ordonnance utilis\u00e9 dans\u00a0le traitement des sympt\u00f4mes nasaux et oculaires de la rhinite<\/p>","protected":false},"featured_media":17235,"comment_status":"open","ping_status":"closed","template":"","meta":{"_acf_changed":false},"product_brand":[],"product_cat":[275],"product_tag":[],"class_list":{"0":"post-17236","1":"product","2":"type-product","3":"status-publish","4":"has-post-thumbnail","6":"product_cat-aide-technique","8":"first","9":"instock","10":"shipping-taxable","11":"product-type-simple"},"acf":[],"df_price":"","df_sale_price":"","df_regular_price":"","df_image_link":"https:\/\/rahtek-dz.com\/wp-content\/uploads\/2026\/02\/w-501-h-501-zc-2-alairgix-allergie-cetirizine-10mg-cooper5-1709119595.jpg-300x300.webp","_links":{"self":[{"href":"https:\/\/rahtek-dz.com\/ar\/wp-json\/wp\/v2\/product\/17236","targetHints":{"allow":["GET"]}}],"collection":[{"href":"https:\/\/rahtek-dz.com\/ar\/wp-json\/wp\/v2\/product"}],"about":[{"href":"https:\/\/rahtek-dz.com\/ar\/wp-json\/wp\/v2\/types\/product"}],"replies":[{"embeddable":true,"href":"https:\/\/rahtek-dz.com\/ar\/wp-json\/wp\/v2\/comments?post=17236"}],"wp:featuredmedia":[{"embeddable":true,"href":"https:\/\/rahtek-dz.com\/ar\/wp-json\/wp\/v2\/media\/17235"}],"wp:attachment":[{"href":"https:\/\/rahtek-dz.com\/ar\/wp-json\/wp\/v2\/media?parent=17236"}],"wp:term":[{"taxonomy":"product_brand","embeddable":true,"href":"https:\/\/rahtek-dz.com\/ar\/wp-json\/wp\/v2\/product_brand?post=17236"},{"taxonomy":"product_cat","embeddable":true,"href":"https:\/\/rahtek-dz.com\/ar\/wp-json\/wp\/v2\/product_cat?post=17236"},{"taxonomy":"product_tag","embeddable":true,"href":"https:\/\/rahtek-dz.com\/ar\/wp-json\/wp\/v2\/product_tag?post=17236"}],"curies":[{"name":"wp","href":"https:\/\/api.w.org\/{rel}","templated":true}]}}