{"id":17238,"date":"2026-02-11T12:02:51","date_gmt":"2026-02-11T11:02:51","guid":{"rendered":"https:\/\/rahtek-dz.com\/product\/braun-bnt-400\/"},"modified":"2026-02-11T12:02:51","modified_gmt":"2026-02-11T11:02:51","slug":"braun-bnt-400","status":"publish","type":"product","link":"https:\/\/rahtek-dz.com\/ar\/product\/braun-bnt-400\/","title":{"rendered":"Braun BNT 400"},"content":{"rendered":"<p>Le thermom\u00e8tre sans contact + contact frontal BNT 400 Braun permet de mesurer la temp\u00e9rature de toute la famille, des aliments et du bain. Un thermom\u00e8tre frontal double action pour une pr\u00e9cision cliniquement prouv\u00e9e Le thermom\u00e8tre frontal BNT 400 de Braun poss\u00e8de une double technologie avec ou sans contact , pour la prise de la temp\u00e9rature de toute la famille, du nourrisson \u00e0 l&rsquo;adulte. Il convient \u00e9galement pour mesurer la temp\u00e9rature des aliments liquides et offre pour ces deux modes de fonctionnement une pr\u00e9cision cliniquement prouv\u00e9e. Ultra-facile d&rsquo;utilisation par un syst\u00e8me de guidage et de lumi\u00e8re de vis\u00e9e, il donne un r\u00e9sultat en seulement\u00a02 secondes. Poss\u00e9dant la technologie\u00a0\u00ab\u00a0Age Precision\u00a0\u00bb unique et brevet\u00e9e, ce thermom\u00e8tre permet d&rsquo;interpr\u00e9ter la temp\u00e9rature selon l&rsquo;\u00e2ge puisque\u00a0des recherches cliniques ont d\u00e9montr\u00e9\u00a0que\u00a0la d\u00e9finition de la fi\u00e8vre varie chez les nouveau-n\u00e9s, les enfants et les adultes. Avec la technologie Age Precision, l&rsquo;interpr\u00e9tation est facilit\u00e9e par une lecture simplifi\u00e9e par un code couleur : vert (temp\u00e9rature normale), jaune (temp\u00e9rature \u00e9lev\u00e9e) et rouge (forte temp\u00e9rature). Dot\u00e9 d&rsquo;un\u00a0\u00e9cran r\u00e9tro\u00e9clair\u00e9 et d&rsquo;un mode silencieux, ce thermom\u00e8tre est recommand\u00e9 aupr\u00e8s des parents pour interpr\u00e9ter la temp\u00e9rature de l&rsquo;enfant selon son \u00e2ge. Les plus du Thermom\u00e8tre Sans Contact + Contact Frontal BNT 400 Braun Ce thermom\u00e8tre sans contact + contact de Braun offre une palette d&rsquo;utilisations et de fonctionnalit\u00e9s. La technologie\u00a0Age Precision\u00a0offre un indicateur de fi\u00e8vre ajustable selon l&rsquo;\u00e2ge pour les membres de toute la famille.\u00a0Rapide et facile \u00e0 utiliser, en 2 secondes seulement le thermom\u00e8tre BNT 400 affiche une\u00a0temp\u00e9rature tr\u00e8s pr\u00e9cise.\u00a0Vous pouvez \u00e9galement mesure la temp\u00e9rature des aliments et du bain de b\u00e9b\u00e9. Conditionnements disponibles sur la Pharmacie des Drakkars pour le\u00a0thermom\u00e8tre sans contact + contact frontal\u00a0BNT\u00a0400\u00a0Braun\u00a0: Bo\u00eete comprenant 1 thermom\u00e8tre sans contact,\u00a01 \u00e9tui de protection et\u00a02 piles AAA Alkaline Offres sp\u00e9ciale : 1 thermom\u00e8tre + 1 livre d&rsquo;apprentissage Offert (sous r\u00e9serve de disponibilit\u00e9) Marque Braun R\u00e9f\u00e9rence(s) 4022167004000 Ancienne(s) d\u00e9signation(s) produit 4022167394002 Mis \u00e0 jour le : 29\/09\/2025<\/p>","protected":false},"excerpt":{"rendered":"<p>Le thermom\u00e8tre sans contact + contact frontal BNT 400 Braun permet de mesurer la temp\u00e9rature de toute la famille, des<\/p>","protected":false},"featured_media":17237,"comment_status":"open","ping_status":"closed","template":"","meta":{"_acf_changed":false},"product_brand":[],"product_cat":[275],"product_tag":[],"class_list":{"0":"post-17238","1":"product","2":"type-product","3":"status-publish","4":"has-post-thumbnail","6":"product_cat-aide-technique","8":"first","9":"instock","10":"shipping-taxable","11":"product-type-simple"},"acf":[],"df_price":"","df_sale_price":"","df_regular_price":"","df_image_link":"https:\/\/rahtek-dz.com\/wp-content\/uploads\/2026\/02\/w-501-h-501-zc-2-4022167004000-ld-0027-front-5de0e6be13353.jpg-300x300.webp","_links":{"self":[{"href":"https:\/\/rahtek-dz.com\/ar\/wp-json\/wp\/v2\/product\/17238","targetHints":{"allow":["GET"]}}],"collection":[{"href":"https:\/\/rahtek-dz.com\/ar\/wp-json\/wp\/v2\/product"}],"about":[{"href":"https:\/\/rahtek-dz.com\/ar\/wp-json\/wp\/v2\/types\/product"}],"replies":[{"embeddable":true,"href":"https:\/\/rahtek-dz.com\/ar\/wp-json\/wp\/v2\/comments?post=17238"}],"wp:featuredmedia":[{"embeddable":true,"href":"https:\/\/rahtek-dz.com\/ar\/wp-json\/wp\/v2\/media\/17237"}],"wp:attachment":[{"href":"https:\/\/rahtek-dz.com\/ar\/wp-json\/wp\/v2\/media?parent=17238"}],"wp:term":[{"taxonomy":"product_brand","embeddable":true,"href":"https:\/\/rahtek-dz.com\/ar\/wp-json\/wp\/v2\/product_brand?post=17238"},{"taxonomy":"product_cat","embeddable":true,"href":"https:\/\/rahtek-dz.com\/ar\/wp-json\/wp\/v2\/product_cat?post=17238"},{"taxonomy":"product_tag","embeddable":true,"href":"https:\/\/rahtek-dz.com\/ar\/wp-json\/wp\/v2\/product_tag?post=17238"}],"curies":[{"name":"wp","href":"https:\/\/api.w.org\/{rel}","templated":true}]}}