{"id":17240,"date":"2026-02-11T12:02:52","date_gmt":"2026-02-11T11:02:52","guid":{"rendered":"https:\/\/rahtek-dz.com\/product\/onetouch-delica-plus-lancettes-steriles\/"},"modified":"2026-02-11T12:02:52","modified_gmt":"2026-02-11T11:02:52","slug":"onetouch-delica-plus-lancettes-steriles","status":"publish","type":"product","link":"https:\/\/rahtek-dz.com\/ar\/product\/onetouch-delica-plus-lancettes-steriles\/","title":{"rendered":"OneTouch Delica Plus Lancettes St\u00e9riles"},"content":{"rendered":"<p>Les lancettes OneTouch Delica Plus sont con\u00e7ues pour un pr\u00e9l\u00e8vement capillaire confortable dans le cadre du suivi de la glyc\u00e9mie. Ces bandelettes s&rsquo;utilisent avec les stylos autopiqueurs OneTouch Delica Plus et OneTouch Delica . Une recharge de 200 lancettes st\u00e9riles pour stylos autopiqueurs OneTouch Ces lancettes sont con\u00e7ues pour \u00eatre utilis\u00e9es avec le stylo autopiqueur OneTouch Delica . Ce lecteur de glyc\u00e9mie connect\u00e9 est destin\u00e9 aux personnes diab\u00e9tiques pratiquant un auto-suivi de la glyc\u00e9mie. Ce dispositif vous aide \u00e0 mesurer votre taux de sucre dans le sang gr\u00e2ce \u00e0 un syst\u00e8me de r\u00e9sultats en couleur qui vous permet de visualiser rapidement si votre taux se trouve au-dessus, en-dessous ou dans votre objectif. Ces lancettes poss\u00e8dent un rev\u00eatement en silicone \u00e0 calibre fin (30 g &#8211; 0,32 mm). Con\u00e7ues pour un pr\u00e9l\u00e8vement capillaire confortable, les lancettes OneTouch Delica Plus r\u00e9duisent les vibrations pour une mesure de pr\u00e9cision et de confort. Vous avez le choix entre 13 r\u00e9glages de profondeur de piq\u00fbre pour plus de confort. Conditionnement propos\u00e9 par la Pharmacie des Drakkars pour\u00a0OneTouch Delica Plus Lancettes St\u00e9riles : bo\u00eete de 200 lancettes st\u00e9riles. Avis du \t\t\t\t\t\t\t                                                                                pharmacien \t\t\t\t\t\t\t                                                                                sur OneTouch Delica Plus Lancettes St\u00e9riles Ins\u00e9rez la lancette dans le stylo autopiqueur et retirez le disque protecteur. Consultez le mode d&#8217;emploi du stylo autopiqueur compatible. Jetez la lancette apr\u00e8s emploi. Pr\u00e9cautions d&#8217;emploi : Produit \u00e0 usage unique. Ne pas r\u00e9utiliser. Le stylo est personnel, il ne doit pas \u00eatre partag\u00e9 avec une autre personne. Marque OneTouch R\u00e9f\u00e9rence(s) 4580505780059 Mis \u00e0 jour le : 26\/03\/2025<\/p>","protected":false},"excerpt":{"rendered":"<p>Les lancettes OneTouch Delica Plus sont con\u00e7ues pour un pr\u00e9l\u00e8vement capillaire confortable dans le cadre du suivi de la glyc\u00e9mie.<\/p>","protected":false},"featured_media":17239,"comment_status":"open","ping_status":"closed","template":"","meta":{"_acf_changed":false},"product_brand":[],"product_cat":[275],"product_tag":[],"class_list":{"0":"post-17240","1":"product","2":"type-product","3":"status-publish","4":"has-post-thumbnail","6":"product_cat-aide-technique","8":"first","9":"instock","10":"shipping-taxable","11":"product-type-simple"},"acf":[],"df_price":"","df_sale_price":"","df_regular_price":"","df_image_link":"https:\/\/rahtek-dz.com\/wp-content\/uploads\/2026\/02\/w-501-h-501-zc-2-4580505780059-ld-0023-front-5f1069f007688.jpg-300x300.webp","_links":{"self":[{"href":"https:\/\/rahtek-dz.com\/ar\/wp-json\/wp\/v2\/product\/17240","targetHints":{"allow":["GET"]}}],"collection":[{"href":"https:\/\/rahtek-dz.com\/ar\/wp-json\/wp\/v2\/product"}],"about":[{"href":"https:\/\/rahtek-dz.com\/ar\/wp-json\/wp\/v2\/types\/product"}],"replies":[{"embeddable":true,"href":"https:\/\/rahtek-dz.com\/ar\/wp-json\/wp\/v2\/comments?post=17240"}],"wp:featuredmedia":[{"embeddable":true,"href":"https:\/\/rahtek-dz.com\/ar\/wp-json\/wp\/v2\/media\/17239"}],"wp:attachment":[{"href":"https:\/\/rahtek-dz.com\/ar\/wp-json\/wp\/v2\/media?parent=17240"}],"wp:term":[{"taxonomy":"product_brand","embeddable":true,"href":"https:\/\/rahtek-dz.com\/ar\/wp-json\/wp\/v2\/product_brand?post=17240"},{"taxonomy":"product_cat","embeddable":true,"href":"https:\/\/rahtek-dz.com\/ar\/wp-json\/wp\/v2\/product_cat?post=17240"},{"taxonomy":"product_tag","embeddable":true,"href":"https:\/\/rahtek-dz.com\/ar\/wp-json\/wp\/v2\/product_tag?post=17240"}],"curies":[{"name":"wp","href":"https:\/\/api.w.org\/{rel}","templated":true}]}}