{"id":17248,"date":"2026-02-11T12:02:52","date_gmt":"2026-02-11T11:02:52","guid":{"rendered":"https:\/\/rahtek-dz.com\/product\/maxilase-sirop-ou-comprimes\/"},"modified":"2026-02-11T12:02:52","modified_gmt":"2026-02-11T11:02:52","slug":"maxilase-sirop-ou-comprimes","status":"publish","type":"product","link":"https:\/\/rahtek-dz.com\/ar\/product\/maxilase-sirop-ou-comprimes\/","title":{"rendered":"Maxilase sirop ou comprim\u00e9s"},"content":{"rendered":"<p>\u200b Maxilase est un m\u00e9dicament contenant une enzyme, l&rsquo;alpha amylase, permettant de lutter contre l&rsquo;inflammation et l&rsquo;\u0153d\u00e8me. Maxilase est notamment utilis\u00e9 dans le traitement de l&rsquo;inflammation aigu\u00eb de la gorge . POURQUOI PRENDRE MAXILASE COMPRIM\u00c9S OU MAXILASE SIROP EN CAS DE MAUX DE GORGE ? Maxilase va agir sur la congestion au niveau de l&rsquo;oropharynx et permettre de soulager imm\u00e9diatement les douleurs, inflammations et troubles de la d\u00e9glutition associ\u00e9s \u00e0 un mal de gorge . Gr\u00e2ce aux propri\u00e9t\u00e9s anti-inflammatoires de Maxilase, vos douleurs de gorge vont diminuer, et vous aurez moins de difficult\u00e9s \u00e0 d\u00e9glutir et avaler. Pr\u00e9sentations propos\u00e9es par votre pharmacie en ligne : Maxilase comprim\u00e9s en boite de 30 ; Maxilase sirop en flacon de 200 ml. COMMENT PRENDRE MAXILASE LORS DE MAUX DE GORGE ? Ce m\u00e9dicament est indiqu\u00e9 dans le traitement d&rsquo;appoint des \u00e9tats congestifs de l&rsquo;oropharynx et maux de gorge . Devant les signes cliniques g\u00e9n\u00e9raux d&rsquo;infection bact\u00e9rienne, une antibioth\u00e9rapie par voie g\u00e9n\u00e9rale doit \u00eatre envisag\u00e9e. Les comprim\u00e9s de Maxilase sont r\u00e9serv\u00e9s \u00e0 l&rsquo;adulte. Ils doivent \u00eatre aval\u00e9s \u00e0 raison de 1 comprim\u00e9 3 fois par jour au cours des repas. Avaler les comprim\u00e9s, sans les croquer, avec un verre d&rsquo;eau. En l&rsquo;absence d&rsquo;am\u00e9lioration au bout de 5 jours de traitement, il est n\u00e9cessaire de prendre un avis m\u00e9dical. La forme sirop est plus adapt\u00e9e \u00e0 l&rsquo;enfant. Pour un enfant de 6 mois \u00e0 3 ans (environ 7 \u00e0 15 kg), la posologie recommand\u00e9e est de 1 cuill\u00e8re \u00e0 caf\u00e9 de sirop 3 fois par jour. Pour un enfant de plus de 3 ans (environ 15 kg), la posologie adapt\u00e9e est de 2 cuill\u00e8res \u00e0 caf\u00e9 de sirop 3 fois par jour. Les adultes peuvent prendre soit 1 cuill\u00e8re \u00e0 soupe de sirop ou bien 1 comprim\u00e9 3 fois par jour. Maxilase m\u00e9dicament pour les maux de gorge : contre-indications Ce m\u00e9dicament ne doit pas \u00eatre utilis\u00e9 en cas d&rsquo;ant\u00e9c\u00e9dent d&rsquo;allergie \u00e0 l&rsquo;alpha amylase. Maxilase maux de gorge et grossesse : Par mesure de pr\u00e9caution et en absence d&rsquo;\u00e9tude suffisante, la prise de Maxilase est d\u00e9conseill\u00e9e pendant la grossesse et l&rsquo;allaitement. Demandez conseil \u00e0 votre pharmacien ou \u00e0 votre m\u00e9decin avant toute utilisation. M\u00e9dicament Maxilase : effets ind\u00e9sirables possibles Comme tout m\u00e9dicament, Maxilase peut induire des effets secondaires ind\u00e9sirables non syst\u00e9matiques tels que des naus\u00e9es, des vomissements, une r\u00e9action allergique (d\u00e9mangeaisons, urticaire, \u0153d\u00e8me de Quincke, choc). Avis du \t\t\t\t\t\t\t                                                                                pharmacien \t\t\t\t\t\t\t                                                                                sur Maxilase sirop ou comprim\u00e9s Les maux de gorge font partie des sympt\u00f4mes communs \u00e0 diverses maladies. Ces maladies peuvent prendre la forme d\u2019une angine, une laryngite, une pharyngite, une trach\u00e9ite ou encore d\u2019une grippe.  Lorsque le mal de gorge s\u2019accompagne de fi\u00e8vre, vous devez consulter votre m\u00e9decin pour qu\u2019il puisse \u00e9mettre un diagnostic.  Des gestes simples d\u2019hygi\u00e8ne peuvent vous permettre d\u2019\u00e9viter les maux de gorge ou de tomber malade : lavez-vous r\u00e9guli\u00e8rement les mains ; toussez ou \u00e9ternuez dans votre coude et utilisez des mouchoirs \u00e0 usage unique ; d\u00e9sinfectez votre nez afin d\u2019\u00e9liminer les virus pr\u00e9sents dans les voies a\u00e9riennes sup\u00e9rieures ; veillez \u00e0 dormir bien et suffisamment pour renforcer vos d\u00e9fenses immunitaires. Marque Opella R\u00e9f\u00e9rence(s) 3400934348686, 3400934778896 Aromatisant orange essence &#8211; mandarine essence d\u00e9terp\u00e9n\u00e9e &#8211; gomme adragante &#8211; eau purifi\u00e9e &#8211; mandarine essence Mol\u00e9cules orange essence &#8211; saccharose solution &#8211; mandarine essence d\u00e9terp\u00e9n\u00e9e &#8211; gomme adragante &#8211; acide citrique monohydrate &#8211; eau purifi\u00e9e &#8211; eau potable &#8211; mandarine essence &#8211; glyc\u00e9rol &#8211; p-hydroxybenzoate de propyle sodique &#8211; alpha-amylase (200.0 U CEIP) &#8211; jaune orang\u00e9 S &#8211; saccharose &#8211; acide citrique &#8211; p-hydroxybenzoate de m\u00e9thyle sodique Excipient \u00e0 effet notoire saccharose solution &#8211; glyc\u00e9rol &#8211; p-hydroxybenzoate de propyle sodique &#8211; jaune orang\u00e9 S &#8211; saccharose &#8211; p-hydroxybenzoate de m\u00e9thyle sodique Excipient acide citrique monohydrate &#8211; eau purifi\u00e9e &#8211; glyc\u00e9rol &#8211; gomme adragante &#8211; mandarine essence d\u00e9terp\u00e9n\u00e9e &#8211; orange essence &#8211; mandarine essence &#8211; acide citrique &#8211; eau potable Indications Stomatite &#8211; Angine Forme gal\u00e9nique sirop Substance Active alpha-amylase Mis \u00e0 jour le : 29\/12\/2025<\/p>","protected":false},"excerpt":{"rendered":"<p>\u200b Maxilase est un m\u00e9dicament contenant une enzyme, l&rsquo;alpha amylase, permettant de lutter contre l&rsquo;inflammation et l&rsquo;\u0153d\u00e8me. Maxilase est notamment<\/p>","protected":false},"featured_media":17247,"comment_status":"open","ping_status":"closed","template":"","meta":{"_acf_changed":false},"product_brand":[],"product_cat":[275],"product_tag":[],"class_list":{"0":"post-17248","1":"product","2":"type-product","3":"status-publish","4":"has-post-thumbnail","6":"product_cat-aide-technique","8":"first","9":"instock","10":"shipping-taxable","11":"product-type-simple"},"acf":[],"df_price":"","df_sale_price":"","df_regular_price":"","df_image_link":"https:\/\/rahtek-dz.com\/wp-content\/uploads\/2026\/02\/w-501-h-501-zc-2-maxilase-en-sirop-ou-comprimes-maux-de-gorge-sanofi-3400934778896-presentation-30-comprimes-5d971d9262947-0000.jpg-300x300.webp","_links":{"self":[{"href":"https:\/\/rahtek-dz.com\/ar\/wp-json\/wp\/v2\/product\/17248","targetHints":{"allow":["GET"]}}],"collection":[{"href":"https:\/\/rahtek-dz.com\/ar\/wp-json\/wp\/v2\/product"}],"about":[{"href":"https:\/\/rahtek-dz.com\/ar\/wp-json\/wp\/v2\/types\/product"}],"replies":[{"embeddable":true,"href":"https:\/\/rahtek-dz.com\/ar\/wp-json\/wp\/v2\/comments?post=17248"}],"wp:featuredmedia":[{"embeddable":true,"href":"https:\/\/rahtek-dz.com\/ar\/wp-json\/wp\/v2\/media\/17247"}],"wp:attachment":[{"href":"https:\/\/rahtek-dz.com\/ar\/wp-json\/wp\/v2\/media?parent=17248"}],"wp:term":[{"taxonomy":"product_brand","embeddable":true,"href":"https:\/\/rahtek-dz.com\/ar\/wp-json\/wp\/v2\/product_brand?post=17248"},{"taxonomy":"product_cat","embeddable":true,"href":"https:\/\/rahtek-dz.com\/ar\/wp-json\/wp\/v2\/product_cat?post=17248"},{"taxonomy":"product_tag","embeddable":true,"href":"https:\/\/rahtek-dz.com\/ar\/wp-json\/wp\/v2\/product_tag?post=17248"}],"curies":[{"name":"wp","href":"https:\/\/api.w.org\/{rel}","templated":true}]}}