{"id":17250,"date":"2026-02-11T12:02:52","date_gmt":"2026-02-11T11:02:52","guid":{"rendered":"https:\/\/rahtek-dz.com\/product\/humex-sirop-toux-seche\/"},"modified":"2026-02-11T12:02:52","modified_gmt":"2026-02-11T11:02:52","slug":"humex-sirop-toux-seche","status":"publish","type":"product","link":"https:\/\/rahtek-dz.com\/ar\/product\/humex-sirop-toux-seche\/","title":{"rendered":"Humex Sirop Toux S\u00e8che"},"content":{"rendered":"<p>Le sirop Humex Toux S\u00e8che est un antihistaminique destin\u00e9 \u00e0 soigner et calmer la toux s\u00e8che , notamment lors d\u2019\u00e9pisodes nocturnes. Composition et formulation de Humex Sirop Toux S\u00e8che Oxom\u00e9mazine Formul\u00e9 avec de l\u2019oxom\u00e9mazine, Humex Sirop Toux S\u00e8che est indiqu\u00e9 pour le traitement symptomatique de la toux s\u00e8che . Sous la formule d&rsquo;une solution buvable, ce m\u00e9dicament va permettre de calmer rapidement les \u00e9pisodes de toux qui peuvent, notamment la nuit, \u00eatre tr\u00e8s g\u00eanantes. Utilisable chez l\u2019adulte comme chez l\u2019enfant de plus de 2 ans, sa substance active, l\u2019oxom\u00e9mazine , va permettre de calmer rapidement la toux s\u00e8che. La prise de Humex Sirop Toux S\u00e8che Oxom\u00e9mazine est facilit\u00e9e gr\u00e2ce au gobelet doseur. Ce m\u00e9dicament est aromatis\u00e9 au caramel. Informations et contre-indication \u00e0 la prise de Humex Sirop Toux S\u00e8che Humex Sirop Toux S\u00e8che Oxom\u00e9mazine est un m\u00e9dicament. Il est important de prendre connaissance de la notice avant de l\u2019utiliser. En cas de doute, demandez conseil \u00e0 votre m\u00e9decin ou votre pharmacien. Humex Sirop Toux S\u00e8che Oxom\u00e9mazine contient des informations et des contre-indications qu\u2019il est n\u00e9cessaire de conna\u00eetre avant de d\u00e9buter le traitement. Si vous suivez un traitement, demandez conseil \u00e0 votre m\u00e9decin ou votre pharmacien. Il est important de signaler la prise de tout autre m\u00e9dicament avant de prendre Humex Sirop Toux S\u00e8che, pour \u00e9viter et limiter le risque d\u2019interf\u00e9rence entre eux. L&rsquo;oxom\u00e9mazine est un antihistaminique qui peut avoir des effets s\u00e9datifs, notamment en d\u00e9but de traitement. Ne pas utiliser ce m\u00e9dicament dans le but de soigner une toux grasse. Si vous souhaitez soigner une toux grasse , tournez vous vers Humex Sirop toux grasse. La consommation de tabac peut \u00eatre l\u2019une des causes de la toux. Ne pas utiliser chez la femme enceinte ou allaitante. Toujours demander l\u2019avis d\u2019un m\u00e9decin ou d\u2019un pharmacien. Pr\u00e9sentation pour Humex Sirop Toux S\u00e8che sur le site de votre pharmacie en ligne : Humex Sirop Toux S\u00e8che Oxom\u00e9mazine ar\u00f4me caramel 150 ml Sans sucre ou sucr\u00e9 D\u00e9couvrez tous les m\u00e9dicaments sans\u00a0ordonnance Humex sur votre pharmacie en ligne. Vous pourriez aussi aimer Toplexil sirop pour la toux s\u00e8che ou encore H\u00e9licidine sirop sans sucre . Guides \t\t\t\t\t\t                                                                                      de Humex Sirop Toux S\u00e8che Sant\u00e9 Conseils et rem\u00e8des pour arr\u00eater de tousser rapidement Vous en avez assez de tousser et souhaitez trouver comment stopper cette g\u00eane rapidement ? Qu&rsquo;elle soit s\u00e8che ou grasse, la toux peut &#8230; Marque Humex R\u00e9f\u00e9rence(s) 3400949215249, 3400949246526 Excipient \u00e0 effet notoire sodium benzoate &#8211; maltitol &#8211; glyc\u00e9rol &#8211; propyl\u00e8neglycol &#8211; saccharose Aromatisant vanilline &#8211; caramel ar\u00f4me Forme gal\u00e9nique solution buvable &#8211; sirop Excipient potassium ac\u00e9sulfame &#8211; acide citrique monohydrate &#8211; benzald\u00e9hyde &#8211; caramel ar\u00f4me &#8211; colorant caramel &#8211; eau purifi\u00e9e &#8211; \u00e9thylvanilline &#8211; sodium benzoate &#8211; sodium citrate &#8211; vanilline Mol\u00e9cules potassium ac\u00e9sulfame &#8211; maltitol &#8211; vanilline &#8211; sodium citrate &#8211; acide citrique monohydrate &#8211; benzald\u00e9hyde &#8211; caramel ar\u00f4me &#8211; colorant caramel &#8211; eau purifi\u00e9e &#8211; \u00e9thylvanilline &#8211; glyc\u00e9rol &#8211; oxom\u00e9mazine (0.33 mg) &#8211; propyl\u00e8neglycol &#8211; saccharose &#8211; sodium benzoate Substance Active oxom\u00e9mazine Indications Toux Mis \u00e0 jour le : 26\/01\/2026<\/p>","protected":false},"excerpt":{"rendered":"<p>Le sirop Humex Toux S\u00e8che est un antihistaminique destin\u00e9 \u00e0 soigner et calmer la toux s\u00e8che , notamment lors d\u2019\u00e9pisodes<\/p>","protected":false},"featured_media":17249,"comment_status":"open","ping_status":"closed","template":"","meta":{"_acf_changed":false},"product_brand":[],"product_cat":[275],"product_tag":[],"class_list":{"0":"post-17250","1":"product","2":"type-product","3":"status-publish","4":"has-post-thumbnail","6":"product_cat-aide-technique","8":"first","9":"instock","10":"shipping-taxable","11":"product-type-simple"},"acf":[],"df_price":"","df_sale_price":"","df_regular_price":"","df_image_link":"https:\/\/rahtek-dz.com\/wp-content\/uploads\/2026\/02\/w-501-h-501-zc-2-humex-sirop-toux-seche-humex4-1742201806.jpg-300x300.webp","_links":{"self":[{"href":"https:\/\/rahtek-dz.com\/ar\/wp-json\/wp\/v2\/product\/17250","targetHints":{"allow":["GET"]}}],"collection":[{"href":"https:\/\/rahtek-dz.com\/ar\/wp-json\/wp\/v2\/product"}],"about":[{"href":"https:\/\/rahtek-dz.com\/ar\/wp-json\/wp\/v2\/types\/product"}],"replies":[{"embeddable":true,"href":"https:\/\/rahtek-dz.com\/ar\/wp-json\/wp\/v2\/comments?post=17250"}],"wp:featuredmedia":[{"embeddable":true,"href":"https:\/\/rahtek-dz.com\/ar\/wp-json\/wp\/v2\/media\/17249"}],"wp:attachment":[{"href":"https:\/\/rahtek-dz.com\/ar\/wp-json\/wp\/v2\/media?parent=17250"}],"wp:term":[{"taxonomy":"product_brand","embeddable":true,"href":"https:\/\/rahtek-dz.com\/ar\/wp-json\/wp\/v2\/product_brand?post=17250"},{"taxonomy":"product_cat","embeddable":true,"href":"https:\/\/rahtek-dz.com\/ar\/wp-json\/wp\/v2\/product_cat?post=17250"},{"taxonomy":"product_tag","embeddable":true,"href":"https:\/\/rahtek-dz.com\/ar\/wp-json\/wp\/v2\/product_tag?post=17250"}],"curies":[{"name":"wp","href":"https:\/\/api.w.org\/{rel}","templated":true}]}}