{"id":17252,"date":"2026-02-11T12:02:52","date_gmt":"2026-02-11T11:02:52","guid":{"rendered":"https:\/\/rahtek-dz.com\/product\/oral-b-io-5\/"},"modified":"2026-02-11T12:02:52","modified_gmt":"2026-02-11T11:02:52","slug":"oral-b-io-5","status":"publish","type":"product","link":"https:\/\/rahtek-dz.com\/ar\/product\/oral-b-io-5\/","title":{"rendered":"\u0623\u0648\u0631\u0627\u0644 \u0628\u064a \u0622\u064a \u0623\u0648 5"},"content":{"rendered":"<p>La brosse \u00e0 dents \u00e9lectrique Oral B iO 5 poss\u00e8de 5 modes de nettoyage , des conseils de brossage en temps r\u00e9el et un minuteur lumineux pour un brossage professionnel. Choisir la brosse \u00e0 dents Oral-B iO 5 pour un nettoyage professionnel Une bonne hygi\u00e8ne bucco-dentaire est essentielle. Pour cela, Oral-B a d\u00e9velopp\u00e9 sa technologie iO qui prodigue un brossage professionnel gr\u00e2ce \u00e0 des micro-vibrations. Choisir la technologie iO 5, c&rsquo;est assurer une meilleure protection des gencives et une r\u00e9duction du tartre par rapport \u00e0 l&rsquo;utilisation d&rsquo;une brosse \u00e0 dents manuelle. La brosse \u00e0 dents Oral-B iO 5 comprend : 5 modes de brossage intelligents : propret\u00e9, propret\u00e9 intense, douceur, extra-douceur et blancheur des dents un coaching de brossage en direct gr\u00e2ce \u00e0 l&rsquo;application Oral-B via la connectivit\u00e9 Bluetooth un capteur de pression lumineux qui vous indique si vous appuyez trop fort sur vos gencives un minuteur de 2 minutes int\u00e9gr\u00e9 une batterie longue dur\u00e9e ainsi qu&rsquo;un t\u00e9moin lumineux vous indiquant quand il est temps de la recharger un rappel de changement de brossette lorsqu&rsquo;il est temps de remplacer votre brossette Notre pharmacie vous propose la brosse \u00e0 dents \u00e9lectrique Oral-B iO 5 dans un coffret comprenant la brosse \u00e0 dents avec une brossette sur la le manche\u00a0et une brossette de rechange (soit 2 au total), un chargeur et un \u00e9tui de voyage . Avis du \t\t\t\t\t\t\t                                                                                pharmacien \t\t\t\t\t\t\t                                                                                sur Oral B iO 5 Pour optimiser l&rsquo;efficacit\u00e9 de votre brossage, nous recommandons de vous brosser les dents deux fois par jour pendant au moins 2 minutes (indiqu\u00e9 par le t\u00e9moin lumineux de la Oral B iO 5), id\u00e9alement apr\u00e8s les repas.  Utilisez un dentifrice adapt\u00e9 \u00e0 vos besoins (sensibilit\u00e9, blancheur, protection des gencives) et n&rsquo;oubliez pas de changer votre brossette tous les 3 mois ou d\u00e8s que les poils s&rsquo;\u00e9cartent.  Compl\u00e9tez votre routine avec l&rsquo;utilisation quotidienne de fil dentaire ou de brossettes interdentaires pour \u00e9liminer la plaque dans les espaces difficiles d&rsquo;acc\u00e8s. Un bain de bouche peut \u00e9galement \u00eatre utilis\u00e9 en compl\u00e9ment, mais ne doit jamais remplacer le brossage.  Enfin, pensez \u00e0 consulter votre dentiste tous les ans pour un contr\u00f4le et un d\u00e9tartrage professionnel. Marque Oral-B iO R\u00e9f\u00e9rence(s) 8700216822121 Mis \u00e0 jour le : 15\/01\/2026<\/p>","protected":false},"excerpt":{"rendered":"<p>La brosse \u00e0 dents \u00e9lectrique Oral B iO 5 poss\u00e8de 5 modes de nettoyage , des conseils de brossage en<\/p>","protected":false},"featured_media":17251,"comment_status":"open","ping_status":"closed","template":"","meta":{"_acf_changed":false},"product_brand":[],"product_cat":[275],"product_tag":[],"class_list":{"0":"post-17252","1":"product","2":"type-product","3":"status-publish","4":"has-post-thumbnail","6":"product_cat-aide-technique","8":"first","9":"instock","10":"shipping-taxable","11":"product-type-simple"},"acf":[],"df_price":"","df_sale_price":"","df_regular_price":"","df_image_link":"https:\/\/rahtek-dz.com\/wp-content\/uploads\/2026\/02\/w-501-h-501-zc-2-oral-b-io-5-oral-b-io1-1757345709.jpg-300x300.webp","_links":{"self":[{"href":"https:\/\/rahtek-dz.com\/ar\/wp-json\/wp\/v2\/product\/17252","targetHints":{"allow":["GET"]}}],"collection":[{"href":"https:\/\/rahtek-dz.com\/ar\/wp-json\/wp\/v2\/product"}],"about":[{"href":"https:\/\/rahtek-dz.com\/ar\/wp-json\/wp\/v2\/types\/product"}],"replies":[{"embeddable":true,"href":"https:\/\/rahtek-dz.com\/ar\/wp-json\/wp\/v2\/comments?post=17252"}],"wp:featuredmedia":[{"embeddable":true,"href":"https:\/\/rahtek-dz.com\/ar\/wp-json\/wp\/v2\/media\/17251"}],"wp:attachment":[{"href":"https:\/\/rahtek-dz.com\/ar\/wp-json\/wp\/v2\/media?parent=17252"}],"wp:term":[{"taxonomy":"product_brand","embeddable":true,"href":"https:\/\/rahtek-dz.com\/ar\/wp-json\/wp\/v2\/product_brand?post=17252"},{"taxonomy":"product_cat","embeddable":true,"href":"https:\/\/rahtek-dz.com\/ar\/wp-json\/wp\/v2\/product_cat?post=17252"},{"taxonomy":"product_tag","embeddable":true,"href":"https:\/\/rahtek-dz.com\/ar\/wp-json\/wp\/v2\/product_tag?post=17252"}],"curies":[{"name":"wp","href":"https:\/\/api.w.org\/{rel}","templated":true}]}}