{"id":17258,"date":"2026-02-11T12:02:53","date_gmt":"2026-02-11T11:02:53","guid":{"rendered":"https:\/\/rahtek-dz.com\/product\/vermiscan-vermifuge-chien\/"},"modified":"2026-02-11T12:02:53","modified_gmt":"2026-02-11T11:02:53","slug":"vermiscan-vermifuge-chien","status":"publish","type":"product","link":"https:\/\/rahtek-dz.com\/ar\/product\/vermiscan-vermifuge-chien\/","title":{"rendered":"\u062f\u0648\u0627\u0621 \u0641\u064a\u0631\u0645\u064a\u0633\u0643\u0627\u0646 \u0644\u0639\u0644\u0627\u062c \u062f\u064a\u062f\u0627\u0646 \u0627\u0644\u0643\u0644\u0627\u0628"},"content":{"rendered":"<p>VermiScan de Cl\u00e9ment Th\u00e9kan est un vermifuge pour chien pour le traitement des vers ronds et des vers plats. Ce vermifuge est disponible pour les chiens de 2 \u00e0 10kg ainsi que les chiens de plus de 10kg. Mode d&rsquo;action de Cl\u00e9ment Th\u00e9kan VermiScan Vermifuge Chien Pour traiter son chien contre les vers , le vermifuge VermiScan de Cl\u00e9ment Th\u00e9kan est un m\u00e9dicament v\u00e9t\u00e9rinaire \u00e0 base de Nitroscanate, pour le traitement des infestations par les vers ronds et les vers plats. Ce m\u00e9dicament sous forme de comprim\u00e9s est un anthelminthique \u00e0 large spectre utilis\u00e9 chez les chiots et chiens adultes pour traiter les infestations des n\u00e9matodes ou des cestodes intestinaux . Pr\u00e9sentations propos\u00e9es par votre pharmacien en ligne :\u00a0Chiots et Petits Chien de 2 \u00e0 10 kg &#8211; dosage 100 mg &#8211; bo\u00eete de 6 comprim\u00e9s pellicul\u00e9s ronds ;\u00a0Chiens de plus de 10 kg &#8211; dosage 500 mg &#8211; bo\u00eete de 4 comprim\u00e9s pellicul\u00e9s ronds. Avis du \t\t\t\t\t\t\t                                                                                pharmacien \t\t\t\t\t\t\t                                                                                sur Vermiscan Vermifuge Chien Ne fractionnez pas les comprim\u00e9s avant l&rsquo;administration. Les comprim\u00e9s sont \u00e0 administrer par voie orale le matin, apr\u00e8s un je\u00fbne nocturne, avec environ un cinqui\u00e8me de la ration journali\u00e8re de nourriture. Le reste de la ration ne sera pas administr\u00e9 avant un d\u00e9lai de 8 heures. Pr\u00e9cautions d&#8217;emploi : Ne pas administrer \u00e0 un animal malade ou en convalescence. Ne pas utiliser chez le chiot de moins de 3 semaines. Ne pas utiliser en cas de dysfonctionnement h\u00e9patique. Ne pas utiliser en cas d&rsquo;hypersensibilit\u00e9 connue \u00e0 la substance active. Ne pas renouveler le traitement si l&rsquo;animal vomit apr\u00e8s l&rsquo;administration du m\u00e9dicament. Se laver les mains apr\u00e8s administration. Guides \t\t\t\t\t\t                                                                                      de Vermiscan Vermifuge Chien Guides pratiques Vermifuge du chien Le vermifuge chien est un\u00a0produit antiparasitaire\u00a0qui prot\u00e8ge votre animal contre les vers intestinaux ronds (les n\u00e9matodes) &#8230; Marque Cl\u00e9ment Th\u00e9kan R\u00e9f\u00e9rence(s) 3595890242045, 3595890242076 Animal Chien Mis \u00e0 jour le : 06\/02\/2026<\/p>","protected":false},"excerpt":{"rendered":"<p>VermiScan de Cl\u00e9ment Th\u00e9kan est un vermifuge pour chien pour le traitement des vers ronds et des vers plats. Ce<\/p>","protected":false},"featured_media":17257,"comment_status":"open","ping_status":"closed","template":"","meta":{"_acf_changed":false},"product_brand":[],"product_cat":[275],"product_tag":[],"class_list":{"0":"post-17258","1":"product","2":"type-product","3":"status-publish","4":"has-post-thumbnail","6":"product_cat-aide-technique","8":"first","9":"instock","10":"shipping-taxable","11":"product-type-simple"},"acf":[],"df_price":"","df_sale_price":"","df_regular_price":"","df_image_link":"https:\/\/rahtek-dz.com\/wp-content\/uploads\/2026\/02\/w-501-h-501-zc-2-vermiscan-vermifuges-chien-clement-thekan-3595890242076-presentation-petit-chien-2-a-10-kg-60c9f24fc19a9-0000.jpg-300x300.webp","_links":{"self":[{"href":"https:\/\/rahtek-dz.com\/ar\/wp-json\/wp\/v2\/product\/17258","targetHints":{"allow":["GET"]}}],"collection":[{"href":"https:\/\/rahtek-dz.com\/ar\/wp-json\/wp\/v2\/product"}],"about":[{"href":"https:\/\/rahtek-dz.com\/ar\/wp-json\/wp\/v2\/types\/product"}],"replies":[{"embeddable":true,"href":"https:\/\/rahtek-dz.com\/ar\/wp-json\/wp\/v2\/comments?post=17258"}],"wp:featuredmedia":[{"embeddable":true,"href":"https:\/\/rahtek-dz.com\/ar\/wp-json\/wp\/v2\/media\/17257"}],"wp:attachment":[{"href":"https:\/\/rahtek-dz.com\/ar\/wp-json\/wp\/v2\/media?parent=17258"}],"wp:term":[{"taxonomy":"product_brand","embeddable":true,"href":"https:\/\/rahtek-dz.com\/ar\/wp-json\/wp\/v2\/product_brand?post=17258"},{"taxonomy":"product_cat","embeddable":true,"href":"https:\/\/rahtek-dz.com\/ar\/wp-json\/wp\/v2\/product_cat?post=17258"},{"taxonomy":"product_tag","embeddable":true,"href":"https:\/\/rahtek-dz.com\/ar\/wp-json\/wp\/v2\/product_tag?post=17258"}],"curies":[{"name":"wp","href":"https:\/\/api.w.org\/{rel}","templated":true}]}}