{"id":17266,"date":"2026-02-11T12:02:53","date_gmt":"2026-02-11T11:02:53","guid":{"rendered":"https:\/\/rahtek-dz.com\/product\/nuxe-coffret-linfiniment-glow-en-rose\/"},"modified":"2026-02-11T12:02:53","modified_gmt":"2026-02-11T11:02:53","slug":"nuxe-coffret-linfiniment-glow-en-rose","status":"publish","type":"product","link":"https:\/\/rahtek-dz.com\/ar\/product\/nuxe-coffret-linfiniment-glow-en-rose\/","title":{"rendered":"Nuxe Coffret L&rsquo;infiniment Glow en Rose"},"content":{"rendered":"<p>Le coffret l&rsquo;infiniment glow en rose mis au point par Nuxe se compose de trois soins aux allures florales pour rayonner en toutes circonstances. Craquez pour ce coffret aux soins formul\u00e9s et fabriqu\u00e9s en France, qui ravira \u00e0 coup s\u00fbr une fan de glow et d&rsquo;odeur florale ! Caract\u00e9ristiques et int\u00e9r\u00eats du coffret l&rsquo;infiniment glow en rose Nuxe Id\u00e9al pour faire plaisir lors des f\u00eates de fin d&rsquo;ann\u00e9e, ce coffret Nuxe se compose de trois soins : 2 huiles s\u00e8ches multi-fonctions ainsi qu&rsquo;un soin repulpant pour les l\u00e8vres. Ces trois produits con\u00e7us par Nuxe ont le point commun de booster l&rsquo;hydratation de la peau, de la mettre en valeur et de la sublimer. Pour varier les plaisirs et l&rsquo;utilisation en fonction du quotidien, le coffret Nuxe l&rsquo;infiniment glow en rose renferme l&rsquo; huile prodigieuse or florale ainsi que l&rsquo; huile prodigieuse florale . Toutes les deux dot\u00e9es d&rsquo;une irr\u00e9sistible fragrance florale, ces huiles s\u00e8ches multi-fonctions peuvent s&rsquo;appliquer sur le visage, la peau ou encore les cheveux. Riches 7 huiles v\u00e9g\u00e9tales pr\u00e9cieuses, elles offrent une hydratation intense, apportent brillance et douceur. L&rsquo; huile prodigieuse or florale se distingue par ses nacres rose iris\u00e9 d&rsquo;origine naturelle, parfaites pour illuminer et sublimer l&rsquo;\u00e9clat de la peau ou des cheveux, tandis que l&rsquo; huile prodigieuse florale offre une touche plus subtile et discr\u00e8te. Pour compl\u00e9ter ce coffret cadeau , la marque Nuxe a s\u00e9lectionn\u00e9 le s\u00e9rum l\u00e8vres repulpant very rose . Ce soin enrichi d&rsquo;extrait d&rsquo;eau florale de rose et d&rsquo;acide hyaluronique redonne douceur et \u00e9clat aux l\u00e8vres. Il assure 24 heures d&rsquo;hydratation et un subtil effet brillant, offrant ainsi des l\u00e8vres repulp\u00e9es. Gr\u00e2ce \u00e0 un extrait de piment et de menthol, le volume des l\u00e8vres est naturellement augment\u00e9. Le coffret L&rsquo;infiniment Glow en Rose 2025 Nuxe propos\u00e9 sur notre pharmacie en ligne contient : 1 Huile Prodigieuse Or Florale 50 ml ; 1 S\u00e9rum L\u00e8vres Repulpant Very Rose 8 ml ; 1 Huile Prodigieuse Florale 10 ml. Avis du \t\t\t\t\t\t\t                                                                                pharmacien \t\t\t\t\t\t\t                                                                                sur Nuxe Coffret L&rsquo;infiniment Glow en Rose Vous pouvez\u00a0utiliser l&rsquo;Huile Prodigieuse Or Florale et l&rsquo;Huile Prodigieuse Florale toute l&rsquo;ann\u00e9e, hiver comme \u00e9t\u00e9, sur le visage, le corps et les cheveux. Agitez le flacon avant emploi : Sur le visage, appliquez-la par petites touches ou m\u00e9langez quelques gouttes au creux de la main avec votre cr\u00e8me quotidienne. Sur le corps, d\u00e9posez quelques gouttes dans votre paume puis chauffez l&rsquo;huile entre vos mains. Choisissez les zones \u00e0 mettre en lumi\u00e8re et effleurez-les par des mouvements de lissage. Sur les cheveux, appliquez quelques touches sur les longueurs et les pointes pour les sublimer de quelques reflets. S\u00e9rum L\u00e8vres Repulpant Very Rose :\u00a0Appliquez le produit en commen\u00e7ant par le centre de la l\u00e8vre sup\u00e9rieure et en travaillant vers les coins ext\u00e9rieurs. R\u00e9p\u00e9tez sur la l\u00e8vre inf\u00e9rieure. Marque Nuxe R\u00e9f\u00e9rence(s) 3264680044724 Mis \u00e0 jour le : 24\/12\/2025<\/p>","protected":false},"excerpt":{"rendered":"<p>Le coffret l&rsquo;infiniment glow en rose mis au point par Nuxe se compose de trois soins aux allures florales pour<\/p>","protected":false},"featured_media":17265,"comment_status":"open","ping_status":"closed","template":"","meta":{"_acf_changed":false},"product_brand":[],"product_cat":[275],"product_tag":[],"class_list":{"0":"post-17266","1":"product","2":"type-product","3":"status-publish","4":"has-post-thumbnail","6":"product_cat-aide-technique","8":"first","9":"instock","10":"shipping-taxable","11":"product-type-simple"},"acf":[],"df_price":"","df_sale_price":"","df_regular_price":"","df_image_link":"https:\/\/rahtek-dz.com\/wp-content\/uploads\/2026\/02\/w-501-h-501-zc-2-nuxe-coffret-l-infiniment-glow-en-rose-nuxe2-1759415864.jpg-300x300.webp","_links":{"self":[{"href":"https:\/\/rahtek-dz.com\/ar\/wp-json\/wp\/v2\/product\/17266","targetHints":{"allow":["GET"]}}],"collection":[{"href":"https:\/\/rahtek-dz.com\/ar\/wp-json\/wp\/v2\/product"}],"about":[{"href":"https:\/\/rahtek-dz.com\/ar\/wp-json\/wp\/v2\/types\/product"}],"replies":[{"embeddable":true,"href":"https:\/\/rahtek-dz.com\/ar\/wp-json\/wp\/v2\/comments?post=17266"}],"wp:featuredmedia":[{"embeddable":true,"href":"https:\/\/rahtek-dz.com\/ar\/wp-json\/wp\/v2\/media\/17265"}],"wp:attachment":[{"href":"https:\/\/rahtek-dz.com\/ar\/wp-json\/wp\/v2\/media?parent=17266"}],"wp:term":[{"taxonomy":"product_brand","embeddable":true,"href":"https:\/\/rahtek-dz.com\/ar\/wp-json\/wp\/v2\/product_brand?post=17266"},{"taxonomy":"product_cat","embeddable":true,"href":"https:\/\/rahtek-dz.com\/ar\/wp-json\/wp\/v2\/product_cat?post=17266"},{"taxonomy":"product_tag","embeddable":true,"href":"https:\/\/rahtek-dz.com\/ar\/wp-json\/wp\/v2\/product_tag?post=17266"}],"curies":[{"name":"wp","href":"https:\/\/api.w.org\/{rel}","templated":true}]}}