{"id":17274,"date":"2026-02-11T12:02:54","date_gmt":"2026-02-11T11:02:54","guid":{"rendered":"https:\/\/rahtek-dz.com\/product\/clarix-toux-grasse\/"},"modified":"2026-02-11T12:02:54","modified_gmt":"2026-02-11T11:02:54","slug":"clarix-toux-grasse","status":"publish","type":"product","link":"https:\/\/rahtek-dz.com\/ar\/product\/clarix-toux-grasse\/","title":{"rendered":"Clarix Toux Grasse"},"content":{"rendered":"<p>Clarix Toux Grasse est un sirop expectorant indiqu\u00e9 en cas de toux grasse avec difficult\u00e9 d&rsquo;expectoration et encombrement des bronches . Sirop Clarix Toux Grasse : Informations et indications Le m\u00e9dicament Clarix\u00a0Toux Grasse fluidifie les s\u00e9cr\u00e9tions (mucosit\u00e9s) pr\u00e9sentes dans les bronches et facilite leur \u00e9vacuation par la toux afin de les d\u00e9sencombrer. Clarix toux grasse s&rsquo;utilise lors d&rsquo;une affectation respiratoire r\u00e9cente avec difficult\u00e9 d&rsquo;expectoration des s\u00e9cr\u00e9tions bronchiques ; c&rsquo;est \u00e0 dire une difficult\u00e9 \u00e0 cracher, notamment au cours des bronchites aigu\u00ebs. Clarix Toux Grasse est disponible pour les adultes ou les enfants : La version pour adulte contient 5 g de Carbocist\u00e9ine et se pr\u00e9sente sous la forme d&rsquo;une solution buvable de 250 ml, ar\u00f4me caramel, et une version 750 mg\/ 10 ml en stick ar\u00f4me vanille-caramel. La version pour enfants de 2 ans et plus contient quant \u00e0 elle 2% de carbocist\u00e9ine et est conditionn\u00e9e en flacon de 150 ml, ar\u00f4me banane. Sirop Clarix traitement pour la toux : posologie Sirop toux grasse Adulte Chez l&rsquo;adulte et l&rsquo;adolescent de plus de 15 ans, la posologie usuelle est de prendre 3 cuill\u00e8res-mesure , 3 fois par jour, id\u00e9alement \u00e0 distance des repas. Pour la version Clarix toux grasse en stick :\u00a0\u00a0prendre 1 sachet de 10 ml 3 fois par jour . La dur\u00e9e du\u00a0traitement doit rester courte et se limiter \u00e0 5 jours. Il peut \u00eatre interrompu d\u00e8s am\u00e9lioration des sympt\u00f4mes. Ce m\u00e9dicament ne doit pas \u00eatre utilis\u00e9 chez l&rsquo;enfant.\u00a0Il ne doit pas \u00eatre pris en m\u00eame temps qu&rsquo;un autre dispositif antitussif.\u00a0Tenez ce sirop hors de la vue et de la port\u00e9e des enfants. Sirop toux grasse Enfant 1 cuill\u00e8re \u00e0 caf\u00e9 de 5 ml contient 100 mg de carbocist\u00e9ine. Enfants de plus de 5 ans : 300 mg par jour, r\u00e9partis en 3 prises, soit une cuill\u00e8re \u00e0 caf\u00e9 3 fois par jour. Enfants de 2 \u00e0 5 ans : 200 mg par jour r\u00e9partis en 2 prises, soit une cuill\u00e8re \u00e0 caf\u00e9 2 fois par jour. Ne pas d\u00e9passer 8 \u00e0 10 jours de traitement avec Clarix Toux Grasse Enfants sans avis m\u00e9dical. M\u00e9dicament Clarix expectorant\u00a0: contre-indications et effets ind\u00e9sirables Ne prenez pas ce m\u00e9dicament si vous pr\u00e9sentez une allergie \u00e0 la carbocist\u00e9ine ou \u00e0 un autre de ses composants. En cas de grossesse ou d&rsquo;allaitement, demandez d&rsquo;abord conseil \u00e0 votre m\u00e9decin ou \u00e0 votre pharmacien. Comme avec tout m\u00e9dicament, des effets secondaires ind\u00e9sirables peuvent survenir, mais ne se manifestent pas syst\u00e9matiquement chez tous les patients. Les effets ind\u00e9sirables suivants ont \u00e9t\u00e9 constat\u00e9s : douleurs \u00e0 l&rsquo;estomac, naus\u00e9es, diarrh\u00e9e, pouvant n\u00e9cessiter une r\u00e9duction des doses, saignement du tube digestif n\u00e9cessitant l&rsquo;arr\u00eat du traitement, mais aussi une r\u00e9action allergique cutan\u00e9e (d\u00e9mangeaisons, \u00e9ruption cutan\u00e9e, urticaire&#8230;) en cas d&rsquo;hypersensibilit\u00e9 \u00e0 l&rsquo;un des composants. Avis du \t\t\t\t\t\t\t                                                                                pharmacien \t\t\t\t\t\t\t                                                                                sur Clarix Toux Grasse L&rsquo;exposition \u00e0 la fum\u00e9e de cigarette est un frein \u00e0 la bonne \u00e9vacuation des mucosit\u00e9s.  Pour \u00e9viter le dess\u00e8chement des s\u00e9cr\u00e9tions, nous vous recommandons de boire suffisamment d&rsquo;eau et d&rsquo;a\u00e9rer vos pi\u00e8ces r\u00e9guli\u00e8rement ou d&rsquo;utiliser un humidificateur d&rsquo;air.  Vous souffrez de toux s\u00e8che ? D\u00e9couvrez Clarix Toux s\u00e8che . Guides \t\t\t\t\t\t                                                                                      de Clarix Toux Grasse Sant\u00e9 Conseils et rem\u00e8des pour arr\u00eater de tousser rapidement Vous en avez assez de tousser et souhaitez trouver comment stopper cette g\u00eane rapidement ? Qu&rsquo;elle soit s\u00e8che ou grasse, la toux peut &#8230; Marque Cooper R\u00e9f\u00e9rence(s) 3400936061286, 3400936384828, 3400939991511 Aromatisant vanilline &#8211; vanille extrait &#8211; triac\u00e9tine &#8211; propyl\u00e8neglycol &#8211; pip\u00e9ronal &#8211; \u00e9thylvanilline &#8211; caramel ar\u00f4me &#8211; acide l\u00e9vulinique Excipient triac\u00e9tine &#8211; sodium hydroxyde &#8211; saccharine sodique &#8211; propyl\u00e8neglycol &#8211; pip\u00e9ronal &#8211; hy\u00e9tellose &#8211; \u00e9thylvanilline &#8211; eau purifi\u00e9e &#8211; vanille extrait &#8211; vanilline &#8211; caramel ar\u00f4me &#8211; acide l\u00e9vulinique Excipient \u00e0 effet notoire p-hydroxybenzoate de m\u00e9thyle &#8211; sodium Mol\u00e9cules \u00e9thylvanilline &#8211; eau purifi\u00e9e &#8211; carbocist\u00e9ine (50.0 mg) &#8211; caramel ar\u00f4me &#8211; acide l\u00e9vulinique &#8211; hy\u00e9tellose &#8211; p-hydroxybenzoate de m\u00e9thyle &#8211; pip\u00e9ronal &#8211; vanilline &#8211; vanille extrait &#8211; triac\u00e9tine &#8211; sodium hydroxyde &#8211; sodium &#8211; saccharine sodique &#8211; propyl\u00e8neglycol Indications Troubles de la s\u00e9cr\u00e9tion bronchique &#8211; Toux &#8211; Bronchite aigu\u00eb Substance Active carbocist\u00e9ine Forme gal\u00e9nique solution buvable Mis \u00e0 jour le : 15\/12\/2025<\/p>","protected":false},"excerpt":{"rendered":"<p>Clarix Toux Grasse est un sirop expectorant indiqu\u00e9 en cas de toux grasse avec difficult\u00e9 d&rsquo;expectoration et encombrement des bronches<\/p>","protected":false},"featured_media":17273,"comment_status":"open","ping_status":"closed","template":"","meta":{"_acf_changed":false},"product_brand":[],"product_cat":[275],"product_tag":[],"class_list":{"0":"post-17274","1":"product","2":"type-product","3":"status-publish","4":"has-post-thumbnail","6":"product_cat-aide-technique","8":"first","9":"instock","10":"shipping-taxable","11":"product-type-simple"},"acf":[],"df_price":"","df_sale_price":"","df_regular_price":"","df_image_link":"https:\/\/rahtek-dz.com\/wp-content\/uploads\/2026\/02\/w-501-h-501-zc-2-clarix-toux-grasse-cooper3-1738921098.jpg-300x300.webp","_links":{"self":[{"href":"https:\/\/rahtek-dz.com\/ar\/wp-json\/wp\/v2\/product\/17274","targetHints":{"allow":["GET"]}}],"collection":[{"href":"https:\/\/rahtek-dz.com\/ar\/wp-json\/wp\/v2\/product"}],"about":[{"href":"https:\/\/rahtek-dz.com\/ar\/wp-json\/wp\/v2\/types\/product"}],"replies":[{"embeddable":true,"href":"https:\/\/rahtek-dz.com\/ar\/wp-json\/wp\/v2\/comments?post=17274"}],"wp:featuredmedia":[{"embeddable":true,"href":"https:\/\/rahtek-dz.com\/ar\/wp-json\/wp\/v2\/media\/17273"}],"wp:attachment":[{"href":"https:\/\/rahtek-dz.com\/ar\/wp-json\/wp\/v2\/media?parent=17274"}],"wp:term":[{"taxonomy":"product_brand","embeddable":true,"href":"https:\/\/rahtek-dz.com\/ar\/wp-json\/wp\/v2\/product_brand?post=17274"},{"taxonomy":"product_cat","embeddable":true,"href":"https:\/\/rahtek-dz.com\/ar\/wp-json\/wp\/v2\/product_cat?post=17274"},{"taxonomy":"product_tag","embeddable":true,"href":"https:\/\/rahtek-dz.com\/ar\/wp-json\/wp\/v2\/product_tag?post=17274"}],"curies":[{"name":"wp","href":"https:\/\/api.w.org\/{rel}","templated":true}]}}