{"id":17289,"date":"2026-02-11T12:02:55","date_gmt":"2026-02-11T11:02:55","guid":{"rendered":"https:\/\/rahtek-dz.com\/product\/omron-rs4-tensiometre-poignet\/"},"modified":"2026-02-11T12:02:55","modified_gmt":"2026-02-11T11:02:55","slug":"omron-rs4-tensiometre-poignet","status":"publish","type":"product","link":"https:\/\/rahtek-dz.com\/ar\/product\/omron-rs4-tensiometre-poignet\/","title":{"rendered":"Omron RS4 Tensiom\u00e8tre Poignet"},"content":{"rendered":"<p>Le Tensiom\u00e8tre Electronique Poignet RS4 de Omron permet de mesurer la pression art\u00e9rielle et la fr\u00e9quence du poul de fa\u00e7on simple et pr\u00e9cise. Mode d&rsquo;action de Omron RS4 Tensiom\u00e8tre Electronique Poignet Le Tensiom\u00e8tre RS4 de Omron s&rsquo;utilise sur le poignet. Il a \u00e9t\u00e9 sp\u00e9cialement con\u00e7u pour une utilisation g\u00e9n\u00e9rale simple et pratique. Gr\u00e2ce \u00e0 son petit gabarit, vous pouvez l&#8217;emmener avec vous dans vos d\u00e9placements. Il est parfaitement adapt\u00e9 aux personnes nomades qui ont besoin de prendre leur tension r\u00e9guli\u00e8rement . Ce tensiom\u00e8tre pour poignet fonctionne sur le principe de l&rsquo;oscillom\u00e9trie. Son grand \u00e9cran permet une lecture rapide, et sa touche unique pour d\u00e9marrer et \u00e9teindre l&rsquo;appareil rend son utilisation tr\u00e8s facile. Ce dispositif de prise de tension art\u00e9rielle fait appel \u00e0 la technologie Ormon \u00ab\u00a0Intellisense\u00a0\u00bb, qui offre un gonflage contr\u00f4l\u00e9, confortable et sans pr\u00e9r\u00e9glage de la pression n\u00e9cessaire.\u00a0Il permet \u00e9galement de d\u00e9tecter les battements du coeur irr\u00e9gulier . Omron RS4 poss\u00e8de une m\u00e9moire de 60 mesures avec affichage de la date et de l&rsquo;heure, pour un suivi optimal de votre tension. Il calcule automatiquement la moyenne des 3 derni\u00e8res mesures prises. Caract\u00e9ristiques de Omron RS4 Tensiom\u00e8tre Poignet Affichage de toutes les valeurs : diastole, systole, pouls et heure Plage de mesure : de 40 \u00e0 260 mmHg P\u00e9rim\u00e8tre du poignet : de 13,5 \u00e0 21,5 cm Signal sonore pour indiquer la fin de la prise de tension Fourni avec des piles AAA et une bo\u00eete de rangement Conditionnement : bo\u00eete contenant 1 tensiom\u00e8tre RS4 + bo\u00eete de rangement + piles AAA incluses Garantie Omron : 3 ans Marque Omron R\u00e9f\u00e9rence(s) 4015672111141 Mis \u00e0 jour le : 14\/01\/2026<\/p>","protected":false},"excerpt":{"rendered":"<p>Le Tensiom\u00e8tre Electronique Poignet RS4 de Omron permet de mesurer la pression art\u00e9rielle et la fr\u00e9quence du poul de fa\u00e7on<\/p>","protected":false},"featured_media":17288,"comment_status":"open","ping_status":"closed","template":"","meta":{"_acf_changed":false},"product_brand":[],"product_cat":[275],"product_tag":[],"class_list":{"0":"post-17289","1":"product","2":"type-product","3":"status-publish","4":"has-post-thumbnail","6":"product_cat-aide-technique","8":"first","9":"instock","10":"shipping-taxable","11":"product-type-simple"},"acf":[],"df_price":"","df_sale_price":"","df_regular_price":"","df_image_link":"https:\/\/rahtek-dz.com\/wp-content\/uploads\/2026\/02\/w-501-h-501-zc-2-omron-tensiometre-poignet-rs4-1-1583742751.PNG-300x300.webp","_links":{"self":[{"href":"https:\/\/rahtek-dz.com\/ar\/wp-json\/wp\/v2\/product\/17289","targetHints":{"allow":["GET"]}}],"collection":[{"href":"https:\/\/rahtek-dz.com\/ar\/wp-json\/wp\/v2\/product"}],"about":[{"href":"https:\/\/rahtek-dz.com\/ar\/wp-json\/wp\/v2\/types\/product"}],"replies":[{"embeddable":true,"href":"https:\/\/rahtek-dz.com\/ar\/wp-json\/wp\/v2\/comments?post=17289"}],"wp:featuredmedia":[{"embeddable":true,"href":"https:\/\/rahtek-dz.com\/ar\/wp-json\/wp\/v2\/media\/17288"}],"wp:attachment":[{"href":"https:\/\/rahtek-dz.com\/ar\/wp-json\/wp\/v2\/media?parent=17289"}],"wp:term":[{"taxonomy":"product_brand","embeddable":true,"href":"https:\/\/rahtek-dz.com\/ar\/wp-json\/wp\/v2\/product_brand?post=17289"},{"taxonomy":"product_cat","embeddable":true,"href":"https:\/\/rahtek-dz.com\/ar\/wp-json\/wp\/v2\/product_cat?post=17289"},{"taxonomy":"product_tag","embeddable":true,"href":"https:\/\/rahtek-dz.com\/ar\/wp-json\/wp\/v2\/product_tag?post=17289"}],"curies":[{"name":"wp","href":"https:\/\/api.w.org\/{rel}","templated":true}]}}