{"id":17293,"date":"2026-02-11T12:02:56","date_gmt":"2026-02-11T11:02:56","guid":{"rendered":"https:\/\/rahtek-dz.com\/product\/thermocheck-thermometre-frontal\/"},"modified":"2026-02-11T12:02:56","modified_gmt":"2026-02-11T11:02:56","slug":"thermocheck-thermometre-frontal","status":"publish","type":"product","link":"https:\/\/rahtek-dz.com\/ar\/product\/thermocheck-thermometre-frontal\/","title":{"rendered":"Thermo&rsquo;Check Thermom\u00e8tre Frontal"},"content":{"rendered":"<p>Le thermom\u00e8tre frontal Thermo&rsquo;Check est un thermom\u00e8tre infrarouge\u00a0sans contact nouvelle g\u00e9n\u00e9ration. Propos\u00e9 par la marque AAZ, ce thermom\u00e8tre frontal est tr\u00e8s simple d&rsquo;utilisation et d&rsquo;une excellente fiabilit\u00e9. pourquoi choisir le thermom\u00e8tre frontal thermo&rsquo;check ? Thermo&rsquo;Check frontal est un thermom\u00e8tre sans contact qui a pour but de faciliter la mesure de la temp\u00e9rature \u00e0 domicile, en particulier chez les jeunes enfants. Gr\u00e2ce \u00e0 sa technologie sans contact, il n&rsquo;induit que peu de contraintes et ne n\u00e9cessite pas, par exemple, de d\u00e9v\u00eatir la personne fi\u00e9vreuse pour prendre la temp\u00e9rature. Ce thermom\u00e8tre Thermo&rsquo;Check est dot\u00e9 de 2 modes de lecture : le mode Body permet de mesurer la temp\u00e9rature corporelle ; le mode Surface permet de mesurer la temp\u00e9rature des objets (biberon) et des surfaces. Le thermom\u00e8tre va capter\u00a0l&rsquo;\u00e9nergie infrarouge \u00e9mise par le front (mode Body) et par les objets et surfaces (mode Surface) puis la convertir afin de d\u00e9livrer une indication de temp\u00e9rature. Tr\u00e8s fiable, le thermom\u00e8tre frontal Thermo&rsquo;Check a une pr\u00e9cision de +\/- 0,2 \u00b0C . Le r\u00e9sultat est facile \u00e0 comprendre gr\u00e2ce \u00e0 l&rsquo;affichage digital sur l&rsquo;\u00e9cran et au code couleur : vert : 32,0 \u00b0C &#8211; 37,4 \u00b0C ; jaune : 37,5 &#8211; 37,9 \u00b0C ; rouge : 38,0 &#8211; 42,9 \u00b0C. D&rsquo;une grande simplicit\u00e9 d&rsquo;utilisation, le thermom\u00e8tre frontal infrarouge Thermo&rsquo;Check convient pour la mesure de la temp\u00e9rature chez tous les membres de la famille. Il est contr\u00f4l\u00e9 lot par lot en France afin de garantir une s\u00e9curit\u00e9 optimale. Pr\u00e9sentation propos\u00e9e pour Thermo&rsquo;Check Thermom\u00e8tre Frontal sur la pharmacie en ligne des Drakkars : 1 thermom\u00e8tre Avis du \t\t\t\t\t\t\t                                                                                pharmacien \t\t\t\t\t\t\t                                                                                sur Thermo&rsquo;Check Thermom\u00e8tre Frontal Lisez attentivement la notice avant d&rsquo;utiliser le thermom\u00e8tre frontal Thermo&rsquo;Check. Suivez strictement les instructions d&#8217;emploi. En cas de fi\u00e8vre persistante, consultez un professionnel de sant\u00e9. Marque AAZ R\u00e9f\u00e9rence(s) 8698973762487 Mis \u00e0 jour le : 08\/10\/2025<\/p>","protected":false},"excerpt":{"rendered":"<p>Le thermom\u00e8tre frontal Thermo&rsquo;Check est un thermom\u00e8tre infrarouge\u00a0sans contact nouvelle g\u00e9n\u00e9ration. Propos\u00e9 par la marque AAZ, ce thermom\u00e8tre frontal est<\/p>","protected":false},"featured_media":17292,"comment_status":"open","ping_status":"closed","template":"","meta":{"_acf_changed":false},"product_brand":[],"product_cat":[275],"product_tag":[],"class_list":{"0":"post-17293","1":"product","2":"type-product","3":"status-publish","4":"has-post-thumbnail","6":"product_cat-aide-technique","8":"first","9":"instock","10":"shipping-taxable","11":"product-type-simple"},"acf":[],"df_price":"","df_sale_price":"","df_regular_price":"","df_image_link":"https:\/\/rahtek-dz.com\/wp-content\/uploads\/2026\/02\/w-501-h-501-zc-2-thermo-check-thermometre-frontal-aaz4-1746621117.jpg-300x300.webp","_links":{"self":[{"href":"https:\/\/rahtek-dz.com\/ar\/wp-json\/wp\/v2\/product\/17293","targetHints":{"allow":["GET"]}}],"collection":[{"href":"https:\/\/rahtek-dz.com\/ar\/wp-json\/wp\/v2\/product"}],"about":[{"href":"https:\/\/rahtek-dz.com\/ar\/wp-json\/wp\/v2\/types\/product"}],"replies":[{"embeddable":true,"href":"https:\/\/rahtek-dz.com\/ar\/wp-json\/wp\/v2\/comments?post=17293"}],"wp:featuredmedia":[{"embeddable":true,"href":"https:\/\/rahtek-dz.com\/ar\/wp-json\/wp\/v2\/media\/17292"}],"wp:attachment":[{"href":"https:\/\/rahtek-dz.com\/ar\/wp-json\/wp\/v2\/media?parent=17293"}],"wp:term":[{"taxonomy":"product_brand","embeddable":true,"href":"https:\/\/rahtek-dz.com\/ar\/wp-json\/wp\/v2\/product_brand?post=17293"},{"taxonomy":"product_cat","embeddable":true,"href":"https:\/\/rahtek-dz.com\/ar\/wp-json\/wp\/v2\/product_cat?post=17293"},{"taxonomy":"product_tag","embeddable":true,"href":"https:\/\/rahtek-dz.com\/ar\/wp-json\/wp\/v2\/product_tag?post=17293"}],"curies":[{"name":"wp","href":"https:\/\/api.w.org\/{rel}","templated":true}]}}