{"id":17361,"date":"2026-02-11T12:03:01","date_gmt":"2026-02-11T11:03:01","guid":{"rendered":"https:\/\/rahtek-dz.com\/product\/neutrogena-ultra-sheer-fluide-solaire-invisible\/"},"modified":"2026-02-11T12:03:01","modified_gmt":"2026-02-11T11:03:01","slug":"neutrogena-ultra-sheer-fluide-solaire-invisible","status":"publish","type":"product","link":"https:\/\/rahtek-dz.com\/ar\/product\/neutrogena-ultra-sheer-fluide-solaire-invisible\/","title":{"rendered":"Neutrogena Ultra Sheer Fluide Solaire Invisible"},"content":{"rendered":"<p>Le fluide solaire invisible\u00a0Ultra Sheer\u00a0con\u00e7u par\u00a0Neutrogena\u00a0est un soin solaire haute protection SPF 50 pour le visage qui se d\u00e9cline en diff\u00e9rentes versions pour s&rsquo;adapter \u00e0 toutes les peaux ! Propos\u00e9 en diff\u00e9rentes versions apportant chacun leurs bienfaits (pour hydrater intens\u00e9ment votre peau, apporter une action anti \u00e2ge ou vous aider \u00e0 r\u00e9guler la production de s\u00e9bum en cas de peau grasse), le fluide solaire invisible\u00a0Ultra Sheer\u00a0de Neutrogena vous fait b\u00e9n\u00e9ficier d&rsquo;une tr\u00e8s haute protection contre les rayons UVA, UVB et la lumi\u00e8re visible , tout en vous apportant une action anti-oxydante. Sa formule b\u00e9n\u00e9ficie par ailleurs de la technologie Helioplex SL, qui apporte une protection \u00e0 large spectre . Rapidement absorb\u00e9 par votre peau, il offre par ailleurs un toucher sec, et un fini non gras ni collant .\u00a0R\u00e9sistant \u00e0 l&rsquo;eau et \u00e0 la transpiration, le\u00a0fluide solaire invisible\u00a0Ultra Sheer\u00a0a \u00e9t\u00e9 test\u00e9 sous contr\u00f4les dermatologique et ophtalmologique pour minimiser les risques d&rsquo;allergie, et est fabriqu\u00e9 en France . Quel\u00a0fluide solaire invisible\u00a0Ultra Sheer\u00a0Neutrogena pour quels besoins ? Neutrogena Ultra Sheer Fluide solaire invisible Hydratation SPF 50 : pour une hydratation 24 heures Alliant haute protection contre le soleil et hydratation intense de votre peau, le fluide solaire invisible Ultra Sheer\u00a0SPF 50 Hydratation de Neutrogena se distingue par sa double action hydratante et protectrice . Sa formule innovante est en effet enrichie en niacinamide et en glyc\u00e9rine, qui vous apportent une hydratation continue durant 24 heures , afin de pr\u00e9server la souplesse des peaux normales \u00e0 s\u00e8ches, y compris les plus sensibles. Sa formule renferme \u00e9galement\u00a0de la vitamine C, un puissant antioxydant qui va lutter activement contre les radicaux libres et pr\u00e9venir le photovieillissement pr\u00e9matur\u00e9. Sa texture fluide et non com\u00e9dog\u00e8ne p\u00e9n\u00e8tre instantan\u00e9ment sans laisser de traces. Neutrogena Ultra Sheer Fluide solaire invisible Oil Control\u00a0SPF 50+ : la protection id\u00e9ale pour les peaux grasses Le fluide solaire\u00a0invisible Ultra\u00a0Sheer\u00a0Oil Control de Neutrogena est un v\u00e9ritable soin correcteur pour les peaux normales \u00e0 grasses, y compris les peaux\u00a0sensibles. Son int\u00e9r\u00eat principal r\u00e9side dans son action cibl\u00e9e sur les cinq signes des peaux \u00e0 tendance acn\u00e9ique , notamment les pores, les imperfections et les marques. Apportant un effet matifiant\u00a0longue dur\u00e9e (jusqu&rsquo;\u00e0 12 heures), ce fluide ne laisse pas de\u00a0trace blanche, r\u00e9siste \u00e0 l&rsquo;eau et \u00e0 la transpiration, et s&rsquo;int\u00e8grera parfaitement \u00e0 votre routine quotidienne.\u00a0Gr\u00e2ce \u00e0 la niacinamide, ce fluide solaire pour le visage r\u00e9gule l&rsquo;exc\u00e8s de s\u00e9bum et am\u00e9liore l&rsquo;aspect des pores, tandis que le tr\u00e9halose assure un confort durable en maintenant l&rsquo;hydratation de la peau. Pour contrer les signes de vieillissement pr\u00e9matur\u00e9, un complexe de vitamines C et E apporte une protection antioxydante essentielle face aux agressions ext\u00e9rieures. Neutrogena Ultra Sheer Fluide solaire Age Shield SPF 50 : protection solaire et action anti-\u00e2ge Le fluide solaire invisible Ultra\u00a0Sheer\u00a0Age Shield de Neutrogena ne se contente pas de filtrer les rayons\u00a0UV : il agit comme un bouclier actif contre le photovieillissement. Con\u00e7u pour pr\u00e9venir l\u2019apparition des rides, ce soin quotidien contient de la n\u00e9oglucosamine, qui va att\u00e9nuer visiblement les taches pigmentaires li\u00e9es au soleil. Sa formule contient \u00e9galement de la niacinamide, qui unifie la peau tout en renfor\u00e7ant sa barri\u00e8re protectrice. Pour un confort optimal sans effet de lourdeur, l&rsquo;association de la glyc\u00e9rine et du panth\u00e9nol apporte de la souplesse et une hydratation en continu .\u00a0Enfin, un puissant duo d&rsquo;actifs (vitamines C et E) apporte une action\u00a0antioxydante contre les agressions ext\u00e9rieures.\u00a0Utilis\u00e9 avec r\u00e9gularit\u00e9, ce fluide l\u00e9ger transforme votre protection solaire en un v\u00e9ritable geste anti-\u00e2ge, et laisse votre peau lisse, \u00e9clatante et parfaitement prot\u00e9g\u00e9e. Le\u00a0fluide solaire invisible\u00a0Ultra Sheer\u00a0de\u00a0Neutrogena est \u00e0 retrouver\u00a0en tube de 50 ml\u00a0chez Pharmacie des Drakkars, et dans les versions suivantes : Hydratation SPF 50 Age Shield SPF 50 Oil Control SPF 50+ Avis du \t\t\t\t\t\t\t                                                                                pharmacien \t\t\t\t\t\t\t                                                                                sur Neutrogena Ultra Sheer Fluide Solaire Invisible Appliquez le fluide solaire invisible\u00a0Ultra Sheer\u00a0de fa\u00e7on g\u00e9n\u00e9reuse sur votre visage avant toute exposition au soleil.\u00a0Renouvelez l&rsquo;application aussi souvent que n\u00e9cessaire, et surtout apr\u00e8s avoir transpir\u00e9 ou vous\u00a0\u00eatre essuy\u00e9.  Pr\u00e9cautions d&#8217;emploi : \u00e9viter le contact avec les yeux. En usage externe uniquement. Marque Neutrogena R\u00e9f\u00e9rence(s) 3574661874890, 3574661875170, 3574661875262 Mis \u00e0 jour le : 19\/01\/2026<\/p>","protected":false},"excerpt":{"rendered":"<p>Le fluide solaire invisible\u00a0Ultra Sheer\u00a0con\u00e7u par\u00a0Neutrogena\u00a0est un soin solaire haute protection SPF 50 pour le visage qui se d\u00e9cline en<\/p>","protected":false},"featured_media":17360,"comment_status":"open","ping_status":"closed","template":"","meta":{"_acf_changed":false},"product_brand":[],"product_cat":[275],"product_tag":[],"class_list":{"0":"post-17361","1":"product","2":"type-product","3":"status-publish","4":"has-post-thumbnail","6":"product_cat-aide-technique","8":"first","9":"instock","10":"shipping-taxable","11":"product-type-simple"},"acf":[],"df_price":"","df_sale_price":"","df_regular_price":"","df_image_link":"https:\/\/rahtek-dz.com\/wp-content\/uploads\/2026\/02\/w-501-h-501-zc-2-neutrogena-ultra-sheer-fluide-solaire-invisible-neutrogena4-1769426815.jpg-300x300.webp","_links":{"self":[{"href":"https:\/\/rahtek-dz.com\/ar\/wp-json\/wp\/v2\/product\/17361","targetHints":{"allow":["GET"]}}],"collection":[{"href":"https:\/\/rahtek-dz.com\/ar\/wp-json\/wp\/v2\/product"}],"about":[{"href":"https:\/\/rahtek-dz.com\/ar\/wp-json\/wp\/v2\/types\/product"}],"replies":[{"embeddable":true,"href":"https:\/\/rahtek-dz.com\/ar\/wp-json\/wp\/v2\/comments?post=17361"}],"wp:featuredmedia":[{"embeddable":true,"href":"https:\/\/rahtek-dz.com\/ar\/wp-json\/wp\/v2\/media\/17360"}],"wp:attachment":[{"href":"https:\/\/rahtek-dz.com\/ar\/wp-json\/wp\/v2\/media?parent=17361"}],"wp:term":[{"taxonomy":"product_brand","embeddable":true,"href":"https:\/\/rahtek-dz.com\/ar\/wp-json\/wp\/v2\/product_brand?post=17361"},{"taxonomy":"product_cat","embeddable":true,"href":"https:\/\/rahtek-dz.com\/ar\/wp-json\/wp\/v2\/product_cat?post=17361"},{"taxonomy":"product_tag","embeddable":true,"href":"https:\/\/rahtek-dz.com\/ar\/wp-json\/wp\/v2\/product_tag?post=17361"}],"curies":[{"name":"wp","href":"https:\/\/api.w.org\/{rel}","templated":true}]}}