{"id":17363,"date":"2026-02-11T12:03:01","date_gmt":"2026-02-11T11:03:01","guid":{"rendered":"https:\/\/rahtek-dz.com\/product\/vichy-homme-trousse-rituel-apaisant\/"},"modified":"2026-02-11T12:03:01","modified_gmt":"2026-02-11T11:03:01","slug":"vichy-homme-trousse-rituel-apaisant","status":"publish","type":"product","link":"https:\/\/rahtek-dz.com\/ar\/product\/vichy-homme-trousse-rituel-apaisant\/","title":{"rendered":"Vichy Homme Trousse Rituel Apaisant"},"content":{"rendered":"<p>Id\u00e9ale pour les hommes appr\u00e9ciant prendre soin de leur peau, le rituel apaisant Vichy se pr\u00e9sente sous la forme d&rsquo;une trousse renfermant 2 soins Vichy pour le visage ainsi qu&rsquo;un shampoing Dercos pour compl\u00e9ter la routine. Que contient la trousse rituel apaisant Vichy Homme ? Cette trousse Vichy Homme a \u00e9t\u00e9 con\u00e7ue pour nettoyer, hydrater et fortifier intens\u00e9ment le visage et le cuir chevelu. Pour cela, le rituel apaisant Vichy d\u00e9bute par le nettoyage du visage avec le gel frais nettoyant de la marque. Ce soin contribue \u00e0 d\u00e9barrasser la peau des impuret\u00e9s et des particules de pollution tout en apaisant la peau. Avec son action \u00e0 la fois hydratante et rafra\u00eechissante, le gel hydratant Hydra Cool offre \u00e0 la peau\u00a0une hydratation durant 48 heures et un confort durable. Compos\u00e9 notamment d&rsquo;acide hyaluronique et d&rsquo;eau thermale min\u00e9ralisante de Vichy , ce soin apaise la peau avec efficacit\u00e9. Finalement, la trousse cadeau Vichy renfermant le rituel apaisant de la marque propose le shampoing min\u00e9ral doux Dercos . Adapt\u00e9 \u00e0 tous les types de cheveux, il les rend plus forts et plus brillants de la racine jusqu&rsquo;aux pointes. La trousse rituel apaisant 2025 Vichy Homme propos\u00e9 sur notre pharmacie en ligne contient : 1 gel frais nettoyant Puret\u00e9 Thermale 200 ml ; 1 gel hydratant Hydra Cool 50 ml ; 1 shampoing min\u00e9ral doux Dercos 200 ml OFFERT. Avis du \t\t\t\t\t\t\t                                                                                pharmacien \t\t\t\t\t\t\t                                                                                sur Vichy Homme Trousse Rituel Apaisant Gel frais nettoyant :\u00a0Appliquez sur le visage humide par mouvements circulaires en partant du menton vers le front. Rincez abondamment et s\u00e9chez en tapotant.  Gel hydratant\u00a0hydra\u00a0cool :\u00a0Appliquez sur le visage pr\u00e9alablement nettoy\u00e9 le matin et\/ou apr\u00e8s avoir fait du sport. Ce soin peut \u00e9galement \u00eatre utilis\u00e9 en apr\u00e8s-rasage.  Shampoing min\u00e9ral doux :\u00a0Appliquez sur des cheveux mouill\u00e9s et laissez agir quelques instants avant de rincer \u00e0 l&rsquo;eau claire. Marque Vichy R\u00e9f\u00e9rence(s) 3433425503288 Mis \u00e0 jour le : 12\/11\/2025<\/p>","protected":false},"excerpt":{"rendered":"<p>Id\u00e9ale pour les hommes appr\u00e9ciant prendre soin de leur peau, le rituel apaisant Vichy se pr\u00e9sente sous la forme d&rsquo;une<\/p>","protected":false},"featured_media":17362,"comment_status":"open","ping_status":"closed","template":"","meta":{"_acf_changed":false},"product_brand":[],"product_cat":[275],"product_tag":[],"class_list":{"0":"post-17363","1":"product","2":"type-product","3":"status-publish","4":"has-post-thumbnail","6":"product_cat-aide-technique","8":"first","9":"instock","10":"shipping-taxable","11":"product-type-simple"},"acf":[],"df_price":"","df_sale_price":"","df_regular_price":"","df_image_link":"https:\/\/rahtek-dz.com\/wp-content\/uploads\/2026\/02\/w-501-h-501-zc-2-vichy-homme-trousse-rituel-apaisant-vichy3-1759326348.jpg-300x300.webp","_links":{"self":[{"href":"https:\/\/rahtek-dz.com\/ar\/wp-json\/wp\/v2\/product\/17363","targetHints":{"allow":["GET"]}}],"collection":[{"href":"https:\/\/rahtek-dz.com\/ar\/wp-json\/wp\/v2\/product"}],"about":[{"href":"https:\/\/rahtek-dz.com\/ar\/wp-json\/wp\/v2\/types\/product"}],"replies":[{"embeddable":true,"href":"https:\/\/rahtek-dz.com\/ar\/wp-json\/wp\/v2\/comments?post=17363"}],"wp:featuredmedia":[{"embeddable":true,"href":"https:\/\/rahtek-dz.com\/ar\/wp-json\/wp\/v2\/media\/17362"}],"wp:attachment":[{"href":"https:\/\/rahtek-dz.com\/ar\/wp-json\/wp\/v2\/media?parent=17363"}],"wp:term":[{"taxonomy":"product_brand","embeddable":true,"href":"https:\/\/rahtek-dz.com\/ar\/wp-json\/wp\/v2\/product_brand?post=17363"},{"taxonomy":"product_cat","embeddable":true,"href":"https:\/\/rahtek-dz.com\/ar\/wp-json\/wp\/v2\/product_cat?post=17363"},{"taxonomy":"product_tag","embeddable":true,"href":"https:\/\/rahtek-dz.com\/ar\/wp-json\/wp\/v2\/product_tag?post=17363"}],"curies":[{"name":"wp","href":"https:\/\/api.w.org\/{rel}","templated":true}]}}