{"id":17365,"date":"2026-02-11T12:03:01","date_gmt":"2026-02-11T11:03:01","guid":{"rendered":"https:\/\/rahtek-dz.com\/product\/milprazikan-vermifuge-chat\/"},"modified":"2026-02-11T12:03:01","modified_gmt":"2026-02-11T11:03:01","slug":"milprazikan-vermifuge-chat","status":"publish","type":"product","link":"https:\/\/rahtek-dz.com\/ar\/product\/milprazikan-vermifuge-chat\/","title":{"rendered":"Milprazikan Vermifuge Chat"},"content":{"rendered":"<p>Milprazikan de Cl\u00e9ment Th\u00e9kan est un m\u00e9dicament v\u00e9t\u00e9rinaire pour le chat et le chaton, indiqu\u00e9 pour le traitement des infestations mixtes par les vers . Mode d&rsquo;action de Cl\u00e9ment Th\u00e9kan Milprazikan Vermifuge Chat Milprazikan est un m\u00e9dicament sous forme de comprim\u00e9s aromatis\u00e9s \u00e0 la viande,\u00a0\u00e0 base de prazinquantel et de milb\u00e9mycine oxime. Ce vermifuge permet de traiter les chats contre les\u00a0infestations mixtes par des cestodes ( vers plats ) immatures et adultes, et des n\u00e9matodes ( vers ronds ) adultes.\u00a0Pour faciliter l&rsquo;administration du vermifuge, ce dernier poss\u00e8de une pellicule aromatis\u00e9e \u00e0 la viande. Le vermifuge Milprazikan de Cl\u00e9ment Th\u00e9kan est disponible pour les chats de plus de 2kg ainsi que pour les petits chats et les chatons de 0.5 \u00e0 2kg. Pr\u00e9paration propos\u00e9e par votre pharmacien en ligne : bo\u00eete de 2 comprim\u00e9s pellicul\u00e9s s\u00e9cables, au choix :\u00a0Chatons et petits chats : 4mg\/10mg &#8211;\u00a0Chats : 16mg\/40mg. Avis du \t\t\t\t\t\t\t                                                                                pharmacien \t\t\t\t\t\t\t                                                                                sur Milprazikan Vermifuge Chat Faites avaler le comprim\u00e9 \u00e0 votre chat pendant ou apr\u00e8s le repas. Il peut \u00eatre divis\u00e9 en 2 moiti\u00e9s. Pr\u00e9cautions d&#8217;emploi : Ne pas utiliser en cas d&rsquo;hypersensibilit\u00e9 aux substances actives ou \u00e0 l&rsquo;un des excipients. En cas d&rsquo;ingestion accidentelle, notamment par un enfant, consulter un m\u00e9decin et lui montrer la notice. Bien se laver les mains apr\u00e8s administration du vermifuge. Guides \t\t\t\t\t\t                                                                                      de Milprazikan Vermifuge Chat Guides pratiques Vermifuge pour chat La vermifugation permet de d\u00e9barrasser le chat des parasites qu\u2019il h\u00e9berge dans son tube digestif. Bien qu\u2019un chat &#8230; Marque Cl\u00e9ment Th\u00e9kan R\u00e9f\u00e9rence(s) 3595890218491, 3595890218507 Animal Chat Mis \u00e0 jour le : 29\/09\/2025<\/p>","protected":false},"excerpt":{"rendered":"<p>Milprazikan de Cl\u00e9ment Th\u00e9kan est un m\u00e9dicament v\u00e9t\u00e9rinaire pour le chat et le chaton, indiqu\u00e9 pour le traitement des infestations<\/p>","protected":false},"featured_media":17364,"comment_status":"open","ping_status":"closed","template":"","meta":{"_acf_changed":false},"product_brand":[],"product_cat":[275],"product_tag":[],"class_list":{"0":"post-17365","1":"product","2":"type-product","3":"status-publish","4":"has-post-thumbnail","6":"product_cat-aide-technique","8":"first","9":"instock","10":"shipping-taxable","11":"product-type-simple"},"acf":[],"df_price":"","df_sale_price":"","df_regular_price":"","df_image_link":"https:\/\/rahtek-dz.com\/wp-content\/uploads\/2026\/02\/w-501-h-501-zc-2-milprazikan-vermifuge-chat-clement-thekan-3595890218491-presentation-chat-de-2-kg-60c9f938e901e-0000.jpg-300x300.webp","_links":{"self":[{"href":"https:\/\/rahtek-dz.com\/ar\/wp-json\/wp\/v2\/product\/17365","targetHints":{"allow":["GET"]}}],"collection":[{"href":"https:\/\/rahtek-dz.com\/ar\/wp-json\/wp\/v2\/product"}],"about":[{"href":"https:\/\/rahtek-dz.com\/ar\/wp-json\/wp\/v2\/types\/product"}],"replies":[{"embeddable":true,"href":"https:\/\/rahtek-dz.com\/ar\/wp-json\/wp\/v2\/comments?post=17365"}],"wp:featuredmedia":[{"embeddable":true,"href":"https:\/\/rahtek-dz.com\/ar\/wp-json\/wp\/v2\/media\/17364"}],"wp:attachment":[{"href":"https:\/\/rahtek-dz.com\/ar\/wp-json\/wp\/v2\/media?parent=17365"}],"wp:term":[{"taxonomy":"product_brand","embeddable":true,"href":"https:\/\/rahtek-dz.com\/ar\/wp-json\/wp\/v2\/product_brand?post=17365"},{"taxonomy":"product_cat","embeddable":true,"href":"https:\/\/rahtek-dz.com\/ar\/wp-json\/wp\/v2\/product_cat?post=17365"},{"taxonomy":"product_tag","embeddable":true,"href":"https:\/\/rahtek-dz.com\/ar\/wp-json\/wp\/v2\/product_tag?post=17365"}],"curies":[{"name":"wp","href":"https:\/\/api.w.org\/{rel}","templated":true}]}}