{"id":17367,"date":"2026-02-11T12:03:01","date_gmt":"2026-02-11T11:03:01","guid":{"rendered":"https:\/\/rahtek-dz.com\/product\/hexaspray\/"},"modified":"2026-02-11T12:03:01","modified_gmt":"2026-02-11T11:03:01","slug":"hexaspray","status":"publish","type":"product","link":"https:\/\/rahtek-dz.com\/ar\/product\/hexaspray\/","title":{"rendered":"\u0647\u064a\u0643\u0633\u0627\u0633\u0628\u0631\u0627\u064a"},"content":{"rendered":"<p>Hexaspray Collutoire est un m\u00e9dicament utilis\u00e9 pour traiter et soulager les maux de gorge peu intenses et sans fi\u00e8vre . POURQUOI UTILISER HEXASPRAY COLLUTOIRE MAUX DE GORGE ? Hexaspray collutoire est un m\u00e9dicament sans ordonnance compos\u00e9 de Biclotymol , un antiseptique local qui permet de traiter le mal de gorge. Ce d\u00e9sinfectant de la sph\u00e8re bucco-pharyng\u00e9e permet de traiter le mal de gorge qui est le signe d&rsquo;une infection bact\u00e9rienne ou parfois virale. Le mal de gorge, \u00e9galement appel\u00e9 pharyngite , peut \u00eatre accompagn\u00e9 ou non de fi\u00e8vre, associ\u00e9 ou non \u00e0 un rhume, et occasionnellement d\u2019une toux ou \u00e0 d&rsquo;autres sympt\u00f4mes. Hexaspray collutoire est adapt\u00e9 \u00e0 l&rsquo;enfant \u00e0 partir de 30 mois et \u00e0 l&rsquo;adulte. Hexaspray collutoire fruit exotique est r\u00e9serv\u00e9 \u00e0 l&rsquo;adulte et l&rsquo;enfant de plus de 7 ans . POSOLOGIE et pr\u00e9cautions d\u2019emploi D&rsquo;HEXASPRAY COLLUTOIRE mal de gorge Hexaspray en collutoire peut \u00eatre administr\u00e9 trois fois par jour \u00e0 raison de 2 pulv\u00e9risations . Bien agiter le flacon avant chaque utilisation. Pour pr\u00e9parer le collutoire Hexaspray \u00e0 la pulv\u00e9risation, il suffit de faire pivoter la tige de l&#8217;embout d&rsquo;un quart de tour. Ne pas pencher le flacon lors de la pulv\u00e9risation dans la gorge. Le traitement par Hexaspray en collutoire ne doit pas d\u00e9passer 5 jours . En effet, l&rsquo;usage prolong\u00e9 d&rsquo;un m\u00e9dicament \u00e0 vis\u00e9e antibact\u00e9rienne n&rsquo;est pas souhaitable, car il est susceptible de modifier l&rsquo;\u00e9quilibre microbien naturel de la gorge. En cas de survenue de fi\u00e8vre, d&rsquo;expectorations purulentes, d&rsquo;une g\u00eane \u00e0 la d\u00e9glutition des aliments comme en cas d&rsquo;aggravation ou d&rsquo;absence d&rsquo;am\u00e9lioration au bout de 5 jours, demandez l\u2019avis de votre m\u00e9decin ou de votre pharmacien. Contre-indications du m\u00e9dicament Hexaspray collutoire maux de gorge Hexaspray ne doit pas \u00eatre utilis\u00e9 si votre enfant est \u00e2g\u00e9 de moins de 30 mois (HEXASPRAY) ou s\u2019il a moins de 6 ans (HEXASPRAY fruits exotiques). Demandez conseil \u00e0 votre m\u00e9decin avant d\u2019utiliser Hexaspray pendant la grossesse ou durant l\u2019allaitement. En cas de fi\u00e8vre, de g\u00e8ne en avalant ou de persistance des sympt\u00f4mes au bout de 5 jours, consultez votre m\u00e9decin qui pourra faire la diff\u00e9rence entre une pharyngite et une angine. En cas d&rsquo;angine bact\u00e9rienne, votre m\u00e9decin vous prescrire un traitement antibiotique, n\u00e9cessaire afin d&rsquo;\u00e9viter des complications ult\u00e9rieures, cardiaques ou r\u00e9nales. L&rsquo;usage prolong\u00e9 de ce type de traitement antiseptique local (gargarisme, collutoire, pastille) n&rsquo;est pas souhaitable. En effet, il peut modifier l&rsquo;\u00e9quilibre microbien naturel de la gorge. De plus, il est g\u00e9n\u00e9ralement inutile d&rsquo;associer des antiseptiques diff\u00e9rents, car ceux-ci peuvent \u00eatre contenus dans de nombreux produits disponibles en autom\u00e9dication : pastille, collutoire et solution nasale. N\u2019h\u00e9sitez pas \u00e0 demander conseil \u00e0 votre pharmacien en ligne ou votre m\u00e9decin. Hexaspray collutoire spray pressuris\u00e9 pour le mal de gorge : effets ind\u00e9sirables possibles Comme tout m\u00e9dicament, Hexaspray peut induire des effets secondaires ind\u00e9sirables. Hexapsray peut tr\u00e8s rarement provoquer une r\u00e9action allergique (urticaire, \u0153d\u00e8me de Quincke). Avis du \t\t\t\t\t\t\t                                                                                pharmacien \t\t\t\t\t\t\t                                                                                sur Hexaspray Le m\u00e9dicament Hexaspray collutoire en spray est indiqu\u00e9 dans le traitement local d&rsquo;appoint des maux de gorge peu intenses et sans fi\u00e8vre .  Hexaspray se pr\u00e9sente sous forme de flacon pressuris\u00e9 avec une tige permettant de pulv\u00e9riser dans la gorge.  Pulv\u00e9risez Hexapsray Collutoire en faisant pivoter la tige de l&#8217;embout d&rsquo;un quart de tour, tenez le flacon \u00e0 la verticale, administrez 2 pulv\u00e9risations 3 fois par jour. Ne prolongez pas le traitement au-del\u00e0 de 5 jours sans demander un avis m\u00e9dical.  Chez les enfants, n\u2019enfoncez pas trop l\u2019embout dans la bouche, ce qui peut d\u00e9clenche un r\u00e9flex du pharynx.  Retrouvez les questions pos\u00e9es \u00e0 votre pharmacien au comptoir de la Pharmacie des Drakkars . Quels sont les sympt\u00f4mes d\u2019une angine ? Une angine se manifeste le plus souvent par la pr\u00e9sence de fi\u00e8vre avec une g\u00eane douloureuse au niveau de la gorge, particuli\u00e8rement lors de la d\u00e9glutition. Ce mal de gorge est souvent accompagn\u00e9, au niveau de l\u2019oropharynx, de rougeur, d\u2019un gonflement des amygdales ou de la pr\u00e9sence de v\u00e9sicules. Ces sympt\u00f4mes peuvent coexister avec une toux ou un rhume.  On distingue 3 principaux types d\u2019angine : l\u2019angine rouge (amygdales et pharynx rouge), l\u2019angine blanche (enduits blanch\u00e2tres recouvrant les amygdales) et l\u2019angine v\u00e9siculeuse.  L\u2019origine de l\u2019angine virale ou bact\u00e9rienne se confirme via un test de diagnostic rapide (TDR). Comment soulager naturellement les maux de gorge ? Il n\u2019existe pas de solution miracle pour soulager le mal de gorge. Cependant, certains aliments tels que le miel, consomm\u00e9 directement du pot ou en infusion, ont des propri\u00e9t\u00e9s adoucissantes pour la gorge. Le miel facilite la d\u00e9glutition et apaise les muqueuses de la gorge.  Boire une boisson fra\u00eeche ou manger un peu de glace permet \u00e9galement d\u2019att\u00e9nuer le mal de gorge gr\u00e2ce au l\u00e9ger effet anesth\u00e9siant du froid. Marque Bouchara Recordati R\u00e9f\u00e9rence(s) 3400930036242, 3400932779727 Excipient \u00e0 effet notoire alcool benzylique &#8211; \u00e9thanol \u00e0 96 % &#8211; p-hydroxybenzoate de m\u00e9thyle &#8211; soja l\u00e9cithine Excipient badiane essence &#8211; eau purifi\u00e9e &#8211; saccharine sodique &#8211; azote &#8211; alcool benzylique &#8211; \u00e9thanol \u00e0 96 % &#8211; ammonium glycyrrhizate &#8211; glyc\u00e9rol &#8211; cellulose dispersible &#8211; anis essence &#8211; acide \u00e9d\u00e9tique sel disodique Mol\u00e9cules badiane essence &#8211; soja l\u00e9cithine &#8211; saccharine sodique &#8211; azote &#8211; alcool benzylique &#8211; \u00e9thanol \u00e0 96 % &#8211; ammonium glycyrrhizate &#8211; p-hydroxybenzoate de m\u00e9thyle &#8211; eau purifi\u00e9e &#8211; biclotymol (25.0 mg) &#8211; cellulose dispersible &#8211; anis essence &#8211; glyc\u00e9rol &#8211; acide \u00e9d\u00e9tique sel disodique Aromatisant badiane essence &#8211; anis essence &#8211; ammonium glycyrrhizate Indications Stomatite &#8211; Angine Forme gal\u00e9nique collutoire Substance Active biclotymol Mis \u00e0 jour le : 21\/03\/2024<\/p>","protected":false},"excerpt":{"rendered":"<p>Hexaspray Collutoire est un m\u00e9dicament utilis\u00e9 pour traiter et soulager les maux de gorge peu intenses et sans fi\u00e8vre .<\/p>","protected":false},"featured_media":17366,"comment_status":"open","ping_status":"closed","template":"","meta":{"_acf_changed":false},"product_brand":[],"product_cat":[275],"product_tag":[],"class_list":{"0":"post-17367","1":"product","2":"type-product","3":"status-publish","4":"has-post-thumbnail","6":"product_cat-aide-technique","8":"first","9":"instock","10":"shipping-taxable","11":"product-type-simple"},"acf":[],"df_price":"","df_sale_price":"","df_regular_price":"","df_image_link":"https:\/\/rahtek-dz.com\/wp-content\/uploads\/2026\/02\/w-501-h-501-zc-2-hexaspray-collutoire-maux-de-gorge-bouchara-recordati8-1697706434.jpg-300x300.webp","_links":{"self":[{"href":"https:\/\/rahtek-dz.com\/ar\/wp-json\/wp\/v2\/product\/17367","targetHints":{"allow":["GET"]}}],"collection":[{"href":"https:\/\/rahtek-dz.com\/ar\/wp-json\/wp\/v2\/product"}],"about":[{"href":"https:\/\/rahtek-dz.com\/ar\/wp-json\/wp\/v2\/types\/product"}],"replies":[{"embeddable":true,"href":"https:\/\/rahtek-dz.com\/ar\/wp-json\/wp\/v2\/comments?post=17367"}],"wp:featuredmedia":[{"embeddable":true,"href":"https:\/\/rahtek-dz.com\/ar\/wp-json\/wp\/v2\/media\/17366"}],"wp:attachment":[{"href":"https:\/\/rahtek-dz.com\/ar\/wp-json\/wp\/v2\/media?parent=17367"}],"wp:term":[{"taxonomy":"product_brand","embeddable":true,"href":"https:\/\/rahtek-dz.com\/ar\/wp-json\/wp\/v2\/product_brand?post=17367"},{"taxonomy":"product_cat","embeddable":true,"href":"https:\/\/rahtek-dz.com\/ar\/wp-json\/wp\/v2\/product_cat?post=17367"},{"taxonomy":"product_tag","embeddable":true,"href":"https:\/\/rahtek-dz.com\/ar\/wp-json\/wp\/v2\/product_tag?post=17367"}],"curies":[{"name":"wp","href":"https:\/\/api.w.org\/{rel}","templated":true}]}}