{"id":17369,"date":"2026-02-11T12:03:01","date_gmt":"2026-02-11T11:03:01","guid":{"rendered":"https:\/\/rahtek-dz.com\/product\/gants-dexamen-en-latex-non-poudres-joleti\/"},"modified":"2026-02-11T12:03:01","modified_gmt":"2026-02-11T11:03:01","slug":"gants-dexamen-en-latex-non-poudres-joleti","status":"publish","type":"product","link":"https:\/\/rahtek-dz.com\/ar\/product\/gants-dexamen-en-latex-non-poudres-joleti\/","title":{"rendered":"Gants d&rsquo;examen en Latex non Poudr\u00e9s Joleti"},"content":{"rendered":"<p>Pour prot\u00e9ger vos mains efficacement et en toute simplicit\u00e9 dans de nombreuses circonstances, ne manquez pas les gants d&rsquo;examen en latex Joleti, disponibles en tailles M ou L sur notre pharmacie en ligne. Les gants d&rsquo;examen en latex Joleti permettent de prot\u00e9ger vos mains dans certaines situations comme l&rsquo;exposition \u00e0 des micro-organismes. A l&rsquo;inverse ils peuvent \u00e9galement pr\u00e9venir une contamination de l&rsquo;environnement par vos mains. Pourquoi choisir les gants en latex Joleti ? Leur composition en latex permet un enfilage facile et une pr\u00e9hension id\u00e9ale et pr\u00e9cise. Ils ne contiennent pas de poudre d&rsquo;amidon.\u00a0Ils sont adapt\u00e9s \u00e0 la main gauche comme \u00e0 la main droite et sont conformes \u00e0 la norme EN 455-1-2-3. Ce sont des gants non st\u00e9riles \u00e0 usage unique . A noter qu&rsquo;ils ne prot\u00e8gent pas contre les risques chimiques et m\u00e9caniques. Ils sont formul\u00e9s \u00e0 base de caoutchouc naturel qui est susceptible de provoquer des r\u00e9actions allergiques chez certaines personnes (allergie au latex). Dans ce cas, vous pourrez \u00e9galement retrouver les gants d&rsquo;examen en vinyle de Joleti chez Pharmacie des Drakkars. Les gants d&rsquo;examen en latex Joleti existent en deux tailles : taille S (6\/7), taille M (7\/8), taille L (8\/9) et taille XL (9\/10). Les conditionnements propos\u00e9s par notre pharmacie en ligne : bo\u00eete de 100 gants. Marque Joleti R\u00e9f\u00e9rence(s) 2000090022997, 2000090023000, 2000090028999, 2000090030152 Mis \u00e0 jour le : 29\/01\/2026<\/p>","protected":false},"excerpt":{"rendered":"<p>Pour prot\u00e9ger vos mains efficacement et en toute simplicit\u00e9 dans de nombreuses circonstances, ne manquez pas les gants d&rsquo;examen en<\/p>","protected":false},"featured_media":17368,"comment_status":"open","ping_status":"closed","template":"","meta":{"_acf_changed":false},"product_brand":[],"product_cat":[275],"product_tag":[],"class_list":{"0":"post-17369","1":"product","2":"type-product","3":"status-publish","4":"has-post-thumbnail","6":"product_cat-aide-technique","8":"first","9":"instock","10":"shipping-taxable","11":"product-type-simple"},"acf":[],"df_price":"","df_sale_price":"","df_regular_price":"","df_image_link":"https:\/\/rahtek-dz.com\/wp-content\/uploads\/2026\/02\/w-501-h-501-zc-2-gants-d-examen-en-latex-non-poudres-joleti-joleti5-1760633015.png-300x300.webp","_links":{"self":[{"href":"https:\/\/rahtek-dz.com\/ar\/wp-json\/wp\/v2\/product\/17369","targetHints":{"allow":["GET"]}}],"collection":[{"href":"https:\/\/rahtek-dz.com\/ar\/wp-json\/wp\/v2\/product"}],"about":[{"href":"https:\/\/rahtek-dz.com\/ar\/wp-json\/wp\/v2\/types\/product"}],"replies":[{"embeddable":true,"href":"https:\/\/rahtek-dz.com\/ar\/wp-json\/wp\/v2\/comments?post=17369"}],"wp:featuredmedia":[{"embeddable":true,"href":"https:\/\/rahtek-dz.com\/ar\/wp-json\/wp\/v2\/media\/17368"}],"wp:attachment":[{"href":"https:\/\/rahtek-dz.com\/ar\/wp-json\/wp\/v2\/media?parent=17369"}],"wp:term":[{"taxonomy":"product_brand","embeddable":true,"href":"https:\/\/rahtek-dz.com\/ar\/wp-json\/wp\/v2\/product_brand?post=17369"},{"taxonomy":"product_cat","embeddable":true,"href":"https:\/\/rahtek-dz.com\/ar\/wp-json\/wp\/v2\/product_cat?post=17369"},{"taxonomy":"product_tag","embeddable":true,"href":"https:\/\/rahtek-dz.com\/ar\/wp-json\/wp\/v2\/product_tag?post=17369"}],"curies":[{"name":"wp","href":"https:\/\/api.w.org\/{rel}","templated":true}]}}