{"id":17373,"date":"2026-02-11T12:03:02","date_gmt":"2026-02-11T11:03:02","guid":{"rendered":"https:\/\/rahtek-dz.com\/product\/neutrogena-ultra-sheer-lait-solaire-invisible\/"},"modified":"2026-02-11T12:03:02","modified_gmt":"2026-02-11T11:03:02","slug":"neutrogena-ultra-sheer-lait-solaire-invisible","status":"publish","type":"product","link":"https:\/\/rahtek-dz.com\/ar\/product\/neutrogena-ultra-sheer-lait-solaire-invisible\/","title":{"rendered":"Neutrogena Ultra Sheer Lait Solaire Invisible"},"content":{"rendered":"<p>Le lait solaire invisible Ultra Sheer de Neutrogena offre une haute protection \u00e0 large spectre contre les UVA, les UVB, la lumi\u00e8re visible et la pollution. Gr\u00e2ce \u00e0 sa technologie Helioplex\u2122 SL, il aide \u00e0 prot\u00e9ger la peau des agressions ext\u00e9rieures tout en pr\u00e9servant son confort. La formule enrichie en vitamine E antioxydante, en glyc\u00e9rine et en niacinamide de ce lait solaire contribue \u00e0 maintenir une peau hydrat\u00e9e, souple et confortable. Disponible en SPF 30 ou SPF 50, il convient \u00e0 tous les types de peau, m\u00eame sensibles. Protection solaire : pourquoi choisir le lait solaire invisible Neutrogena Ultra Sheer ? Con\u00e7u pour un usage sur le corps comme sur le visage, le lait solaire Neutrogena assure une protection solaire haute performance . Sa technologie Helioplex\u2122 SL offre une d\u00e9fense efficace contre les UVA longs et courts, les UVB mais aussi contre la lumi\u00e8re visible et la pollution, responsables du vieillissement pr\u00e9matur\u00e9 de la peau. R\u00e9sistant \u00e0 l&rsquo;eau et \u00e0 la transpiration, il est id\u00e9al lors des activit\u00e9s ext\u00e9rieures et sportives. Test\u00e9e sous contr\u00f4le dermatologique, la formule sans parfum de ce soin solaire Neutrogena respecte les peaux sensibles. Disponible en SPF 30, le lait solaire invisible Ultra Sheer convient parfaitement aux expositions mod\u00e9r\u00e9es et au quotidien, tandis que la version SPF 50 offre une protection renforc\u00e9e pour les peaux plus claires. Dans les deux cas, la pr\u00e9sence de vitamine E aide \u00e0 lutter contre le stress oxydatif tandis que la glyc\u00e9rine et la niacinamide participent au maintien de l&rsquo;hydratation et du confort cutan\u00e9 tout au long de la journ\u00e9e. Le lait solaire invisible Neutrogena dispose d&rsquo;une texture ultra l\u00e9g\u00e8re qui s&rsquo;\u00e9tale facilement et qui p\u00e9n\u00e8tre rapidement sans laisser de film blanc ni d&rsquo;effet gras. Sec au toucher, il laisse la peau douce, souple et confortable tout en permettant de s&rsquo;habiller imm\u00e9diatement apr\u00e8s application. Conditionnement disponible sur notre pharmacie en ligne pour le lait solaire invisible Neutrogena Ultra Sheer : tube de 200 ml, indice de protection UV au choix (SPF 30 ou 50). Avis du \t\t\t\t\t\t\t                                                                                pharmacien \t\t\t\t\t\t\t                                                                                sur Neutrogena Ultra Sheer Lait Solaire Invisible Agitez le tube avant chaque utilisation puis appliquez g\u00e9n\u00e9reusement et uniform\u00e9ment avant toute exposition au soleil.  R\u00e9appliquez fr\u00e9quemment une protection solaire, surtout apr\u00e8s avoir transpir\u00e9, nag\u00e9 ou vous \u00eatre essuy\u00e9. L&rsquo;application d&rsquo;une quantit\u00e9 insuffisante de produit diminue le niveau de protection. Ne pas exposer les b\u00e9b\u00e9s et les jeunes enfants directement au soleil. M\u00eame avec une protection solaire, \u00e9viter la surexposition au soleil, qui est dangereuse pour la sant\u00e9. \u00c9viter le contact avec les yeux. En cas de contact avec les yeux, les rincer abondamment. Marque Neutrogena R\u00e9f\u00e9rence(s) 3574661875286, 3574661875446 Mis \u00e0 jour le : 19\/01\/2026<\/p>","protected":false},"excerpt":{"rendered":"<p>Le lait solaire invisible Ultra Sheer de Neutrogena offre une haute protection \u00e0 large spectre contre les UVA, les UVB,<\/p>","protected":false},"featured_media":17372,"comment_status":"open","ping_status":"closed","template":"","meta":{"_acf_changed":false},"product_brand":[],"product_cat":[275],"product_tag":[],"class_list":{"0":"post-17373","1":"product","2":"type-product","3":"status-publish","4":"has-post-thumbnail","6":"product_cat-aide-technique","8":"first","9":"instock","10":"shipping-taxable","11":"product-type-simple"},"acf":[],"df_price":"","df_sale_price":"","df_regular_price":"","df_image_link":"https:\/\/rahtek-dz.com\/wp-content\/uploads\/2026\/02\/w-501-h-501-zc-2-neutrogena-ultra-sheer-lait-solaire-invisible-neutrogena4-1769426439.jpg-300x300.webp","_links":{"self":[{"href":"https:\/\/rahtek-dz.com\/ar\/wp-json\/wp\/v2\/product\/17373","targetHints":{"allow":["GET"]}}],"collection":[{"href":"https:\/\/rahtek-dz.com\/ar\/wp-json\/wp\/v2\/product"}],"about":[{"href":"https:\/\/rahtek-dz.com\/ar\/wp-json\/wp\/v2\/types\/product"}],"replies":[{"embeddable":true,"href":"https:\/\/rahtek-dz.com\/ar\/wp-json\/wp\/v2\/comments?post=17373"}],"wp:featuredmedia":[{"embeddable":true,"href":"https:\/\/rahtek-dz.com\/ar\/wp-json\/wp\/v2\/media\/17372"}],"wp:attachment":[{"href":"https:\/\/rahtek-dz.com\/ar\/wp-json\/wp\/v2\/media?parent=17373"}],"wp:term":[{"taxonomy":"product_brand","embeddable":true,"href":"https:\/\/rahtek-dz.com\/ar\/wp-json\/wp\/v2\/product_brand?post=17373"},{"taxonomy":"product_cat","embeddable":true,"href":"https:\/\/rahtek-dz.com\/ar\/wp-json\/wp\/v2\/product_cat?post=17373"},{"taxonomy":"product_tag","embeddable":true,"href":"https:\/\/rahtek-dz.com\/ar\/wp-json\/wp\/v2\/product_tag?post=17373"}],"curies":[{"name":"wp","href":"https:\/\/api.w.org\/{rel}","templated":true}]}}