{"id":17397,"date":"2026-02-11T12:03:04","date_gmt":"2026-02-11T11:03:04","guid":{"rendered":"https:\/\/rahtek-dz.com\/product\/endotelon\/"},"modified":"2026-02-11T12:03:04","modified_gmt":"2026-02-11T11:03:04","slug":"endotelon","status":"publish","type":"product","link":"https:\/\/rahtek-dz.com\/ar\/product\/endotelon\/","title":{"rendered":"Endotelon"},"content":{"rendered":"<p>Endotelon est un m\u00e9dicament utilis\u00e9 pour traiter les s ympt\u00f4mes de l&rsquo;insuffisance veino-lymphatique , tels que les jambes lourdes et le syndrome des jambes sans repos , ainsi que le lymph\u0153d\u00e8me du membre sup\u00e9rieur. ENDOTELON POUR LES TROUBLES DE LA CIRCULATION SANGUINE Endotelon se pr\u00e9sente sous la forme de comprim\u00e9s enrob\u00e9s gastro-r\u00e9sistant. Il s&rsquo;agit d&rsquo;un m\u00e9dicament veinotonique indiqu\u00e9 dans le traitement des troubles de la circulation sanguine comme les jambes lourdes, les impatiences aussi appel\u00e9es syndrome des jambes sans repos, et de l&rsquo; \u0153d\u00e8me lymphatique du bras (infiltration de lymphe dans le tissu de soutien du bras) apr\u00e8s traitement radiochirurgical du cancer du sein. Il s&rsquo;utilise en compl\u00e9ment des m\u00e9thodes physiques et surtout de la contention \u00e9lastique. Dans le cas d&rsquo;un lymph\u0153d\u00e8me, il peut \u00eatre utilis\u00e9 seul chez les patients ne pouvant b\u00e9n\u00e9ficier du traitement physique, ce dernier \u00e9tant le traitement de r\u00e9f\u00e9rence du lymph\u0153d\u00e8me. Conditionnement propos\u00e9 sur votre pharmacie en ligne : Endotelon 150 mg comprim\u00e9 enrob\u00e9 gastro-r\u00e9sistant (jaune) en bo\u00eete de 60, sous plaquettes. POSOLOGIE ET PR\u00c9CAUTIONS D&rsquo;EMPLOI Dans le traitement des jambes lourdes : le m\u00e9dicament Endotelon s&rsquo;utilise \u00e0 raison de 2\u00a0comprim\u00e9s par jour , en deux prises matin et soir, en administration discontinue (20\u00a0jours par mois). Pour traiter le lymph\u0153d\u00e8me : prendre 2\u00a0comprim\u00e9s d&rsquo;Endotelon\u00a0par jour, en deux prises matin et soir, en administration continue. Il est pr\u00e9f\u00e9rable de prendre chaque comprim\u00e9 d&rsquo;Endotelon\u00a0\u00e0 distance des repas. CONTRE-INDICATIONS ET EFFETS IND\u00c9SIRABLES\u00a0POSSIBLES Ne prenez pas ce m\u00e9dicament si vous \u00eates allergique aux oligom\u00e8res procyanidoliques (extrait de p\u00e9pin de raisin) ou \u00e0 l&rsquo;un de ses composants. La prise d&rsquo;Endotelon\u00a0pourrait entrainer des effets ind\u00e9sirables rares tels qu&rsquo;une\u00a0r\u00e9action allergique, des naus\u00e9es, une diarrh\u00e9e, des douleurs de l&rsquo;estomac, et exceptionnellement des maux de t\u00eate. Endotelon et grossesse : L&rsquo;effet d&rsquo;Endotelon\u00a0pendant la grossesse est mal connu. L&rsquo;\u00e9valuation du risque \u00e9ventuel li\u00e9 \u00e0 son utilisation est individuelle : demandez conseil \u00e0 votre pharmacien ou \u00e0 votre m\u00e9decin. La prise de ce m\u00e9dicament est d\u00e9conseill\u00e9e durant l&rsquo;allaitement. Avis du \t\t\t\t\t\t\t                                                                                pharmacien \t\t\t\t\t\t\t                                                                                sur Endotelon Le m\u00e9dicament Endotelon est insuffisant pour pr\u00e9venir le risque de phl\u00e9bite chez les malades alit\u00e9s ou pl\u00e2tr\u00e9s.  L&rsquo;association de ce traitement de l&rsquo;insuffisance veineuse \u00e0 une bonne hygi\u00e8ne de vie est cruciale pour am\u00e9liorer et favoriser la circulation veineuse. Voici quelques conseils suppl\u00e9mentaires et d\u00e9tails pour optimiser votre routine quotidienne : \u00c9vitez l&rsquo;exposition au soleil ou \u00e0 la chaleur excessive : La chaleur peut provoquer la dilatation des veines, ce qui aggrave l&rsquo;insuffisance veineuse. Pr\u00e9f\u00e9rez les activit\u00e9s en int\u00e9rieur ou \u00e0 l&rsquo;ombre pendant les heures les plus chaudes de la journ\u00e9e. Ne vous tenez pas debout de fa\u00e7on prolong\u00e9e : Rester immobile en position debout sur de longues p\u00e9riodes peut augmenter la pression dans les veines des jambes. Si votre profession l&rsquo;exige, essayez de marcher un peu ou de changer de position r\u00e9guli\u00e8rement. Contr\u00f4lez votre poids : Le surpoids augmente la pression sur vos veines. Un r\u00e9gime alimentaire \u00e9quilibr\u00e9 et sain, peut aider \u00e0 maintenir un poids optimal et \u00e0 r\u00e9duire la r\u00e9tention d&rsquo;eau. Faites r\u00e9guli\u00e8rement de longues marches : L&rsquo;exercice physique, comme la marche, active la pompe musculaire dans vos jambes, aidant \u00e0 pousser le sang vers le c\u0153ur. Int\u00e9grez des promenades quotidiennes dans votre routine pour am\u00e9liorer votre circulation. Portez des bas de contention adapt\u00e9s : Ces bas exercent une pression gradu\u00e9e sur les jambes, soutenant ainsi les veines et aidant \u00e0 maintenir le flux sanguin. Assurez-vous qu&rsquo;ils sont bien ajust\u00e9s en consultant un professionnel de sant\u00e9. Sur\u00e9levez vos jambes : Quand vous reposez ou dormez, essayez de sur\u00e9lever vos jambes au-dessus du niveau de votre c\u0153ur. Cela aide le sang \u00e0 retourner vers le c\u0153ur et r\u00e9duit la pression dans les veines de vos jambes. Hydratez-vous ad\u00e9quatement : Boire suffisamment d&rsquo;eau aide \u00e0 maintenir une bonne circulation sanguine et pr\u00e9vient la d\u00e9shydratation, qui peut \u00e9paissir le sang, rendant sa circulation plus difficile. \u00c9vitez de porter des v\u00eatements serr\u00e9s : Des v\u00eatements qui compriment certaines parties de votre corps, comme la taille ou les jambes, peuvent restreindre la circulation. Privil\u00e9giez des v\u00eatements confortables et amples. D\u00e9couvrez notre s\u00e9lection de m\u00e9dicaments pour les jambes lourdes , en comprim\u00e9s, ampoules ou g\u00e9lules, sur la pharmacie en ligne des Drakkars.  En parall\u00e8le, des compl\u00e9ments alimentaires\u00a0destin\u00e9s aux probl\u00e8mes de circulation sanguine peuvent vous aider. Guides \t\t\t\t\t\t                                                                                      de Endotelon Aromath\u00e9rapie Jambes lourdes et huiles essentielles les conseils en aromath\u00e9rapie des pharmaciens La sensation de jambes lourdes est un probl\u00e8me fr\u00e9quent associ\u00e9 ou non \u00e0 un \u0153d\u00e8me.\u00a0Les huiles &#8230; Marque Cheplapharm R\u00e9f\u00e9rence(s) 3400936367098 Mol\u00e9cules titane dioxyde &#8211; sodium hydroxyde &#8211; talc &#8211; tri\u00e9thyle citrate &#8211; silice collo\u00efdale anhydre &#8211; cellulose microcristalline &#8211; cire de carnauba &#8211; copolym\u00e8re d&rsquo;acide m\u00e9thacrylique et d&rsquo;acrylate d&rsquo;\u00e9thyle &#8211; fer jaune oxyde &#8211; g\u00e9latine &#8211; gomme arabique &#8211; magn\u00e9sium st\u00e9arate &#8211; raisin p\u00e9pin extrait purifi\u00e9 &#8211; saccharose Excipient talc &#8211; sodium hydroxyde &#8211; cellulose microcristalline &#8211; cire de carnauba &#8211; copolym\u00e8re d&rsquo;acide m\u00e9thacrylique et d&rsquo;acrylate d&rsquo;\u00e9thyle &#8211; fer jaune oxyde &#8211; g\u00e9latine &#8211; gomme arabique &#8211; titane dioxyde &#8211; tri\u00e9thyle citrate &#8211; magn\u00e9sium st\u00e9arate &#8211; silice collo\u00efdale anhydre Indications Lymphoed\u00e8me &#8211; Pathologie veineuse et capillaire b\u00e9nigne &#8211; Insuffisance veinolymphatique Forme gal\u00e9nique comprim\u00e9 enrob\u00e9 gastror\u00e9sistant Excipient \u00e0 effet notoire saccharose Substance Active raisin p\u00e9pin extrait purifi\u00e9 Mis \u00e0 jour le : 13\/01\/2026<\/p>","protected":false},"excerpt":{"rendered":"<p>Endotelon est un m\u00e9dicament utilis\u00e9 pour traiter les s ympt\u00f4mes de l&rsquo;insuffisance veino-lymphatique , tels que les jambes lourdes et<\/p>","protected":false},"featured_media":17396,"comment_status":"open","ping_status":"closed","template":"","meta":{"_acf_changed":false},"product_brand":[],"product_cat":[275],"product_tag":[],"class_list":{"0":"post-17397","1":"product","2":"type-product","3":"status-publish","4":"has-post-thumbnail","6":"product_cat-aide-technique","8":"first","9":"instock","10":"shipping-taxable","11":"product-type-simple"},"acf":[],"df_price":"","df_sale_price":"","df_regular_price":"","df_image_link":"https:\/\/rahtek-dz.com\/wp-content\/uploads\/2026\/02\/w-501-h-501-zc-2-endotelon-150-mg-sanofi4-1695634419.jpg-300x300.webp","_links":{"self":[{"href":"https:\/\/rahtek-dz.com\/ar\/wp-json\/wp\/v2\/product\/17397","targetHints":{"allow":["GET"]}}],"collection":[{"href":"https:\/\/rahtek-dz.com\/ar\/wp-json\/wp\/v2\/product"}],"about":[{"href":"https:\/\/rahtek-dz.com\/ar\/wp-json\/wp\/v2\/types\/product"}],"replies":[{"embeddable":true,"href":"https:\/\/rahtek-dz.com\/ar\/wp-json\/wp\/v2\/comments?post=17397"}],"wp:featuredmedia":[{"embeddable":true,"href":"https:\/\/rahtek-dz.com\/ar\/wp-json\/wp\/v2\/media\/17396"}],"wp:attachment":[{"href":"https:\/\/rahtek-dz.com\/ar\/wp-json\/wp\/v2\/media?parent=17397"}],"wp:term":[{"taxonomy":"product_brand","embeddable":true,"href":"https:\/\/rahtek-dz.com\/ar\/wp-json\/wp\/v2\/product_brand?post=17397"},{"taxonomy":"product_cat","embeddable":true,"href":"https:\/\/rahtek-dz.com\/ar\/wp-json\/wp\/v2\/product_cat?post=17397"},{"taxonomy":"product_tag","embeddable":true,"href":"https:\/\/rahtek-dz.com\/ar\/wp-json\/wp\/v2\/product_tag?post=17397"}],"curies":[{"name":"wp","href":"https:\/\/api.w.org\/{rel}","templated":true}]}}