{"id":17399,"date":"2026-02-11T12:03:04","date_gmt":"2026-02-11T11:03:04","guid":{"rendered":"https:\/\/rahtek-dz.com\/product\/neut-ballerines-mailla\/"},"modified":"2026-02-11T12:03:04","modified_gmt":"2026-02-11T11:03:04","slug":"neut-ballerines-mailla","status":"publish","type":"product","link":"https:\/\/rahtek-dz.com\/ar\/product\/neut-ballerines-mailla\/","title":{"rendered":"NEUT Ballerines Mailla"},"content":{"rendered":"<p>Pour les femmes ayant besoin d&rsquo;une paire de chaussures de confort adapt\u00e9es \u00e0 leurs pieds d\u00e9form\u00e9s ou sensibles, notre \u00e9quipe a s\u00e9lectionn\u00e9 les ballerines Mailla propos\u00e9es par NEUT. Les chaussons ou chaussures de confort Mailla de NEUT , le sp\u00e9cialiste en orthop\u00e9die pour femmes et hommes, ont \u00e9t\u00e9 con\u00e7us avec suffisamment de largeur et de volume pour ne pas g\u00eaner les pieds d\u00e9licats. Gr\u00e2ce \u00e0 leur semelle int\u00e9rieure amovible , fabriqu\u00e9e \u00e0 partir d&rsquo;une mousse amortissante et de forme anatomique , la chaussure Mailla s&rsquo;adapte parfaitement \u00e0 la forme de votre pied et propose un maximum de confort \u00e0 sa porteuse. Les ballerines Mailla NEUT repr\u00e9sentent ainsi un mod\u00e8le de chaussures de d\u00e9tente et de confort qui pourra vous accompagner au quotidien, et facile \u00e0 nettoyer et entretenir \u00e0 la maison. Quels sont les avantages des ballerines Mailla de NEUT ? Les ballerines Mailla de NEUT sont des chaussures de confort ferm\u00e9es pour femmes . La semelle ext\u00e9rieure leur conf\u00e8re encore plus de souplesse pour vous garantir un confort optimal . Elle est par ailleurs con\u00e7ue en polyur\u00e9thane pour lui permettre de r\u00e9sister \u00e0 l&rsquo;usure. Les chaussures Mailla NEUT ont une hauteur de talon de 3 cm. Elles conviennent pour une utilisation \u00e0 la maison comme en ext\u00e9rieur, et vous accompagneront tout au long de l&rsquo;ann\u00e9e. Les ballerines ou chaussures de d\u00e9tente Mailla de NEUT sont disponibles en coloris bordeaux, noir, gris, marine, neige ou fuchsia\u00a0sur notre pharmacie en ligne, et dans les pointures suivantes : du 34 ou 35 au 41. Avis du \t\t\t\t\t\t\t                                                                                pharmacien \t\t\t\t\t\t\t                                                                                sur NEUT Ballerines Mailla Vous pourrez tout \u00e0 fait remplacer la semelle int\u00e9rieure des ballerines Mailla de NEUT par une orth\u00e8se plantaire si n\u00e9cessaire. Marque Neut R\u00e9f\u00e9rence(s) 2000093306964, 3401547101415, 3401547101583, 3401547101644, 3401547101873, 3401547101934, 3401547102016, 3401547102184, 3401547102245, 3401547102306, 3401547102474, 3401547102535, 3401547102764, 3401547102825, 3401560016710, 3401560016727, 3401560016741, 3401560016758, 3401560016765, 3401560016772, 3401560016789, 3401574686114, 3401574686282, 3401574686343, 3401574686404, 3401574687234, 3401574687463, 3401574687524, 3401574687692, 3401574687753, 3401574687814, 3401574687982, 3401574688064, 3401574688125, 3401574688293, 3401574688354, 3401574688415, 3401574688583, 3401574688644, 3401574688705, 3401574688873, 3401575805491, 3401575805552, 3401575805613, 3401575805781, 3401575805842, 3401575805903, 3401575806092, 3401575806153, 3401579731024, 3401579731192, 3401579731253, 3664588004163 Mis \u00e0 jour le : 30\/04\/2025<\/p>","protected":false},"excerpt":{"rendered":"<p>Pour les femmes ayant besoin d&rsquo;une paire de chaussures de confort adapt\u00e9es \u00e0 leurs pieds d\u00e9form\u00e9s ou sensibles, notre \u00e9quipe<\/p>","protected":false},"featured_media":17398,"comment_status":"open","ping_status":"closed","template":"","meta":{"_acf_changed":false},"product_brand":[],"product_cat":[275],"product_tag":[],"class_list":{"0":"post-17399","1":"product","2":"type-product","3":"status-publish","4":"has-post-thumbnail","6":"product_cat-aide-technique","8":"first","9":"instock","10":"shipping-taxable","11":"product-type-simple"},"acf":[],"df_price":"","df_sale_price":"","df_regular_price":"","df_image_link":"https:\/\/rahtek-dz.com\/wp-content\/uploads\/2026\/02\/w-501-h-501-zc-2-ballerine-milla-neut-1-1505924561.png-300x300.webp","_links":{"self":[{"href":"https:\/\/rahtek-dz.com\/ar\/wp-json\/wp\/v2\/product\/17399","targetHints":{"allow":["GET"]}}],"collection":[{"href":"https:\/\/rahtek-dz.com\/ar\/wp-json\/wp\/v2\/product"}],"about":[{"href":"https:\/\/rahtek-dz.com\/ar\/wp-json\/wp\/v2\/types\/product"}],"replies":[{"embeddable":true,"href":"https:\/\/rahtek-dz.com\/ar\/wp-json\/wp\/v2\/comments?post=17399"}],"wp:featuredmedia":[{"embeddable":true,"href":"https:\/\/rahtek-dz.com\/ar\/wp-json\/wp\/v2\/media\/17398"}],"wp:attachment":[{"href":"https:\/\/rahtek-dz.com\/ar\/wp-json\/wp\/v2\/media?parent=17399"}],"wp:term":[{"taxonomy":"product_brand","embeddable":true,"href":"https:\/\/rahtek-dz.com\/ar\/wp-json\/wp\/v2\/product_brand?post=17399"},{"taxonomy":"product_cat","embeddable":true,"href":"https:\/\/rahtek-dz.com\/ar\/wp-json\/wp\/v2\/product_cat?post=17399"},{"taxonomy":"product_tag","embeddable":true,"href":"https:\/\/rahtek-dz.com\/ar\/wp-json\/wp\/v2\/product_tag?post=17399"}],"curies":[{"name":"wp","href":"https:\/\/api.w.org\/{rel}","templated":true}]}}