{"id":17401,"date":"2026-02-11T12:03:04","date_gmt":"2026-02-11T11:03:04","guid":{"rendered":"https:\/\/rahtek-dz.com\/product\/clement-thekan-calmocanil-demangeaisons\/"},"modified":"2026-02-11T12:03:04","modified_gmt":"2026-02-11T11:03:04","slug":"clement-thekan-calmocanil-demangeaisons","status":"publish","type":"product","link":"https:\/\/rahtek-dz.com\/ar\/product\/clement-thekan-calmocanil-demangeaisons\/","title":{"rendered":"Cl\u00e9ment Th\u00e9kan Calmocanil D\u00e9mangeaisons"},"content":{"rendered":"<p>Calmocanil est un compl\u00e9ment alimentaire\u00a0sp\u00e9cialement formul\u00e9 pour aider \u00e0 r\u00e9duire les d\u00e9mangeaisons chez les chiens et les chats , mais \u00e9galement un spray anti-d\u00e9mangeaisons et pour l&rsquo;hygi\u00e8ne de leur peau. Calmocanil Tabs\u00a0contre les d\u00e9mangeaisons de vos animaux Calmocanil Tabs se pr\u00e9sente sous la forme de comprim\u00e9s aromatis\u00e9s au go\u00fbt de volaille , ce qui les rend app\u00e9tant et facile \u00e0 administrer \u00e0 vos animaux. Il s&rsquo;agit d&rsquo;un compl\u00e9ment alimentaire pour chiens et chats qui souffrent\u00a0de d\u00e9mangeaisons cutan\u00e9es aussi appel\u00e9es prurit . Chez les animaux, le prurit se caract\u00e9rise par une sensation d\u00e9sagr\u00e9able qui les pousse \u00e0\u00a0se gratter, se l\u00e9cher ou se mordiller fr\u00e9quemment. Les causes du prurit chez le chien ou le chat sont vari\u00e9es et peuvent inclure des allergies (alimentaires, topiques), des infections bact\u00e9riennes ou fongiques de la peau, ainsi que des maladies parasitaires. D&rsquo;autres causes peuvent \u00eatre environnementales, telles que les allergies aux pollens, aux acariens ou \u00e0 certains produits chimiques. Les sympt\u00f4mes du prurit se manifestent par des signes visibles de d\u00e9mangeaisons intenses , des rougeurs , des plaies de grattage , une perte de poils , une peau s\u00e8che et \u00e9cailleuse, et parfois des cro\u00fbtes ou des ulc\u00e9rations.\u00a0Les animaux affect\u00e9s peuvent \u00e9galement montrer des signes d&rsquo;inconfort et d&rsquo;irritabilit\u00e9. Comment agissent les comprim\u00e9s Calmocanil Tabs ? Les comprim\u00e9s Calmocanil\u00a0Tabs contiennent des extraits de plantes aux\u00a0propri\u00e9t\u00e9s apaisantes et anti-inflammatoires, ainsi que du collag\u00e8ne, qui am\u00e9liore la sant\u00e9 de la peau et du pelage\u00a0gr\u00e2ce \u00e0 son action hydratante et anti dess\u00e8chement. Enrichis en vitamine E\u00a0et en curcuma, les comprim\u00e9s Calmocanil Tabs\u00a0stimulent la cicatrisation et permettent aux l\u00e9sions cutan\u00e9es de gu\u00e9rir plus rapidement. Quels sont les int\u00e9r\u00eats de Calmocanil Spray de Cl\u00e9ment Th\u00e9kan ? Le spray Calmocanil D\u00e9mangeaisons est destin\u00e9 \u00e0 l&rsquo;hygi\u00e8ne de la peau des chiens et des chats, tout en leur apportant une action r\u00e9hydratante pour leur peau, et en calmant et en soulageant les d\u00e9mangeaisons . Il est formul\u00e9 afin de minimiser les manifestations cutan\u00e9es caus\u00e9es par le prurit : irritations, d\u00e9mangeaisons, plaques, s\u00e9cheresse&#8230; La formule du spray Calmocanil D\u00e9mangeaisons renferme en effet de l&rsquo;aloe vera et de l&rsquo;allanto\u00efne, aux vertus hydratantes et apaisantes pour la peau. L&rsquo;ur\u00e9e est utilis\u00e9e pour ses propri\u00e9t\u00e9s \u00e9mollientes, pour prot\u00e9ger la peau de votre animal et maintenir son hydratation. Le panth\u00e9nol (ou vitamine B5) aide \u00e0 r\u00e9g\u00e9n\u00e9rer la peau. Ce spray convient en cas de fortes d\u00e9mangeaisons, en relais d&rsquo;un shampoing antiseptique. Si votre animal se gratte au point de souffrir de plaies,\u00a0d\u00e9couvrez la cr\u00e8me cicatrisante Dermaflon . Vous pourriez \u00e9galement pr\u00e9f\u00e9rer la lotion anti-gratte Bio de Biovetol . Calmocanil D\u00e9mangeaisons de Cl\u00e9ment Th\u00e9kan est \u00e0 retrouver dans les pr\u00e9sentations suivantes chez Pharmacie des Drakkars : Flacon de 30 comprim\u00e9s ar\u00f4me volaille Flacon spray de 200 ml Avis du \t\t\t\t\t\t\t                                                                                pharmacien \t\t\t\t\t\t\t                                                                                sur Cl\u00e9ment Th\u00e9kan Calmocanil D\u00e9mangeaisons Comment administrer Calmocanil Tabs \u00e0 mon chien ou mon chat ? Les comprim\u00e9s peuvent\u00a0\u00eatre administr\u00e9s directement dans la gueule de l&rsquo;animal ou m\u00e9lang\u00e9 \u00e0 une petite quantit\u00e9 de nourriture. La posologie recommand\u00e9e est la suivante : Pour les chats et les chiens pesant moins de 10 kg, administrer 1\/2 comprim\u00e9 par jour. Pour les chiens de 10 \u00e0 20 kg, donner 1 comprim\u00e9 par jour. La dur\u00e9e du traitement est de 10 \u00e0 15 jours, renouvelable en cas de besoin. Pr\u00e9cautions d&#8217;emploi Ce produit est un compl\u00e9ment alimentaire pour animaux. Il est conseill\u00e9 de demander l&rsquo;avis de votre pharmacien avant utilisation. Administrer en compl\u00e9ment d&rsquo;une alimentation \u00e9quilibr\u00e9e. Veillez \u00e0 toujours laisser de l&rsquo;eau fra\u00eeche \u00e0 disposition de votre animal et assurez-vous de maintenir leur bon \u00e9tat corporel ainsi qu&rsquo;une hygi\u00e8ne de vie ad\u00e9quate.  Vous aimerez peut-\u00eatre aussi le shampooing\u00a0Calmocanil\u00a0Chien et Chat de Cl\u00e9ment\u00a0Th\u00e9kan . Utilisation de Calmocanil Spray Commencez par brosser votre animal afin d&rsquo;enlever les salet\u00e9s et les poils morts. Vaporisez ensuite le spray Calmocanil sur tout son pelage, en veillant \u00e0 \u00e9viter ses yeux, ses oreilles et sa truffe. Massez ensuite d\u00e9licatement pour bien faire p\u00e9n\u00e9trer le produit. Dur\u00e9e de conservation apr\u00e8s premi\u00e8re ouverture du flacon : 12 mois. Marque Cl\u00e9ment Th\u00e9kan R\u00e9f\u00e9rence(s) 3595895317243, 3595895317250 Mis \u00e0 jour le : 04\/12\/2025<\/p>","protected":false},"excerpt":{"rendered":"<p>Calmocanil est un compl\u00e9ment alimentaire\u00a0sp\u00e9cialement formul\u00e9 pour aider \u00e0 r\u00e9duire les d\u00e9mangeaisons chez les chiens et les chats , mais<\/p>","protected":false},"featured_media":17400,"comment_status":"open","ping_status":"closed","template":"","meta":{"_acf_changed":false},"product_brand":[],"product_cat":[275],"product_tag":[],"class_list":{"0":"post-17401","1":"product","2":"type-product","3":"status-publish","4":"has-post-thumbnail","6":"product_cat-aide-technique","8":"first","9":"instock","10":"shipping-taxable","11":"product-type-simple"},"acf":[],"df_price":"","df_sale_price":"","df_regular_price":"","df_image_link":"https:\/\/rahtek-dz.com\/wp-content\/uploads\/2026\/02\/w-501-h-501-zc-2-clement-thekan-calmocanil-tabs-demangeaisons-clement-thekan8-1726058854.jpg-300x300.webp","_links":{"self":[{"href":"https:\/\/rahtek-dz.com\/ar\/wp-json\/wp\/v2\/product\/17401","targetHints":{"allow":["GET"]}}],"collection":[{"href":"https:\/\/rahtek-dz.com\/ar\/wp-json\/wp\/v2\/product"}],"about":[{"href":"https:\/\/rahtek-dz.com\/ar\/wp-json\/wp\/v2\/types\/product"}],"replies":[{"embeddable":true,"href":"https:\/\/rahtek-dz.com\/ar\/wp-json\/wp\/v2\/comments?post=17401"}],"wp:featuredmedia":[{"embeddable":true,"href":"https:\/\/rahtek-dz.com\/ar\/wp-json\/wp\/v2\/media\/17400"}],"wp:attachment":[{"href":"https:\/\/rahtek-dz.com\/ar\/wp-json\/wp\/v2\/media?parent=17401"}],"wp:term":[{"taxonomy":"product_brand","embeddable":true,"href":"https:\/\/rahtek-dz.com\/ar\/wp-json\/wp\/v2\/product_brand?post=17401"},{"taxonomy":"product_cat","embeddable":true,"href":"https:\/\/rahtek-dz.com\/ar\/wp-json\/wp\/v2\/product_cat?post=17401"},{"taxonomy":"product_tag","embeddable":true,"href":"https:\/\/rahtek-dz.com\/ar\/wp-json\/wp\/v2\/product_tag?post=17401"}],"curies":[{"name":"wp","href":"https:\/\/api.w.org\/{rel}","templated":true}]}}