{"id":17419,"date":"2026-02-11T12:03:05","date_gmt":"2026-02-11T11:03:05","guid":{"rendered":"https:\/\/rahtek-dz.com\/product\/omron-m3-comfort-tensiometre-electronique\/"},"modified":"2026-02-11T12:03:05","modified_gmt":"2026-02-11T11:03:05","slug":"omron-m3-comfort-tensiometre-electronique","status":"publish","type":"product","link":"https:\/\/rahtek-dz.com\/ar\/product\/omron-m3-comfort-tensiometre-electronique\/","title":{"rendered":"Omron M3 Comfort Tensiom\u00e8tre Electronique"},"content":{"rendered":"<p>Prenez votre tension \u00e0 la maison avec M3 Comfort Brassard Tensiom\u00e8tre Automatique d&rsquo;Omron, \u00e9quip\u00e9\u00a0de la technologie Intelli Wrap. Mode d&rsquo;action de Omron M3 Comfort Tensiom\u00e8tre Electronique Le M3 Comfort fournit la pr\u00e9cision et la fiabilit\u00e9 que vous \u00eates en droit d&rsquo;attendre des tensiom\u00e8tres OMRON , avec des fonctionnalit\u00e9s avanc\u00e9es compl\u00e9mentaires pour vous rassurer sur la qualit\u00e9 et la coh\u00e9rence des r\u00e9sultats. Le M3 Comfort est fourni avec un brassard \u00ab\u00a0Easy Cuff\u00a0\u00bb (22-42 cm) qui convient \u00e0 la plupart des tailles de bras. Brassard avec technologie exclusive Intelli Wrap : Fiabilit\u00e9 des mesures quelle que soit la position du brassard autour du bras Technologie Intellisense Gonflage\u00a0personnalis\u00e9 :\u00a0le brassard se gonfle au juste niveau pour chaque utilisation Indicateur d&rsquo;installation correcte : indique si le brassard est correctement enroul\u00e9, ni trop l\u00e2che, ni trop serr\u00e9 Indicateur de battement irr\u00e9gulier : indique la pr\u00e9sence de battements irr\u00e9guliers du coeur pendant la mesure Interpr\u00e9tation instantan\u00e9e des r\u00e9sultats gr\u00e2ce \u00e0 l&rsquo;Indicateur d&rsquo;hypertension (LED) en couleur Calcule de la moyenne des 3 derni\u00e8res mesures prises en 10 minutes Signale si votre pression art\u00e9rielle est plus \u00e9lev\u00e9e que la normale 60 m\u00e9moires pour 2 utilisateurs Valid\u00e9 cliniquement.\u00a0Piles fournies.\u00a0Etui de rangement Ce tensiom\u00e8tre convient aux types de personnes suivants : Patients diagnostiqu\u00e9s hypertendus. Femmes enceintes ou souffrant de pr\u00e9-\u00e9clampsie. Personnes d\u00e9sirant suivre leur tension en pr\u00e9vention. Garantie Omron : 3 ans Marque Omron R\u00e9f\u00e9rence(s) 4015672114319 Ancienne(s) d\u00e9signation(s) produit 4015672113480 Mis \u00e0 jour le : 04\/02\/2026<\/p>","protected":false},"excerpt":{"rendered":"<p>Prenez votre tension \u00e0 la maison avec M3 Comfort Brassard Tensiom\u00e8tre Automatique d&rsquo;Omron, \u00e9quip\u00e9\u00a0de la technologie Intelli Wrap. Mode d&rsquo;action<\/p>","protected":false},"featured_media":17418,"comment_status":"open","ping_status":"closed","template":"","meta":{"_acf_changed":false},"product_brand":[],"product_cat":[275],"product_tag":[],"class_list":{"0":"post-17419","1":"product","2":"type-product","3":"status-publish","4":"has-post-thumbnail","6":"product_cat-aide-technique","8":"first","9":"instock","10":"shipping-taxable","11":"product-type-simple"},"acf":[],"df_price":"","df_sale_price":"","df_regular_price":"","df_image_link":"https:\/\/rahtek-dz.com\/wp-content\/uploads\/2026\/02\/w-501-h-501-zc-2-omron-m3-comfort-tensiometre-electronique-omron5-1763206984.png-300x300.webp","_links":{"self":[{"href":"https:\/\/rahtek-dz.com\/ar\/wp-json\/wp\/v2\/product\/17419","targetHints":{"allow":["GET"]}}],"collection":[{"href":"https:\/\/rahtek-dz.com\/ar\/wp-json\/wp\/v2\/product"}],"about":[{"href":"https:\/\/rahtek-dz.com\/ar\/wp-json\/wp\/v2\/types\/product"}],"replies":[{"embeddable":true,"href":"https:\/\/rahtek-dz.com\/ar\/wp-json\/wp\/v2\/comments?post=17419"}],"wp:featuredmedia":[{"embeddable":true,"href":"https:\/\/rahtek-dz.com\/ar\/wp-json\/wp\/v2\/media\/17418"}],"wp:attachment":[{"href":"https:\/\/rahtek-dz.com\/ar\/wp-json\/wp\/v2\/media?parent=17419"}],"wp:term":[{"taxonomy":"product_brand","embeddable":true,"href":"https:\/\/rahtek-dz.com\/ar\/wp-json\/wp\/v2\/product_brand?post=17419"},{"taxonomy":"product_cat","embeddable":true,"href":"https:\/\/rahtek-dz.com\/ar\/wp-json\/wp\/v2\/product_cat?post=17419"},{"taxonomy":"product_tag","embeddable":true,"href":"https:\/\/rahtek-dz.com\/ar\/wp-json\/wp\/v2\/product_tag?post=17419"}],"curies":[{"name":"wp","href":"https:\/\/api.w.org\/{rel}","templated":true}]}}