{"id":17421,"date":"2026-02-11T12:03:05","date_gmt":"2026-02-11T11:03:05","guid":{"rendered":"https:\/\/rahtek-dz.com\/product\/nutrisens-cremeline-hp-hc-sans-lactose\/"},"modified":"2026-02-11T12:03:05","modified_gmt":"2026-02-11T11:03:05","slug":"nutrisens-cremeline-hp-hc-sans-lactose","status":"publish","type":"product","link":"https:\/\/rahtek-dz.com\/ar\/product\/nutrisens-cremeline-hp-hc-sans-lactose\/","title":{"rendered":"Nutrisens Cremeline HP HC sans lactose"},"content":{"rendered":"<p>Cremeline\u00a0sans lactose est un pot de cr\u00e8me hyperprot\u00e9in\u00e9e destin\u00e9e aux personnes d\u00e9nutries . Cette cr\u00e8me dessert \u00e9paisse contient plus de 12 grammes de prot\u00e9ines par portion. Dans quel(s) cas consommer\u00a0Cremeline\u00a0sans lactose ? Cremeline est une cr\u00e8me dessert hyperprot\u00e9in\u00e9e et hypercalorique pr\u00eate \u00e0 l\u2019emploi, st\u00e9rilis\u00e9e et recommand\u00e9e pour les besoins nutritionnels en cas de d\u00e9nutrition ou de risque de d\u00e9nutrition. Cette alimentation orale hyperprotidique et hypercalorique est formul\u00e9e sans gluten et sans lactose. La cr\u00e8me dessert\u00a0Cremeline\u00a0sans lactose peut \u00eatre recommand\u00e9e dans les situations suivantes : en cas de troubles de la d\u00e9glutition, en cas de certaines pathologies telles que le cancer ou le VIH, en cas de fonte musculaire ainsi qu&rsquo;en cas d&rsquo;intol\u00e9rance provisoire ou permanente au lactose.\u00a0Cremeline\u00a0sans lactose est disponible en plusieurs parfums sur le site de la Pharmacie des Drakkars : abricot, caf\u00e9, caramel, chocolat, citron, vanille. Conditionnement propos\u00e9 sur notre pharmacie en ligne pour Cremeline sans lactose : Bo\u00eete de 4 coupelles de 125 grammes &#8211; Parfum au choix. Avis du \t\t\t\t\t\t\t                                                                                pharmacien \t\t\t\t\t\t\t                                                                                sur Nutrisens Cremeline HP HC sans lactose Prendre 2 \u00e0 3 pots par jour. Pr\u00e9cautions d&#8217;emploi : Ce produit doit \u00eatre utilis\u00e9 sous contr\u00f4le m\u00e9dical. Il ne doit pas constituer la seule source d&rsquo;alimentation. Ne pas utiliser chez l&rsquo;enfant de moins de 3 ans. \u00c0 conserver \u00e0 une\u00a0temp\u00e9rature comprise entre 4 et 25 \u00b0C.\u00a0Ne pas conserver plus de 24 heures (au r\u00e9frig\u00e9rateur) en cas de consommation partielle. Marque Nutrisens R\u00e9f\u00e9rence(s) 3701052008330, 3701052008347, 3701052008354, 3701052008361, 3701052008378, 3701052008385, 3701052010234, 3701052010289 Mis \u00e0 jour le : 31\/10\/2025<\/p>","protected":false},"excerpt":{"rendered":"<p>Cremeline\u00a0sans lactose est un pot de cr\u00e8me hyperprot\u00e9in\u00e9e destin\u00e9e aux personnes d\u00e9nutries . Cette cr\u00e8me dessert \u00e9paisse contient plus de<\/p>","protected":false},"featured_media":17420,"comment_status":"open","ping_status":"closed","template":"","meta":{"_acf_changed":false},"product_brand":[],"product_cat":[275],"product_tag":[],"class_list":{"0":"post-17421","1":"product","2":"type-product","3":"status-publish","4":"has-post-thumbnail","6":"product_cat-aide-technique","8":"first","9":"instock","10":"shipping-taxable","11":"product-type-simple"},"acf":[],"df_price":"","df_sale_price":"","df_regular_price":"","df_image_link":"https:\/\/rahtek-dz.com\/wp-content\/uploads\/2026\/02\/w-501-h-501-zc-2-nutrisens-cremeline-hp-hc-sans-lactose-nutrisens15-1762191535.png-300x300.webp","_links":{"self":[{"href":"https:\/\/rahtek-dz.com\/ar\/wp-json\/wp\/v2\/product\/17421","targetHints":{"allow":["GET"]}}],"collection":[{"href":"https:\/\/rahtek-dz.com\/ar\/wp-json\/wp\/v2\/product"}],"about":[{"href":"https:\/\/rahtek-dz.com\/ar\/wp-json\/wp\/v2\/types\/product"}],"replies":[{"embeddable":true,"href":"https:\/\/rahtek-dz.com\/ar\/wp-json\/wp\/v2\/comments?post=17421"}],"wp:featuredmedia":[{"embeddable":true,"href":"https:\/\/rahtek-dz.com\/ar\/wp-json\/wp\/v2\/media\/17420"}],"wp:attachment":[{"href":"https:\/\/rahtek-dz.com\/ar\/wp-json\/wp\/v2\/media?parent=17421"}],"wp:term":[{"taxonomy":"product_brand","embeddable":true,"href":"https:\/\/rahtek-dz.com\/ar\/wp-json\/wp\/v2\/product_brand?post=17421"},{"taxonomy":"product_cat","embeddable":true,"href":"https:\/\/rahtek-dz.com\/ar\/wp-json\/wp\/v2\/product_cat?post=17421"},{"taxonomy":"product_tag","embeddable":true,"href":"https:\/\/rahtek-dz.com\/ar\/wp-json\/wp\/v2\/product_tag?post=17421"}],"curies":[{"name":"wp","href":"https:\/\/api.w.org\/{rel}","templated":true}]}}