{"id":17423,"date":"2026-02-11T12:03:05","date_gmt":"2026-02-11T11:03:05","guid":{"rendered":"https:\/\/rahtek-dz.com\/product\/orliman-skintape-molletiere\/"},"modified":"2026-02-11T12:03:06","modified_gmt":"2026-02-11T11:03:06","slug":"orliman-skintape-molletiere","status":"publish","type":"product","link":"https:\/\/rahtek-dz.com\/ar\/product\/orliman-skintape-molletiere\/","title":{"rendered":"Orliman Skintape Molleti\u00e8re"},"content":{"rendered":"<p>La molleti\u00e8re Orliman Skintape est directement inspir\u00e9e des techniques de kin\u00e9siologie : elle r\u00e9duit les points douloureux et accompagne les mouvements musculaires pour vous permettre de pratiquer votre activit\u00e9 physique en toute s\u00e9curit\u00e9. Pourquoi utiliser la\u00a0molleti\u00e8re Orliman Skintape ? La molleti\u00e8re Orliman Skintape est indiqu\u00e9e en cas de troubles musculaires , de d\u00e9chirures fibrillaires , en soutien et en compression \u00e0 la suite d&rsquo;une blessure musculaire. Elle peut aussi \u00eatre utilis\u00e9e en soutien et en protection pour les activit\u00e9s sportives et\/ou professionnelles. Cette molleti\u00e8re se compose de deux tissus \u00e9lastiques particuli\u00e8rement l\u00e9gers, fins, doux et absorbants.\u00a0Gr\u00e2ce \u00e0 son effet compressif, ce dispositif am\u00e9lioration la r\u00e9cup\u00e9ration musculaire et r\u00e9duit les vibrations musculaires pendant les efforts intenses. Pour un maintien optimal apr\u00e8s son positionnement, la\u00a0molleti\u00e8re Orliman Skintape est dot\u00e9e de bandes de silicone int\u00e9gr\u00e9es et antid\u00e9rapantes. La\u00a0molleti\u00e8re Orliman Skintape est disponible en 5 tailles sur le site de la Pharmacie des Drakkars. Pour vous permettre de s\u00e9lectionner la taille la plus adapt\u00e9e \u00e0 votre morphologie, vous pouvez vous r\u00e9f\u00e9rer au\u00a0guide des tailles. Par ailleurs, elle est bilat\u00e9rale : elle peut donc aussi bien \u00eatre positionn\u00e9e sur le mollet gauche que sur le mollet droit. Conditionnement propos\u00e9 sur notre pharmacie en ligne : Bo\u00eete contenant 1\u00a0molleti\u00e8re Orliman Skintape. Avis du \t\t\t\t\t\t\t                                                                                pharmacien \t\t\t\t\t\t\t                                                                                sur Orliman Skintape Molleti\u00e8re Avant\u00a0l&rsquo;entretien du dispositif, il est conseill\u00e9 de retirer les pi\u00e8ces amovibles si le produit en est pourvu.  Le produit doit \u00eatre lav\u00e9 r\u00e9guli\u00e8rement \u00e0 la main avec de l&rsquo;eau ti\u00e8de, maximum 30\u00b0C\u00a0et avec du savon neutre. Apr\u00e8s le lavage, il convient de s\u00e9cher le produit avec une serviette s\u00e8che, puis de le laisser s\u00e9cher \u00e0 plat \u00e0 temp\u00e9rature ambiante. Ne pas repasser et ne pas exposer directement \u00e0 proximit\u00e9 des sources de chaleur directe. Ne pas utiliser de substances abrasives, corrosives,\u00a0ni de produits\u00a0\u00e0 base d&rsquo;alcool, de chlore ou de solvants. Marque Orliman R\u00e9f\u00e9rence(s) 8435025929494, 8435025929500, 8435025929517, 8435025929647, 8435025929654 Mis \u00e0 jour le : 19\/09\/2025<\/p>","protected":false},"excerpt":{"rendered":"<p>La molleti\u00e8re Orliman Skintape est directement inspir\u00e9e des techniques de kin\u00e9siologie : elle r\u00e9duit les points douloureux et accompagne les<\/p>","protected":false},"featured_media":17422,"comment_status":"open","ping_status":"closed","template":"","meta":{"_acf_changed":false},"product_brand":[],"product_cat":[275],"product_tag":[],"class_list":{"0":"post-17423","1":"product","2":"type-product","3":"status-publish","4":"has-post-thumbnail","6":"product_cat-aide-technique","8":"first","9":"instock","10":"shipping-taxable","11":"product-type-simple"},"acf":[],"df_price":"","df_sale_price":"","df_regular_price":"","df_image_link":"https:\/\/rahtek-dz.com\/wp-content\/uploads\/2026\/02\/w-501-h-501-zc-2-orliman-molletiere-skintape-orliman-2-1647530514.jpg-300x300.webp","_links":{"self":[{"href":"https:\/\/rahtek-dz.com\/ar\/wp-json\/wp\/v2\/product\/17423","targetHints":{"allow":["GET"]}}],"collection":[{"href":"https:\/\/rahtek-dz.com\/ar\/wp-json\/wp\/v2\/product"}],"about":[{"href":"https:\/\/rahtek-dz.com\/ar\/wp-json\/wp\/v2\/types\/product"}],"replies":[{"embeddable":true,"href":"https:\/\/rahtek-dz.com\/ar\/wp-json\/wp\/v2\/comments?post=17423"}],"wp:featuredmedia":[{"embeddable":true,"href":"https:\/\/rahtek-dz.com\/ar\/wp-json\/wp\/v2\/media\/17422"}],"wp:attachment":[{"href":"https:\/\/rahtek-dz.com\/ar\/wp-json\/wp\/v2\/media?parent=17423"}],"wp:term":[{"taxonomy":"product_brand","embeddable":true,"href":"https:\/\/rahtek-dz.com\/ar\/wp-json\/wp\/v2\/product_brand?post=17423"},{"taxonomy":"product_cat","embeddable":true,"href":"https:\/\/rahtek-dz.com\/ar\/wp-json\/wp\/v2\/product_cat?post=17423"},{"taxonomy":"product_tag","embeddable":true,"href":"https:\/\/rahtek-dz.com\/ar\/wp-json\/wp\/v2\/product_tag?post=17423"}],"curies":[{"name":"wp","href":"https:\/\/api.w.org\/{rel}","templated":true}]}}