{"id":17425,"date":"2026-02-11T12:03:06","date_gmt":"2026-02-11T11:03:06","guid":{"rendered":"https:\/\/rahtek-dz.com\/product\/rhinofebral-jour-nuit\/"},"modified":"2026-02-11T12:03:06","modified_gmt":"2026-02-11T11:03:06","slug":"rhinofebral-jour-nuit","status":"publish","type":"product","link":"https:\/\/rahtek-dz.com\/ar\/product\/rhinofebral-jour-nuit\/","title":{"rendered":"Rhinofebral Jour &#038; Nuit"},"content":{"rendered":"<p>Rhinofebral Jour &#038; Nuit est un m\u00e9dicament destin\u00e9 \u00e0 soulager les sympt\u00f4mes du rhume et de l&rsquo; \u00e9tat grippal . Pourquoi utiliser Rhinofebral Jour &#038; Nuit ? Ce m\u00e9dicament est indiqu\u00e9 chez l&rsquo;adulte et l&rsquo;adolescent de plus de 15 ans en traitement d&rsquo;appoint des rhumes , rhinites , rhinopharyngites et \u00e9tats grippaux , pouvant pr\u00e9senter les sympt\u00f4mes suivants : maux de t\u00eate fi\u00e8vre larmoiements \u00e9ternuements \u00e9coulement nasal clair Comment fonctionne Rhinofebral Jour et Nuit ? Rhinofebral Jour &#038; Nuit se pr\u00e9sente sous forme de sachets Jour et de sachets Nuit. Les sachets jour contiennent : Du parac\u00e9tamol dos\u00e9 \u00e0 500mg, qui permet de faire baisser la fi\u00e8vre et de r\u00e9duire les douleurs, gr\u00e2ce \u00e0 son action antipyr\u00e9tique et antalgique. Du Mal\u00e9ate de Ph\u00e9niramine dos\u00e9 \u00e0 25mg, un antihistaminique ayant un effet ass\u00e9chant sur les s\u00e9cr\u00e9tions nasales. De l&rsquo;Acide Ascorbique, ou vitamine C . Les sachets nuit ne contiennent pas de vitamine C. Conditionnement : bo\u00eete contenant 8 sachets Jour + 4 sachets Nuit. Poudre pour solution buvable ar\u00f4mes verveine-miel, citron. Avis du \t\t\t\t\t\t\t                                                                                pharmacien \t\t\t\t\t\t\t                                                                                sur Rhinofebral Jour &#038; Nuit Posologie : Dans la journ\u00e9e, prenez 1 sachet Jour, \u00e0 renouveler 1 fois si n\u00e9cessaire. Le soir au coucher, prenez 1 sachet Nuit si n\u00e9cessaire.  Le contenu des sachets doit \u00eatre dilu\u00e9 dans un verre d&rsquo;eau froide ou chaude. Respectez un intervalle de minimum 4H entre les prises. La dur\u00e9e du traitement ne doit pas d\u00e9passer 5 jours. Contre-indications : Ce m\u00e9dicament ne doit pas \u00eatre utilis\u00e9 dans les cas suivants : insuffisance h\u00e9patique, risque de glaucome \u00e0 angle ferm\u00e9, risque de blocage des urines (ad\u00e9nome de la prostate), ph\u00e9nylc\u00e9tonurie (pr\u00e9sence d&rsquo;aspartam), enfant de moins de 15 ans. Attention : Le parac\u00e9tamol est une mol\u00e9cule pr\u00e9sente dans de nombreux m\u00e9dicaments. Assurez-vous de ne pas en prendre simultan\u00e9ment avec d&rsquo;autres m\u00e9dicaments en contenant, afin d&rsquo;\u00e9viter tout risque de surdosage potentiellement toxique pour le foie. Ce m\u00e9dicament peut induire une somnolence parfois intense chez certaines personnes, qui peut \u00eatre augment\u00e9e par la prise d&rsquo;alcool ou autres m\u00e9dicaments s\u00e9datifs. La conduite et l&rsquo;utilisation de machines dangereuses et fortement d\u00e9conseill\u00e9e, notamment dans les heures suivant la prise du m\u00e9dicament. Guides \t\t\t\t\t\t                                                                                      de Rhinofebral Jour &#038; Nuit M\u00e9dicaments Parac\u00e9tamol Le parac\u00e9tamol est un compos\u00e9 chimique utilis\u00e9 comme antalgique\u00a0(anti-douleur) et antipyr\u00e9tique (lutte contre la &#8230; Marque Johnson et Johnson R\u00e9f\u00e9rence(s) 3400930167069 Aromatisant sucre &#8211; rhum-vanille extrait naturel &#8211; orange pulpe &#8211; orange essence &#8211; maltol &#8211; maltodextrine &#8211; gomme arabique &#8211; citron essence &#8211; citral &#8211; ar\u00f4me antillais &#8211; acide citrique Excipient povidone &#8211; orange pulpe &#8211; orange essence &#8211; mannitol &#8211; maltol &#8211; maltodextrine &#8211; magn\u00e9sium citrate anhydre &#8211; gomme arabique &#8211; citron essence &#8211; citral &#8211; ar\u00f4me antillais &#8211; rhum-vanille extrait naturel &#8211; sucre &#8211; acide citrique anhydre &#8211; acide citrique Excipient \u00e0 effet notoire aspartam &#8211; glucose Mol\u00e9cules gomme arabique &#8211; glucose &#8211; citron essence &#8211; citral &#8211; aspartam &#8211; ar\u00f4me antillais &#8211; acide citrique anhydre &#8211; acide citrique &#8211; acide ascorbique (200.0 mg) &#8211; magn\u00e9sium citrate anhydre &#8211; maltodextrine &#8211; maltol &#8211; sucre &#8211; rhum-vanille extrait naturel &#8211; povidone &#8211; ph\u00e9niramine mal\u00e9ate (25.0 mg) &#8211; parac\u00e9tamol (500.0 mg) &#8211; orange pulpe &#8211; orange essence &#8211; mannitol Indications Rhinite et rhinopharyngite aigu\u00eb &#8211; Etat grippal Substance Active ph\u00e9niramine mal\u00e9ate &#8211; parac\u00e9tamol &#8211; acide ascorbique Forme gal\u00e9nique poudre pour solution buvable Mis \u00e0 jour le : 23\/12\/2025<\/p>","protected":false},"excerpt":{"rendered":"<p>Rhinofebral Jour &#038; Nuit est un m\u00e9dicament destin\u00e9 \u00e0 soulager les sympt\u00f4mes du rhume et de l&rsquo; \u00e9tat grippal .<\/p>","protected":false},"featured_media":17424,"comment_status":"open","ping_status":"closed","template":"","meta":{"_acf_changed":false},"product_brand":[],"product_cat":[275],"product_tag":[],"class_list":{"0":"post-17425","1":"product","2":"type-product","3":"status-publish","4":"has-post-thumbnail","6":"product_cat-aide-technique","8":"first","9":"instock","10":"shipping-taxable","11":"product-type-simple"},"acf":[],"df_price":"","df_sale_price":"","df_regular_price":"","df_image_link":"https:\/\/rahtek-dz.com\/wp-content\/uploads\/2026\/02\/w-501-h-501-zc-2-rhinofebral-jour-nuit-autre6-1747646640.jpg-300x300.webp","_links":{"self":[{"href":"https:\/\/rahtek-dz.com\/ar\/wp-json\/wp\/v2\/product\/17425","targetHints":{"allow":["GET"]}}],"collection":[{"href":"https:\/\/rahtek-dz.com\/ar\/wp-json\/wp\/v2\/product"}],"about":[{"href":"https:\/\/rahtek-dz.com\/ar\/wp-json\/wp\/v2\/types\/product"}],"replies":[{"embeddable":true,"href":"https:\/\/rahtek-dz.com\/ar\/wp-json\/wp\/v2\/comments?post=17425"}],"wp:featuredmedia":[{"embeddable":true,"href":"https:\/\/rahtek-dz.com\/ar\/wp-json\/wp\/v2\/media\/17424"}],"wp:attachment":[{"href":"https:\/\/rahtek-dz.com\/ar\/wp-json\/wp\/v2\/media?parent=17425"}],"wp:term":[{"taxonomy":"product_brand","embeddable":true,"href":"https:\/\/rahtek-dz.com\/ar\/wp-json\/wp\/v2\/product_brand?post=17425"},{"taxonomy":"product_cat","embeddable":true,"href":"https:\/\/rahtek-dz.com\/ar\/wp-json\/wp\/v2\/product_cat?post=17425"},{"taxonomy":"product_tag","embeddable":true,"href":"https:\/\/rahtek-dz.com\/ar\/wp-json\/wp\/v2\/product_tag?post=17425"}],"curies":[{"name":"wp","href":"https:\/\/api.w.org\/{rel}","templated":true}]}}