{"id":17427,"date":"2026-02-11T12:03:06","date_gmt":"2026-02-11T11:03:06","guid":{"rendered":"https:\/\/rahtek-dz.com\/product\/gants-dexamen-sensisafe-sans-latex-non-poudres\/"},"modified":"2026-02-11T12:03:06","modified_gmt":"2026-02-11T11:03:06","slug":"gants-dexamen-sensisafe-sans-latex-non-poudres","status":"publish","type":"product","link":"https:\/\/rahtek-dz.com\/ar\/product\/gants-dexamen-sensisafe-sans-latex-non-poudres\/","title":{"rendered":"\u064a\u0645\u0643\u0646\u0643 \u0625\u062c\u0631\u0627\u0621 \u0627\u062e\u062a\u0628\u0627\u0631 Sensisafe \u0628\u062f\u0648\u0646 \u0645\u0627\u062f\u0629 \u0644\u0627\u062a\u0643\u0633 \u063a\u064a\u0631 \u0645\u0633\u062d\u0648\u0642\u0629"},"content":{"rendered":"<p>Pour la pratique d&rsquo;examens m\u00e9dicaux en toute s\u00e9curit\u00e9, malgr\u00e9 une sensibilit\u00e9 ou une allergie au latex, notre \u00e9quipe vous recommande les gants d&rsquo;examen Sensisafe sans latex et non poudr\u00e9s con\u00e7u par le laboratoire Euromedis ! Les gants d&rsquo;examen Sensisafe d&rsquo;Euromedis sont des gants ambidextres qui ne contiennent ni latex ni poudre d&rsquo;amidon de ma\u00efs . V\u00e9ritable seconde peau, ils sont \u00e0 la fois \u00e9lastiques et hypoallerg\u00e9niques. Quels sont les int\u00e9r\u00eats des gants d&rsquo;examen Sensisafe sans latex et non poudr\u00e9s ? Ces gants d&rsquo;examen Sensisafe en vinyle poss\u00e8dent un marquage CE et sont conformes aux normes EN 455-1, EN 455-2, EN 455-3, EN 455-4, EN 374-1 et\u00a0EN 374-2. Leur finesse les rend tr\u00e8s confortables \u00e0 porter, et leur procure un effet seconde peau qui facilite les manipulations. Ils pr\u00e9sentent par ailleurs l&rsquo;avantage d&rsquo;associer les propri\u00e9t\u00e9s \u00e9lastiques et les propri\u00e9t\u00e9s hypoallerg\u00e9niques du vinyle. Vous pourrez retrouver les gants d&rsquo;examen Sensisafe sans latex et non poudr\u00e9s par Euromedis dans les pr\u00e9sentations suivantes sur notre pharmacie en ligne : bo\u00eete de 100 gants d&rsquo;examens en vinyle, tailles disponibles XL (extra large). Marque Euromedis R\u00e9f\u00e9rence(s) 3389360002082 Mis \u00e0 jour le : 12\/10\/2023<\/p>","protected":false},"excerpt":{"rendered":"<p>Pour la pratique d&rsquo;examens m\u00e9dicaux en toute s\u00e9curit\u00e9, malgr\u00e9 une sensibilit\u00e9 ou une allergie au latex, notre \u00e9quipe vous recommande<\/p>","protected":false},"featured_media":17426,"comment_status":"open","ping_status":"closed","template":"","meta":{"_acf_changed":false},"product_brand":[],"product_cat":[275],"product_tag":[],"class_list":{"0":"post-17427","1":"product","2":"type-product","3":"status-publish","4":"has-post-thumbnail","6":"product_cat-aide-technique","8":"first","9":"instock","10":"shipping-taxable","11":"product-type-simple"},"acf":[],"df_price":"","df_sale_price":"","df_regular_price":"","df_image_link":"https:\/\/rahtek-dz.com\/wp-content\/uploads\/2026\/02\/w-501-h-501-zc-2-3389360002082-ld-0031-front-6176629913f76.jpg-300x300.webp","_links":{"self":[{"href":"https:\/\/rahtek-dz.com\/ar\/wp-json\/wp\/v2\/product\/17427","targetHints":{"allow":["GET"]}}],"collection":[{"href":"https:\/\/rahtek-dz.com\/ar\/wp-json\/wp\/v2\/product"}],"about":[{"href":"https:\/\/rahtek-dz.com\/ar\/wp-json\/wp\/v2\/types\/product"}],"replies":[{"embeddable":true,"href":"https:\/\/rahtek-dz.com\/ar\/wp-json\/wp\/v2\/comments?post=17427"}],"wp:featuredmedia":[{"embeddable":true,"href":"https:\/\/rahtek-dz.com\/ar\/wp-json\/wp\/v2\/media\/17426"}],"wp:attachment":[{"href":"https:\/\/rahtek-dz.com\/ar\/wp-json\/wp\/v2\/media?parent=17427"}],"wp:term":[{"taxonomy":"product_brand","embeddable":true,"href":"https:\/\/rahtek-dz.com\/ar\/wp-json\/wp\/v2\/product_brand?post=17427"},{"taxonomy":"product_cat","embeddable":true,"href":"https:\/\/rahtek-dz.com\/ar\/wp-json\/wp\/v2\/product_cat?post=17427"},{"taxonomy":"product_tag","embeddable":true,"href":"https:\/\/rahtek-dz.com\/ar\/wp-json\/wp\/v2\/product_tag?post=17427"}],"curies":[{"name":"wp","href":"https:\/\/api.w.org\/{rel}","templated":true}]}}