{"id":17429,"date":"2026-02-11T12:03:06","date_gmt":"2026-02-11T11:03:06","guid":{"rendered":"https:\/\/rahtek-dz.com\/product\/lysorynx-maux-de-gorge\/"},"modified":"2026-02-11T12:03:06","modified_gmt":"2026-02-11T11:03:06","slug":"lysorynx-maux-de-gorge","status":"publish","type":"product","link":"https:\/\/rahtek-dz.com\/ar\/product\/lysorynx-maux-de-gorge\/","title":{"rendered":"Lysorynx Maux de Gorge"},"content":{"rendered":"<p>Lysorynx Maux de Gorge est un m\u00e9dicament des laboratoires Bausch &#038; Lomb indiqu\u00e9 en cas de mal de gorge, chez l&rsquo;adulte et chez l&rsquo;enfant \u00e0 partir de 6 ans. Lysorynx Maux de Gorge se pr\u00e9sente sous la forme de comprim\u00e9s \u00e0 sucer sans sucre, et \u00e9dulcor\u00e9s avec du sorbitol et de la saccharine. Les principes actifs des comprim\u00e9s de Lysorynx Maux de Gorge sont le chlorure de c\u00e9tylpyridinium (1,5 mg par comprim\u00e9) et le chlorhydrate de lysozyme (20 mg par comprim\u00e9). Le m\u00e9dicament Lysorynx Maux de Gorge est indiqu\u00e9 en tant que traitement local d&rsquo;appoint du mal de gorge peu intense et non accompagn\u00e9 de fi\u00e8vre. Les comprim\u00e9s de Lysorynx Maux de Gorge ont un ar\u00f4me de menthe. Quelles sont les indications pour les comprim\u00e9s \u00e0 sucer Lysorynx Maux de Gorge ? Si les sympt\u00f4mes sont toujours pr\u00e9sents ou plus important au del\u00e0 de 5 jours de traitement \u00e0 l&rsquo;aide des comprim\u00e9s \u00e0 sucer Lysorynx Maux de Gorge , consultez votre m\u00e9decin. Respectez un d\u00e9lai minimum de 2 heures entre deux prises de Lysorynx Maux de Gorge. Le m\u00e9dicament Lysorynx Maux de Gorge sans sucre est \u00e0 retrouver dans les conditionnements suivants chez Pharmacie des Drakkars : boite de 36 comprim\u00e9s \u00e0 sucer sans sucre, en 2 tubes de 18 comprim\u00e9s. Avis du \t\t\t\t\t\t\t                                                                                pharmacien \t\t\t\t\t\t\t                                                                                sur Lysorynx Maux de Gorge Prenez 3 \u00e0 6 comprim\u00e9s \u00e0 sucer de Lysorynx Maux de Gorge par jour en moyenne, \u00e0 laisser fondre dans la bouche et \u00e0 r\u00e9partir r\u00e9guli\u00e8rement dans la journ\u00e9e, sans d\u00e9passer 5 jours de traitement. Marque Bausch and Lomb R\u00e9f\u00e9rence(s) 3400930126332 Forme gal\u00e9nique comprim\u00e9 \u00e0 sucer Substance Active lysozyme chlorhydrate &#8211; c\u00e9tylpyridinium chlorure Excipient gomme arabique &#8211; magn\u00e9sium st\u00e9arate &#8211; menthe ar\u00f4me &#8211; menthe poivr\u00e9e essence &#8211; saccharine Excipient \u00e0 effet notoire sorbitol Aromatisant gomme arabique &#8211; menthe ar\u00f4me &#8211; menthe poivr\u00e9e essence Mol\u00e9cules sorbitol &#8211; c\u00e9tylpyridinium chlorure (1.5 mg) &#8211; gomme arabique &#8211; lysozyme chlorhydrate (20.0 mg) &#8211; magn\u00e9sium st\u00e9arate &#8211; menthe ar\u00f4me &#8211; menthe poivr\u00e9e essence &#8211; saccharine Indications Angine &#8211; Stomatite Mis \u00e0 jour le : 28\/10\/2025<\/p>","protected":false},"excerpt":{"rendered":"<p>Lysorynx Maux de Gorge est un m\u00e9dicament des laboratoires Bausch &#038; Lomb indiqu\u00e9 en cas de mal de gorge, chez<\/p>","protected":false},"featured_media":17428,"comment_status":"open","ping_status":"closed","template":"","meta":{"_acf_changed":false},"product_brand":[],"product_cat":[275],"product_tag":[],"class_list":{"0":"post-17429","1":"product","2":"type-product","3":"status-publish","4":"has-post-thumbnail","6":"product_cat-aide-technique","8":"first","9":"instock","10":"shipping-taxable","11":"product-type-simple"},"acf":[],"df_price":"","df_sale_price":"","df_regular_price":"","df_image_link":"https:\/\/rahtek-dz.com\/wp-content\/uploads\/2026\/02\/w-501-h-501-zc-2-lysorynx-maux-de-gorge-comprimes-sans-sucre-bausch-and-lomb4-1697708113.jpg-300x300.webp","_links":{"self":[{"href":"https:\/\/rahtek-dz.com\/ar\/wp-json\/wp\/v2\/product\/17429","targetHints":{"allow":["GET"]}}],"collection":[{"href":"https:\/\/rahtek-dz.com\/ar\/wp-json\/wp\/v2\/product"}],"about":[{"href":"https:\/\/rahtek-dz.com\/ar\/wp-json\/wp\/v2\/types\/product"}],"replies":[{"embeddable":true,"href":"https:\/\/rahtek-dz.com\/ar\/wp-json\/wp\/v2\/comments?post=17429"}],"wp:featuredmedia":[{"embeddable":true,"href":"https:\/\/rahtek-dz.com\/ar\/wp-json\/wp\/v2\/media\/17428"}],"wp:attachment":[{"href":"https:\/\/rahtek-dz.com\/ar\/wp-json\/wp\/v2\/media?parent=17429"}],"wp:term":[{"taxonomy":"product_brand","embeddable":true,"href":"https:\/\/rahtek-dz.com\/ar\/wp-json\/wp\/v2\/product_brand?post=17429"},{"taxonomy":"product_cat","embeddable":true,"href":"https:\/\/rahtek-dz.com\/ar\/wp-json\/wp\/v2\/product_cat?post=17429"},{"taxonomy":"product_tag","embeddable":true,"href":"https:\/\/rahtek-dz.com\/ar\/wp-json\/wp\/v2\/product_tag?post=17429"}],"curies":[{"name":"wp","href":"https:\/\/api.w.org\/{rel}","templated":true}]}}