{"id":17431,"date":"2026-02-11T12:03:06","date_gmt":"2026-02-11T11:03:06","guid":{"rendered":"https:\/\/rahtek-dz.com\/product\/bd-medical-aiguilles-a-stylos-micro-fine-ultra\/"},"modified":"2026-02-11T12:03:06","modified_gmt":"2026-02-11T11:03:06","slug":"bd-medical-aiguilles-a-stylos-micro-fine-ultra","status":"publish","type":"product","link":"https:\/\/rahtek-dz.com\/ar\/product\/bd-medical-aiguilles-a-stylos-micro-fine-ultra\/","title":{"rendered":"BD Medical Aiguilles \u00e0 Stylos Micro-Fine Ultra"},"content":{"rendered":"<p>Les Aiguilles BD Microfine sont compatibles avec presque tous les stylos destin\u00e9s \u00e0 injecter de l&rsquo;insuline chez le patient diab\u00e9tique. Plusieurs dimensions disponibles. Mode d&rsquo;action de BD Medical Aiguilles \u00e0 Stylos Micro-Fine Ultra Ces aiguilles microfines sont indiqu\u00e9es chez le patient diab\u00e9tique pour les stylos d&rsquo;injection d&rsquo;insuline , en cas d&rsquo; hyperglyc\u00e9mie ou de piq\u00fbre routini\u00e8re. Parmi les plus courtes du march\u00e9, ces aiguilles ne procurent quasiment pas de douleur. Elles sont destin\u00e9es aux personnes dont la masse abdominale n&rsquo;est pas trop importante. Les aiguilles \u00e0 stylos Micro-Fine Ultra poss\u00e8dent une paroi affin\u00e9e pour conserver un diam\u00e8tre ext\u00e9rieur d\u00e9fini par la norme NF\/ISO 9626, tout en \u00e9largissant le diam\u00e8tre int\u00e9rieur, afin d&rsquo;offrir un d\u00e9bit plus fluide et de r\u00e9duire les forces exerc\u00e9es sur le piston. Ainsi, l&rsquo;injection est plus simple, plus rapide et moins stressante. La technologie Pentapoint de ces aiguilles au niveau de la pointe se dessine selon 5 biseaux, au lieu de 3 habituellement. Cela leur permet de p\u00e9n\u00e9trer plus facilement dans la peau et de g\u00e9n\u00e9rer moins de douleur et moins de l\u00e9sions . Pour utiliser ces aiguilles, il vous suffit de les visser directement sur l&#8217;embout du stylo, et de les d\u00e9visser pour les retirer. \u00c0 usage unique, elles doivent \u00eatre jet\u00e9es dans un collecteur d&rsquo;aiguilles DASRI juste apr\u00e8s l&rsquo;injection pour \u00e9viter tout risque de contamination. St\u00e9riles, elles peuvent \u00eatre utilis\u00e9es directement, d\u00e8s l&rsquo;ouverture du sachet. Conditionnement : bo\u00eete de 100 aiguilles \u00e0 stylos. Dimensions au choix. Avis du \t\t\t\t\t\t\t                                                                                pharmacien \t\t\t\t\t\t\t                                                                                sur BD Medical Aiguilles \u00e0 Stylos Micro-Fine Ultra Les Aiguilles \u00e0 Stylos Micro-Fine Ultra de BD Medical sont le choix id\u00e9al pour les personnes atteintes de diab\u00e8te qui cherchent \u00e0 g\u00e9rer leur sant\u00e9 de mani\u00e8re efficace et en toute s\u00e9curit\u00e9. Con\u00e7ues pour \u00eatre utilis\u00e9es avec des stylos \u00e0 insuline, ces aiguilles ultra-fines offrent une injection pr\u00e9cise de l&rsquo;insuline, avec une douleur minimale.  Chaque aiguille est dot\u00e9e d&rsquo;une pointe ultra fine qui permet une p\u00e9n\u00e9tration de la peau en douceur. Cela r\u00e9duit consid\u00e9rablement la douleur associ\u00e9e \u00e0 l&rsquo;injection d&rsquo;insuline et vous permet de vous concentrer sur votre sant\u00e9 plut\u00f4t que sur la douleur. Les Aiguilles \u00e0 Stylos Micro-Fine Ultra de BD Medical ont \u00e9t\u00e9 \u00e9labor\u00e9es pour \u00eatre facilement utilis\u00e9es et sont fabriqu\u00e9es avec des mat\u00e9riaux de haute qualit\u00e9, pour garantir un usage hygi\u00e9nique et s\u00fbr .  En utilisant les Aiguilles \u00e0 Stylos Micro-Fine Ultra de BD Medical, vous pouvez \u00eatre assur\u00e9 de b\u00e9n\u00e9ficier d&rsquo;une injection pr\u00e9cise de l&rsquo;insuline, ce qui est essentiel pour une bonne gestion de votre diab\u00e8te, et avec une douleur minimale. Marque BD Medical R\u00e9f\u00e9rence(s) 0382903205622, 0382903251070, 0382903251087 Ancienne(s) d\u00e9signation(s) produit 3401021104482, 34010211044826113231, 3401021104543, 3401321104311, 382903205622 Mis \u00e0 jour le : 13\/01\/2026<\/p>","protected":false},"excerpt":{"rendered":"<p>Les Aiguilles BD Microfine sont compatibles avec presque tous les stylos destin\u00e9s \u00e0 injecter de l&rsquo;insuline chez le patient diab\u00e9tique.<\/p>","protected":false},"featured_media":17430,"comment_status":"open","ping_status":"closed","template":"","meta":{"_acf_changed":false},"product_brand":[],"product_cat":[275],"product_tag":[],"class_list":{"0":"post-17431","1":"product","2":"type-product","3":"status-publish","4":"has-post-thumbnail","6":"product_cat-aide-technique","8":"first","9":"instock","10":"shipping-taxable","11":"product-type-simple"},"acf":[],"df_price":"","df_sale_price":"","df_regular_price":"","df_image_link":"https:\/\/rahtek-dz.com\/wp-content\/uploads\/2026\/02\/w-501-h-501-zc-2-bd-medical-aiguilles-a-stylos-micro-fine-ultra-bd-medical14-1761828088.png-300x300.webp","_links":{"self":[{"href":"https:\/\/rahtek-dz.com\/ar\/wp-json\/wp\/v2\/product\/17431","targetHints":{"allow":["GET"]}}],"collection":[{"href":"https:\/\/rahtek-dz.com\/ar\/wp-json\/wp\/v2\/product"}],"about":[{"href":"https:\/\/rahtek-dz.com\/ar\/wp-json\/wp\/v2\/types\/product"}],"replies":[{"embeddable":true,"href":"https:\/\/rahtek-dz.com\/ar\/wp-json\/wp\/v2\/comments?post=17431"}],"wp:featuredmedia":[{"embeddable":true,"href":"https:\/\/rahtek-dz.com\/ar\/wp-json\/wp\/v2\/media\/17430"}],"wp:attachment":[{"href":"https:\/\/rahtek-dz.com\/ar\/wp-json\/wp\/v2\/media?parent=17431"}],"wp:term":[{"taxonomy":"product_brand","embeddable":true,"href":"https:\/\/rahtek-dz.com\/ar\/wp-json\/wp\/v2\/product_brand?post=17431"},{"taxonomy":"product_cat","embeddable":true,"href":"https:\/\/rahtek-dz.com\/ar\/wp-json\/wp\/v2\/product_cat?post=17431"},{"taxonomy":"product_tag","embeddable":true,"href":"https:\/\/rahtek-dz.com\/ar\/wp-json\/wp\/v2\/product_tag?post=17431"}],"curies":[{"name":"wp","href":"https:\/\/api.w.org\/{rel}","templated":true}]}}