{"id":17457,"date":"2026-02-11T12:03:08","date_gmt":"2026-02-11T11:03:08","guid":{"rendered":"https:\/\/rahtek-dz.com\/product\/joleti-masque-3-plis\/"},"modified":"2026-02-11T12:03:08","modified_gmt":"2026-02-11T11:03:08","slug":"joleti-masque-3-plis","status":"publish","type":"product","link":"https:\/\/rahtek-dz.com\/ar\/product\/joleti-masque-3-plis\/","title":{"rendered":"Joleti Masque 3 Plis"},"content":{"rendered":"<p>Le masque 3 Plis propos\u00e9 par\u00a0Joleti est un masque de type IIR\u00a0fabriqu\u00e9 \u00e0 partir d&rsquo;un mat\u00e9riau textile non tiss\u00e9 et de\u00a0polypropyl\u00e8ne souffl\u00e9, con\u00e7u pour vous prot\u00e9ger contre les divers agents contaminants pr\u00e9sents dans l&rsquo;air ambiant. Les masques 3 Plis\u00a0Joleti sont des masques de protection \u00e0 usage unique , propos\u00e9s ici en version non tiss\u00e9 et non st\u00e9rile. Faciles \u00e0 mettre en place gr\u00e2ce \u00e0 leurs \u00e9lastiques \u00e0 placer derri\u00e8re les oreilles, ces masques chirurgicaux sont \u00e9galement pourvus d&rsquo;un pince-nez en plastique qui contribue \u00e0 leur bonne tenue en place , tout en limitant le risque de bu\u00e9e sur les lunettes de vue caus\u00e9e par la remont\u00e9e de l&rsquo;air chaud expir\u00e9 dans le masque. Quels sont les int\u00e9r\u00eats des\u00a0masques 3 Plis\u00a0Joleti ? Les masques 3 Plis\u00a0Joleti sont sp\u00e9cifiquement con\u00e7us afin de prot\u00e9ger les muqueuses nasales et buccales de leur porteur contre les risques de contamination par les particules, les microbes, les virus et tout autre agent infectieux pouvant se trouver en suspension dans l\u2019air, mais \u00e9galement contre les \u00e9claboussures, les \u00e9ternuements, et toute autre source potentielle de contamination.\u00a0Notez qu\u2019il est important de remplacer son masque d\u00e8s que celui-ci est mouill\u00e9 , ou apr\u00e8s 4 heures de port continu. Vous pourrez retrouver les\u00a0masques 3 Plis de\u00a0Joleti dans les pr\u00e9sentations suivantes sur notre pharmacie en ligne :\u00a0bo\u00eete contenant 50 masques \u00e0 \u00e9lastiques \u00e0 usage unique. Avis du \t\t\t\t\t\t\t                                                                                pharmacien \t\t\t\t\t\t\t                                                                                sur Joleti Masque 3 Plis Pour bien utiliser le masque Joleti\u00a0: Passez les boucles \u00e9lastiqu\u00e9es derri\u00e8re les oreilles. Tirez le bas du masque sur votre bouche et votre menton. Moulez ou pincez la barrette nasale \u00e0 la forme de votre nez. Marque Joleti R\u00e9f\u00e9rence(s) 2000090048652 Mis \u00e0 jour le : 22\/12\/2025<\/p>","protected":false},"excerpt":{"rendered":"<p>Le masque 3 Plis propos\u00e9 par\u00a0Joleti est un masque de type IIR\u00a0fabriqu\u00e9 \u00e0 partir d&rsquo;un mat\u00e9riau textile non tiss\u00e9 et<\/p>","protected":false},"featured_media":17456,"comment_status":"open","ping_status":"closed","template":"","meta":{"_acf_changed":false},"product_brand":[],"product_cat":[275],"product_tag":[],"class_list":{"0":"post-17457","1":"product","2":"type-product","3":"status-publish","4":"has-post-thumbnail","6":"product_cat-aide-technique","8":"first","9":"instock","10":"shipping-taxable","11":"product-type-simple"},"acf":[],"df_price":"","df_sale_price":"","df_regular_price":"","df_image_link":"https:\/\/rahtek-dz.com\/wp-content\/uploads\/2026\/02\/w-501-h-501-zc-2-joleti-masque-3-plis-joleti1-1766149749.jpg-300x300.webp","_links":{"self":[{"href":"https:\/\/rahtek-dz.com\/ar\/wp-json\/wp\/v2\/product\/17457","targetHints":{"allow":["GET"]}}],"collection":[{"href":"https:\/\/rahtek-dz.com\/ar\/wp-json\/wp\/v2\/product"}],"about":[{"href":"https:\/\/rahtek-dz.com\/ar\/wp-json\/wp\/v2\/types\/product"}],"replies":[{"embeddable":true,"href":"https:\/\/rahtek-dz.com\/ar\/wp-json\/wp\/v2\/comments?post=17457"}],"wp:featuredmedia":[{"embeddable":true,"href":"https:\/\/rahtek-dz.com\/ar\/wp-json\/wp\/v2\/media\/17456"}],"wp:attachment":[{"href":"https:\/\/rahtek-dz.com\/ar\/wp-json\/wp\/v2\/media?parent=17457"}],"wp:term":[{"taxonomy":"product_brand","embeddable":true,"href":"https:\/\/rahtek-dz.com\/ar\/wp-json\/wp\/v2\/product_brand?post=17457"},{"taxonomy":"product_cat","embeddable":true,"href":"https:\/\/rahtek-dz.com\/ar\/wp-json\/wp\/v2\/product_cat?post=17457"},{"taxonomy":"product_tag","embeddable":true,"href":"https:\/\/rahtek-dz.com\/ar\/wp-json\/wp\/v2\/product_tag?post=17457"}],"curies":[{"name":"wp","href":"https:\/\/api.w.org\/{rel}","templated":true}]}}