{"id":17459,"date":"2026-02-11T12:03:08","date_gmt":"2026-02-11T11:03:08","guid":{"rendered":"https:\/\/rahtek-dz.com\/product\/helicidine\/"},"modified":"2026-02-11T12:03:09","modified_gmt":"2026-02-11T11:03:09","slug":"helicidine","status":"publish","type":"product","link":"https:\/\/rahtek-dz.com\/ar\/product\/helicidine\/","title":{"rendered":"Helicidine"},"content":{"rendered":"<p>Helicidine est un m\u00e9dicament antitussif indiqu\u00e9 pour apaiser la toux s\u00e8che ou la toux d&rsquo;irritation chez l&rsquo;adulte et l&rsquo;enfant de plus de 2 ans. Mode d&rsquo;action du m\u00e9dicament Helicidine Pr\u00e9conis\u00e9 pour l&rsquo;adulte et l&rsquo;enfant de plus de 2 ans, le sirop Helicidine est \u00e9dulcor\u00e9 au maltitol liquide et \u00e0 la saccharine sodique. Il est r\u00e9serv\u00e9 \u00e0 une utilisation par voie orale. H\u00e9licidine\u00a0est un sirop sans sucre antitussif indiqu\u00e9 dans le traitement des toux g\u00eanantes, non productives, et convenant pour les cas de toux s\u00e8che et de toux d&rsquo;irritation . Sa substance active est l&rsquo;h\u00e9licidine, dos\u00e9e \u00e0 10% dans le sirop. Comment prendre le sirop sans sucre H\u00e9licidine\u00a0? L&rsquo;utilisation du sirop H\u00e9licidine est recommand\u00e9e pour le traitement symptomatique des toux non productives et g\u00eanantes. Le dosage du sirop H\u00e9licidine doit se faire selon le poids du patient atteint de la toux \u00e0 traiter : Chez l&rsquo;adulte, prenez 2\u00a0cuill\u00e8res \u00e0 soupe de sirop H\u00e9licidine 3\u00a0fois par jour. Chez les enfants, le dosage est de 2\u00a0ml\/kg\/jour r\u00e9partis en 3\u00a0prises, soit\u00a0: Enfant de 25 \u00e0 50\u00a0kg (environ 8 \u00e0 15\u00a0ans)\u00a0: 3 \u00e0 5\u00a0cuill\u00e8res \u00e0 soupe de sirop H\u00e9licidine par jour ; Enfant de 15 \u00e0 25\u00a0kg (environ 4 \u00e0 8\u00a0ans)\u00a0: 1\u00a0cuill\u00e8re \u00e0 soupe 3\u00a0fois par jour ; Enfant de 12 \u00e0 15\u00a0kg (environ 30\u00a0mois \u00e0 4\u00a0ans)\u00a0: 2\u00a0cuill\u00e8res \u00e0 caf\u00e9 de sirop pour la toux H\u00e9licidine 3\u00a0fois par jour. Le traitement des sympt\u00f4mes de la toux avec le sirop sans sucre H\u00e9licidine doit rester court (pas plus de quelques jours), et \u00eatre limit\u00e9 aux p\u00e9riodes o\u00f9 survient la toux. La pr\u00e9sentation\u00a0disponible\u00a0sur votre\u00a0Pharmacie en ligne des Drakkars pour le sirop sans sucre H\u00e9licidine 10% : flacon de 250\u00a0ml. M\u00e9dicament H\u00e9licidine sans sucre pour la toux : pr\u00e9cautions d&#8217;emploi Ce m\u00e9dicament ne doit pas \u00eatre utilis\u00e9\u00a0: si vous avez un ant\u00e9c\u00e9dent\u00a0d&rsquo;allergie\u00a0alimentaire aux escargots ; une allergie\u00a0aux parabens ; chez l&rsquo;enfant de moins de 2 ans. Si vous pr\u00e9sentez une toux s\u00e8che ou d&rsquo;irritation durant votre grossesse ou l&rsquo;allaitement, demandez conseil \u00e0 votre m\u00e9decin avant de prendre H\u00e9licidine\u00a0sans sucre. Comme tout m\u00e9dicament, H\u00e9licidine peut induire des effets ind\u00e9sirables non syst\u00e9matiques comme\u00a0une r\u00e9action allergique\u00a0(urticaire, d\u00e9mangeaisons,\u00a0\u00e9ruption cutan\u00e9e, \u0153d\u00e8me de\u00a0Quincke,\u00a0choc\u00a0anaphylactique). Avis du \t\t\t\t\t\t\t                                                                                pharmacien \t\t\t\t\t\t\t                                                                                sur Helicidine Ce sirop n&rsquo;est pas adapt\u00e9 au traitement de la toux grasse , qui est un m\u00e9canisme de d\u00e9fense normal de l&rsquo;organisme permettant l&rsquo;\u00e9vacuation des mucosit\u00e9s pr\u00e9sentes dans les bronches.  La toux est un\u00a0sympt\u00f4me\u00a0qui peut r\u00e9v\u00e9ler de nombreuses maladies : consultez votre m\u00e9decin ou votre pharmacien si elle persiste plus de quelques jours.  Des mesures simples permettent de calmer les toux s\u00e8ches telles que la consommation de boissons chaudes et l&rsquo;humidification de l&rsquo;air ambiant.  La fum\u00e9e de cigarette est irritante pour les bronches et entretient la toux, il convient d&rsquo;\u00e9viter de fumer ou d&rsquo;\u00eatre expos\u00e9 \u00e0 la fum\u00e9e des autres.  Retrouvez tous les m\u00e9dicaments pour la toux et les maux de gorge sans ordonnance sur la pharmacie des Drakkars, notamment le sirop Toplexil . Guides \t\t\t\t\t\t                                                                                      de Helicidine Sant\u00e9 Conseils et rem\u00e8des pour arr\u00eater de tousser rapidement Vous en avez assez de tousser et souhaitez trouver comment stopper cette g\u00eane rapidement ? Qu&rsquo;elle soit s\u00e8che ou grasse, la toux peut &#8230; Marque Therabel R\u00e9f\u00e9rence(s) 3400922385624 Aromatisant vanilline &#8211; acide lactique &#8211; framboise &#8211; ionone &#8211; framboise ar\u00f4me Excipient eau purifi\u00e9e &#8211; framboise &#8211; gomme xanthane &#8211; ionone &#8211; potassium sorbate &#8211; saccharine sodique &#8211; vanilline &#8211; acide lactique &#8211; framboise ar\u00f4me Excipient \u00e0 effet notoire p-hydroxybenzoate de m\u00e9thyle &#8211; maltitol liquide Mol\u00e9cules vanilline &#8211; gomme xanthane &#8211; framboise &#8211; eau purifi\u00e9e &#8211; ionone &#8211; maltitol liquide &#8211; acide lactique &#8211; p-hydroxybenzoate de m\u00e9thyle &#8211; potassium sorbate &#8211; saccharine sodique &#8211; framboise ar\u00f4me &#8211; h\u00e9licidine (0.1 ml) Forme gal\u00e9nique sirop Indications Toux Substance Active h\u00e9licidine Mis \u00e0 jour le : 04\/11\/2025<\/p>","protected":false},"excerpt":{"rendered":"<p>Helicidine est un m\u00e9dicament antitussif indiqu\u00e9 pour apaiser la toux s\u00e8che ou la toux d&rsquo;irritation chez l&rsquo;adulte et l&rsquo;enfant de<\/p>","protected":false},"featured_media":17458,"comment_status":"open","ping_status":"closed","template":"","meta":{"_acf_changed":false},"product_brand":[],"product_cat":[275],"product_tag":[],"class_list":{"0":"post-17459","1":"product","2":"type-product","3":"status-publish","4":"has-post-thumbnail","6":"product_cat-aide-technique","8":"first","9":"instock","10":"shipping-taxable","11":"product-type-simple"},"acf":[],"df_price":"","df_sale_price":"","df_regular_price":"","df_image_link":"https:\/\/rahtek-dz.com\/wp-content\/uploads\/2026\/02\/w-501-h-501-zc-2-helicidine-therabel4-1710941976.jpg-300x300.webp","_links":{"self":[{"href":"https:\/\/rahtek-dz.com\/ar\/wp-json\/wp\/v2\/product\/17459","targetHints":{"allow":["GET"]}}],"collection":[{"href":"https:\/\/rahtek-dz.com\/ar\/wp-json\/wp\/v2\/product"}],"about":[{"href":"https:\/\/rahtek-dz.com\/ar\/wp-json\/wp\/v2\/types\/product"}],"replies":[{"embeddable":true,"href":"https:\/\/rahtek-dz.com\/ar\/wp-json\/wp\/v2\/comments?post=17459"}],"wp:featuredmedia":[{"embeddable":true,"href":"https:\/\/rahtek-dz.com\/ar\/wp-json\/wp\/v2\/media\/17458"}],"wp:attachment":[{"href":"https:\/\/rahtek-dz.com\/ar\/wp-json\/wp\/v2\/media?parent=17459"}],"wp:term":[{"taxonomy":"product_brand","embeddable":true,"href":"https:\/\/rahtek-dz.com\/ar\/wp-json\/wp\/v2\/product_brand?post=17459"},{"taxonomy":"product_cat","embeddable":true,"href":"https:\/\/rahtek-dz.com\/ar\/wp-json\/wp\/v2\/product_cat?post=17459"},{"taxonomy":"product_tag","embeddable":true,"href":"https:\/\/rahtek-dz.com\/ar\/wp-json\/wp\/v2\/product_tag?post=17459"}],"curies":[{"name":"wp","href":"https:\/\/api.w.org\/{rel}","templated":true}]}}