{"id":17461,"date":"2026-02-11T12:03:09","date_gmt":"2026-02-11T11:03:09","guid":{"rendered":"https:\/\/rahtek-dz.com\/product\/naturactive-pastilles-respiratoires\/"},"modified":"2026-02-11T12:03:09","modified_gmt":"2026-02-11T11:03:09","slug":"naturactive-pastilles-respiratoires","status":"publish","type":"product","link":"https:\/\/rahtek-dz.com\/ar\/product\/naturactive-pastilles-respiratoires\/","title":{"rendered":"Naturactive Pastilles Respiratoires"},"content":{"rendered":"<p>Les pastilles respiratoires Naturactive sont un compl\u00e9ment alimentaire \u00e0 base d&rsquo;extrait de Lichen d&rsquo;Islande et d&rsquo;huile essentielle de pin sylvestre pour contribuer \u00e0 faciliter la respiration . Ce compl\u00e9ment alimentaire sans sucre avec \u00e9dulcorants se pr\u00e9sente sous la forme de pastilles \u00e0 sucer. Caract\u00e9ristiques des pastilles respiratoires Naturactive Les pastilles respiratoires Naturactive contiennent un extrait sec de Lichen d&rsquo;Islande connu pour son effet sur la sph\u00e8re respiratoire associ\u00e9 \u00e0 une huile essentielle de pin sylvestre. Elles favorisent une respiration ais\u00e9e . Ce compl\u00e9ment alimentaire contient 37,5 mg d&rsquo;extrait concentr\u00e9 de Lichen par pastille. Le Lichen d&rsquo;Islande et le pin sylvestre contenus dans les pastilles respiratoires Naturactive ont \u00e9t\u00e9 collect\u00e9s en Europe. Pr\u00e9sentation disponible sur notre pharmacie en ligne pour les pastilles respiratoires Naturactive : bo\u00eete de 24 pastilles \u00e0 sucer. Avis du \t\t\t\t\t\t\t                                                                                pharmacien \t\t\t\t\t\t\t                                                                                sur Naturactive Pastilles Respiratoires Pour les adultes, il est indiqu\u00e9 de prendre 6 \u00e0 8 pastilles \u00e0 sucer par jour d\u00e8s les premiers coups de froid ou en cas d&rsquo;affection hivernale.  Pr\u00e9cautions d&#8217;emploi : D\u00e9conseill\u00e9 aux femmes enceintes ou qui allaitent et aux enfants de moins de 6 ans. Utilisation possible pour les diab\u00e9tiques. Ne pas d\u00e9passer la dose journali\u00e8re recommand\u00e9e. Tenir hors de la port\u00e9e des enfants. Demandez conseil \u00e0 votre pharmacien. Ce compl\u00e9ment alimentaire doit \u00eatre utilis\u00e9 dans le cadre d&rsquo;une alimentation vari\u00e9e et \u00e9quilibr\u00e9e et d&rsquo;un mode de vie sain. Marque Naturactive R\u00e9f\u00e9rence(s) 3401560139402 Mis \u00e0 jour le : 06\/02\/2026<\/p>","protected":false},"excerpt":{"rendered":"<p>Les pastilles respiratoires Naturactive sont un compl\u00e9ment alimentaire \u00e0 base d&rsquo;extrait de Lichen d&rsquo;Islande et d&rsquo;huile essentielle de pin sylvestre<\/p>","protected":false},"featured_media":17460,"comment_status":"open","ping_status":"closed","template":"","meta":{"_acf_changed":false},"product_brand":[],"product_cat":[275],"product_tag":[],"class_list":{"0":"post-17461","1":"product","2":"type-product","3":"status-publish","4":"has-post-thumbnail","6":"product_cat-aide-technique","8":"first","9":"instock","10":"shipping-taxable","11":"product-type-simple"},"acf":[],"df_price":"","df_sale_price":"","df_regular_price":"","df_image_link":"https:\/\/rahtek-dz.com\/wp-content\/uploads\/2026\/02\/w-501-h-501-zc-2-naturactive-pastilles-respiratoires-naturactive1-1770222614.jpg-300x300.webp","_links":{"self":[{"href":"https:\/\/rahtek-dz.com\/ar\/wp-json\/wp\/v2\/product\/17461","targetHints":{"allow":["GET"]}}],"collection":[{"href":"https:\/\/rahtek-dz.com\/ar\/wp-json\/wp\/v2\/product"}],"about":[{"href":"https:\/\/rahtek-dz.com\/ar\/wp-json\/wp\/v2\/types\/product"}],"replies":[{"embeddable":true,"href":"https:\/\/rahtek-dz.com\/ar\/wp-json\/wp\/v2\/comments?post=17461"}],"wp:featuredmedia":[{"embeddable":true,"href":"https:\/\/rahtek-dz.com\/ar\/wp-json\/wp\/v2\/media\/17460"}],"wp:attachment":[{"href":"https:\/\/rahtek-dz.com\/ar\/wp-json\/wp\/v2\/media?parent=17461"}],"wp:term":[{"taxonomy":"product_brand","embeddable":true,"href":"https:\/\/rahtek-dz.com\/ar\/wp-json\/wp\/v2\/product_brand?post=17461"},{"taxonomy":"product_cat","embeddable":true,"href":"https:\/\/rahtek-dz.com\/ar\/wp-json\/wp\/v2\/product_cat?post=17461"},{"taxonomy":"product_tag","embeddable":true,"href":"https:\/\/rahtek-dz.com\/ar\/wp-json\/wp\/v2\/product_tag?post=17461"}],"curies":[{"name":"wp","href":"https:\/\/api.w.org\/{rel}","templated":true}]}}