{"id":17463,"date":"2026-02-11T12:03:09","date_gmt":"2026-02-11T11:03:09","guid":{"rendered":"https:\/\/rahtek-dz.com\/product\/toco-500-mg\/"},"modified":"2026-02-11T12:03:09","modified_gmt":"2026-02-11T11:03:09","slug":"toco-500-mg","status":"publish","type":"product","link":"https:\/\/rahtek-dz.com\/ar\/product\/toco-500-mg\/","title":{"rendered":"Toco 500 mg"},"content":{"rendered":"<p>Le m\u00e9dicament Toco 500 mg 30 Capsules contient vitamine E , une substance protectrice de la membrane des cellules. Il est utilis\u00e9 pour traiter les carences en vitamine E . Toco 500 mg : INFORMATIONS ET INDICATIONS La substance active du m\u00e9dicament Toco 500 mg est l&rsquo; ac\u00e9tate d&rsquo;alpha-tocoph\u00e9rol , dos\u00e9 \u00e0 500 mg pour 1 capsule molle. Conditionnement propos\u00e9 sur votre pharmacie en ligne : Toco 500 mg, capsule molle (de couleur verte), en bo\u00eete de 30, sous plaquettes thermoform\u00e9es. POSOLOGIE ET PR\u00c9CAUTIONS D\u2019EMPLOI Prendre une capsule de Toco 500 mg par jour, le matin pendant le petit d\u00e9jeuner. Avaler la capsule en entier sans l&rsquo;ouvrir, \u00e0 l&rsquo;aide d&rsquo;un verre d&rsquo;eau. Bien respecter la dose prescrite par votre m\u00e9decin (g\u00e9n\u00e9ralement 1 capsule de Toco 500 mg par jour). CONTRE-INDICATIONS Il vaut mieux ne pas recourir \u00e0 ce m\u00e9dicament pendant la grossesse ou durant l\u2019allaitement. Si vous apprenez que vous \u00eates enceinte en cours de traitement, consultez votre m\u00e9decin. EFFETS IND\u00c9SIRABLES POSSIBLES Comme tous les m\u00e9dicaments, Toco 500 est susceptible d\u2019induire des effets secondaires ind\u00e9sirables, bien que tout le monde n\u2019y soit pas sujet. Si vous ressentez un quelconque effet ind\u00e9sirable, parlez-en \u00e0 votre m\u00e9decin ou votre pharmacien. Avis du \t\t\t\t\t\t\t                                                                                pharmacien \t\t\t\t\t\t\t                                                                                sur Toco 500 mg Une alimentation \u00e9quilibr\u00e9e et diversifi\u00e9e apporte habituellement des quantit\u00e9s suffisantes de vitamine E, pr\u00e9sente essentiellement dans les corps gras (huiles v\u00e9g\u00e9tales, fruits \u00e0 coque, certains fruits et l\u00e9gumes, poissons gras, \u0153ufs). Marque Ethyx Pharmaceuticals R\u00e9f\u00e9rence(s) 3400932645503 Forme gal\u00e9nique capsule molle Excipient \u00e0 effet notoire p-hydroxybenzoate d&rsquo;\u00e9thyle sodique &#8211; p-hydroxybenzoate de propyle sodique Excipient glyc\u00e9rol &#8211; g\u00e9latine &#8211; chlorophylline cuprosodique Substance Active alpha-tocoph\u00e9rol ac\u00e9tate Mol\u00e9cules p-hydroxybenzoate de propyle sodique &#8211; p-hydroxybenzoate d&rsquo;\u00e9thyle sodique &#8211; glyc\u00e9rol &#8211; g\u00e9latine &#8211; chlorophylline cuprosodique &#8211; alpha-tocoph\u00e9rol ac\u00e9tate (500.0 mg) Indications D\u00e9nutrition et carence &#8211; Carence vitaminique A ou E Mis \u00e0 jour le : 09\/04\/2025<\/p>","protected":false},"excerpt":{"rendered":"<p>Le m\u00e9dicament Toco 500 mg 30 Capsules contient vitamine E , une substance protectrice de la membrane des cellules. Il<\/p>","protected":false},"featured_media":17462,"comment_status":"open","ping_status":"closed","template":"","meta":{"_acf_changed":false},"product_brand":[],"product_cat":[275],"product_tag":[],"class_list":{"0":"post-17463","1":"product","2":"type-product","3":"status-publish","4":"has-post-thumbnail","6":"product_cat-aide-technique","8":"first","9":"instock","10":"shipping-taxable","11":"product-type-simple"},"acf":[],"df_price":"","df_sale_price":"","df_regular_price":"","df_image_link":"https:\/\/rahtek-dz.com\/wp-content\/uploads\/2026\/02\/w-501-h-501-zc-2-toco-500-mg-ethyx-pharmaceuticals4-1744710626.jpg-300x300.webp","_links":{"self":[{"href":"https:\/\/rahtek-dz.com\/ar\/wp-json\/wp\/v2\/product\/17463","targetHints":{"allow":["GET"]}}],"collection":[{"href":"https:\/\/rahtek-dz.com\/ar\/wp-json\/wp\/v2\/product"}],"about":[{"href":"https:\/\/rahtek-dz.com\/ar\/wp-json\/wp\/v2\/types\/product"}],"replies":[{"embeddable":true,"href":"https:\/\/rahtek-dz.com\/ar\/wp-json\/wp\/v2\/comments?post=17463"}],"wp:featuredmedia":[{"embeddable":true,"href":"https:\/\/rahtek-dz.com\/ar\/wp-json\/wp\/v2\/media\/17462"}],"wp:attachment":[{"href":"https:\/\/rahtek-dz.com\/ar\/wp-json\/wp\/v2\/media?parent=17463"}],"wp:term":[{"taxonomy":"product_brand","embeddable":true,"href":"https:\/\/rahtek-dz.com\/ar\/wp-json\/wp\/v2\/product_brand?post=17463"},{"taxonomy":"product_cat","embeddable":true,"href":"https:\/\/rahtek-dz.com\/ar\/wp-json\/wp\/v2\/product_cat?post=17463"},{"taxonomy":"product_tag","embeddable":true,"href":"https:\/\/rahtek-dz.com\/ar\/wp-json\/wp\/v2\/product_tag?post=17463"}],"curies":[{"name":"wp","href":"https:\/\/api.w.org\/{rel}","templated":true}]}}